{"id":4998,"date":"2025-06-08T13:38:11","date_gmt":"2025-06-08T13:38:11","guid":{"rendered":"https:\/\/altaroda.es\/product\/safari-6-20-gun-met-mirror-face-2\/"},"modified":"2025-06-08T13:38:16","modified_gmt":"2025-06-08T13:38:16","slug":"safari-6-20-gun-met-mirror-face-2","status":"publish","type":"product","link":"https:\/\/altaroda.es\/en\/product\/safari-6-20-gun-met-mirror-face-2\/","title":{"rendered":"SAFARI 6 20 GUN MET-MIRROR FACE"},"content":{"rendered":"<p>8,5J20 SAFA6\/ZN3 ET30 6X114 66,1 QMPARA RODAS HOMOLOGADAS VERIFIQUE OS DOCUMENTOS TUVCertifica\u00e7\u00f5es: AF8520 ZN3-66,1-A01Notas:<br \/>\n                     &#8211; Pre\u00e7o unit\u00e1rio;<br \/>\n                     &#8211; IVA \u00e0 taxa em vigor inclu\u00eddo no pre\u00e7o;<br \/>\n                     &#8211; Limitado ao stock existente;<br \/>\n                     &#8211; Disponibilidade e pre\u00e7o carece de re-confirma\u00e7\u00e3o.<\/p>","protected":false},"excerpt":{"rendered":"<p>8,5J20 SAFA6\/ZN3 ET30 6X114 66,1 QMPARA RODAS HOMOLOGADAS VERIFIQUE OS DOCUMENTOS TUVCertifica\u00e7\u00f5es: AF8520 ZN3-66,1-A01Notas:<br \/>\n                     &#8211; Pre\u00e7o unit\u00e1rio;<br \/>\n                     &#8211; IVA \u00e0 taxa em vigor inclu\u00eddo no pre\u00e7o;<br \/>\n                     &#8211; Limitado ao stock existente;<br \/>\n                     &#8211; Disponibilidade e pre\u00e7o carece de re-confirma\u00e7\u00e3o.<\/p>","protected":false},"featured_media":5000,"comment_status":"closed","ping_status":"open","template":"","meta":{"_acf_changed":false},"product_brand":[],"product_cat":[3273,3264,3255,3246,3269,3260,3251,3274,3265,3256,3247,3270,3261,3252,3275,3266,3257,3248,3271,3262,3253,3276,3267,3258,3249,3272,3263,3254,3277,3268,3259,3250,3287,3278,3283,3279,3284,3280,3285,3281,3286,3282,2015,635,3238,3239,3240,3241,3242,3243,3244,3245],"product_tag":[],"class_list":{"0":"post-4998","1":"product","2":"type-product","3":"status-publish","4":"has-post-thumbnail","6":"product_cat-10-2017-nissan-navara-n1-4","7":"product_cat-10-2017-nissan-navara-m1-3","8":"product_cat-10-2017-mercedes-x-klasse-n1-2","9":"product_cat-10-2017","10":"product_cat-10-2017-renault-alaskan-n1-3","11":"product_cat-10-2017-renault-alaskan-m1-2","12":"product_cat-10-2017-nissan-np300-navara-n1","13":"product_cat-10-2017-nissan-np300-navara-m1-4","14":"product_cat-10-2017-nissan-navara-n1-3","15":"product_cat-10-2017-nissan-navara-m1-2","16":"product_cat-10-2017-mercedes-x-klasse-n1","17":"product_cat-10-2017-mercedes-x-klasse-m1-3","18":"product_cat-10-2017-renault-alaskan-n1-2","19":"product_cat-10-2017-renault-alaskan-m1","20":"product_cat-10-2017-nissan-np300-navara-n1-4","21":"product_cat-10-2017-nissan-np300-navara-m1-3","22":"product_cat-10-2017-nissan-navara-n1-2","23":"product_cat-10-2017-nissan-navara-m1","24":"product_cat-10-2017-mercedes-x-klasse-n1-4","25":"product_cat-10-2017-mercedes-x-klasse-m1-2","26":"product_cat-10-2017-renault-alaskan-n1","27":"product_cat-10-2017-renault-alaskan-m1-4","28":"product_cat-10-2017-nissan-np300-navara-n1-3","29":"product_cat-10-2017-nissan-np300-navara-m1-2","30":"product_cat-10-2017-nissan-navara-n1","31":"product_cat-10-2017-nissan-navara-m1-4","32":"product_cat-10-2017-mercedes-x-klasse-n1-3","33":"product_cat-10-2017-mercedes-x-klasse-m1","34":"product_cat-10-2017-renault-alaskan-n1-4","35":"product_cat-10-2017-renault-alaskan-m1-3","36":"product_cat-10-2017-nissan-np300-navara-n1-2","37":"product_cat-10-2017-nissan-np300-navara-m1","38":"product_cat-2005-2014-mercedes-x-klasse-n1-2","39":"product_cat-2005-2014","40":"product_cat-2005-2014-nissan-np300-navara-n1","41":"product_cat-2005-2014-mercedes-x-klasse-n1","42":"product_cat-2005-2014-renault-alaskan-m1","43":"product_cat-2005-2014-nissan-navara-m1","44":"product_cat-2005-2014-renault-alaskan-n1","45":"product_cat-2005-2014-nissan-navara-n1","46":"product_cat-2005-2014-mercedes-x-klasse-m1","47":"product_cat-2005-2014-nissan-np300-navara-m1","48":"product_cat-2014-2019-chrysler-pt-cruiser","49":"product_cat-jantes","50":"product_cat-mercedes-x-klasse-m1","51":"product_cat-mercedes-x-klasse-n1","52":"product_cat-nissan-navara-m1","53":"product_cat-nissan-navara-n1","54":"product_cat-nissan-np300-navara-m1","55":"product_cat-nissan-np300-navara-n1","56":"product_cat-renault-alaskan-m1","57":"product_cat-renault-alaskan-n1","59":"first","60":"instock","61":"purchasable","62":"product-type-simple"},"acf":[],"_links":{"self":[{"href":"https:\/\/altaroda.es\/en\/wp-json\/wp\/v2\/product\/4998","targetHints":{"allow":["GET"]}}],"collection":[{"href":"https:\/\/altaroda.es\/en\/wp-json\/wp\/v2\/product"}],"about":[{"href":"https:\/\/altaroda.es\/en\/wp-json\/wp\/v2\/types\/product"}],"replies":[{"embeddable":true,"href":"https:\/\/altaroda.es\/en\/wp-json\/wp\/v2\/comments?post=4998"}],"version-history":[{"count":1,"href":"https:\/\/altaroda.es\/en\/wp-json\/wp\/v2\/product\/4998\/revisions"}],"predecessor-version":[{"id":4999,"href":"https:\/\/altaroda.es\/en\/wp-json\/wp\/v2\/product\/4998\/revisions\/4999"}],"wp:featuredmedia":[{"embeddable":true,"href":"https:\/\/altaroda.es\/en\/wp-json\/wp\/v2\/media\/5000"}],"wp:attachment":[{"href":"https:\/\/altaroda.es\/en\/wp-json\/wp\/v2\/media?parent=4998"}],"wp:term":[{"taxonomy":"product_brand","embeddable":true,"href":"https:\/\/altaroda.es\/en\/wp-json\/wp\/v2\/product_brand?post=4998"},{"taxonomy":"product_cat","embeddable":true,"href":"https:\/\/altaroda.es\/en\/wp-json\/wp\/v2\/product_cat?post=4998"},{"taxonomy":"product_tag","embeddable":true,"href":"https:\/\/altaroda.es\/en\/wp-json\/wp\/v2\/product_tag?post=4998"}],"curies":[{"name":"wp","href":"https:\/\/api.w.org\/{rel}","templated":true}]}}