{"id":4995,"date":"2025-06-08T13:38:11","date_gmt":"2025-06-08T13:38:11","guid":{"rendered":"https:\/\/altaroda.es\/product\/leipzig-d-20-gun-met-mirror-face-2\/"},"modified":"2025-06-08T13:38:15","modified_gmt":"2025-06-08T13:38:15","slug":"leipzig-d-20-gun-met-mirror-face-2","status":"publish","type":"product","link":"https:\/\/altaroda.es\/en\/product\/leipzig-d-20-gun-met-mirror-face-2\/","title":{"rendered":"LEIPZIG-D 20 GUN MET-MIRROR FACE"},"content":{"rendered":"<p>11J20 LEIP-D\/KY5 E60 5X130 71,6 GMMTR\u00c1S &#8211; INCLUDOS DISCOS DE TRAV\u00c3O DE CER\u00c1MICA &#8211; PARA RODAS HOMOLOGADAS VERIFIQUE OS DOCUMENTOS TUV-NADCertifica\u00e7\u00f5es: LP90-LZ1120 KY5-71,6Notas:<br \/>\n                     &#8211; Pre\u00e7o unit\u00e1rio;<br \/>\n                     &#8211; IVA \u00e0 taxa em vigor inclu\u00eddo no pre\u00e7o;<br \/>\n                     &#8211; Limitado ao stock existente;<br \/>\n                     &#8211; Disponibilidade e pre\u00e7o carece de re-confirma\u00e7\u00e3o.<\/p>","protected":false},"excerpt":{"rendered":"<p>11J20 LEIP-D\/KY5 E60 5X130 71,6 GMMTR\u00c1S &#8211; INCLUDOS DISCOS DE TRAV\u00c3O DE CER\u00c1MICA &#8211; PARA RODAS HOMOLOGADAS VERIFIQUE OS DOCUMENTOS TUV-NADCertifica\u00e7\u00f5es: LP90-LZ1120 KY5-71,6Notas:<br \/>\n                     &#8211; Pre\u00e7o unit\u00e1rio;<br \/>\n                     &#8211; IVA \u00e0 taxa em vigor inclu\u00eddo no pre\u00e7o;<br \/>\n                     &#8211; Limitado ao stock existente;<br \/>\n                     &#8211; Disponibilidade e pre\u00e7o carece de re-confirma\u00e7\u00e3o.<\/p>","protected":false},"featured_media":4997,"comment_status":"closed","ping_status":"open","template":"","meta":{"_acf_changed":false},"product_brand":[],"product_cat":[3236,3237,3234,3235,2021,2022,3230,635,3231,3232,3233],"product_tag":[],"class_list":{"0":"post-4995","1":"product","2":"type-product","3":"status-publish","4":"has-post-thumbnail","6":"product_cat-10-2019-porsche-taycan-y1a-sport-turismo-turbo-turbo-s-gts-4s-staggered","7":"product_cat-10-2019-porsche-taycan-y1a-turbo-turbo-s-4-4s-staggered","8":"product_cat-10-2019-audi-e-tron-gt-rs-e-tron-gt-quattro-staggered-differenziato","9":"product_cat-10-2019-porsche-taycan-y1a-cross-turismo-turbo-turbo-s-4-4s-staggered","10":"product_cat-2014-2019-subaru-impreza","11":"product_cat-2014-2019-subaru-legacy","12":"product_cat-audi-e-tron-gt-rs-e-tron-gt-quattro-staggered-differenziato","13":"product_cat-jantes","14":"product_cat-porsche-taycan-y1a-cross-turismo-turbo-turbo-s-4-4s-staggered","15":"product_cat-porsche-taycan-y1a-sport-turismo-turbo-turbo-s-gts-4s-staggered","16":"product_cat-porsche-taycan-y1a-turbo-turbo-s-4-4s-staggered","18":"first","19":"instock","20":"purchasable","21":"product-type-simple"},"acf":[],"_links":{"self":[{"href":"https:\/\/altaroda.es\/en\/wp-json\/wp\/v2\/product\/4995","targetHints":{"allow":["GET"]}}],"collection":[{"href":"https:\/\/altaroda.es\/en\/wp-json\/wp\/v2\/product"}],"about":[{"href":"https:\/\/altaroda.es\/en\/wp-json\/wp\/v2\/types\/product"}],"replies":[{"embeddable":true,"href":"https:\/\/altaroda.es\/en\/wp-json\/wp\/v2\/comments?post=4995"}],"version-history":[{"count":1,"href":"https:\/\/altaroda.es\/en\/wp-json\/wp\/v2\/product\/4995\/revisions"}],"predecessor-version":[{"id":4996,"href":"https:\/\/altaroda.es\/en\/wp-json\/wp\/v2\/product\/4995\/revisions\/4996"}],"wp:featuredmedia":[{"embeddable":true,"href":"https:\/\/altaroda.es\/en\/wp-json\/wp\/v2\/media\/4997"}],"wp:attachment":[{"href":"https:\/\/altaroda.es\/en\/wp-json\/wp\/v2\/media?parent=4995"}],"wp:term":[{"taxonomy":"product_brand","embeddable":true,"href":"https:\/\/altaroda.es\/en\/wp-json\/wp\/v2\/product_brand?post=4995"},{"taxonomy":"product_cat","embeddable":true,"href":"https:\/\/altaroda.es\/en\/wp-json\/wp\/v2\/product_cat?post=4995"},{"taxonomy":"product_tag","embeddable":true,"href":"https:\/\/altaroda.es\/en\/wp-json\/wp\/v2\/product_tag?post=4995"}],"curies":[{"name":"wp","href":"https:\/\/api.w.org\/{rel}","templated":true}]}}