{"id":4985,"date":"2025-06-08T13:38:11","date_gmt":"2025-06-08T13:38:11","guid":{"rendered":"https:\/\/altaroda.es\/product\/acciaio-16-silver-10\/"},"modified":"2025-06-08T13:38:13","modified_gmt":"2025-06-08T13:38:13","slug":"acciaio-16-silver-10","status":"publish","type":"product","link":"https:\/\/altaroda.es\/en\/product\/acciaio-16-silver-10\/","title":{"rendered":"ACCIAIO 16 SILVER"},"content":{"rendered":"<p>7J16 PS616003\/GG4X ET46 5X108 65 SIPARA RODAS HOMOLOGADAS VERIFIQUE OS DOCUMENTOS ECENotas:<br \/>\n                     &#8211; Pre\u00e7o unit\u00e1rio;<br \/>\n                     &#8211; IVA \u00e0 taxa em vigor inclu\u00eddo no pre\u00e7o;<br \/>\n                     &#8211; Limitado ao stock existente;<br \/>\n                     &#8211; Disponibilidade e pre\u00e7o carece de re-confirma\u00e7\u00e3o.<\/p>","protected":false},"excerpt":{"rendered":"<p>7J16 PS616003\/GG4X ET46 5X108 65 SIPARA RODAS HOMOLOGADAS VERIFIQUE OS DOCUMENTOS ECENotas:<br \/>\n                     &#8211; Pre\u00e7o unit\u00e1rio;<br \/>\n                     &#8211; IVA \u00e0 taxa em vigor inclu\u00eddo no pre\u00e7o;<br \/>\n                     &#8211; Limitado ao stock existente;<br \/>\n                     &#8211; Disponibilidade e pre\u00e7o carece de re-confirma\u00e7\u00e3o.<\/p>","protected":false},"featured_media":0,"comment_status":"closed","ping_status":"open","template":"","meta":{"_acf_changed":false},"product_brand":[],"product_cat":[3186,3160,3177,3157,3168,3154,3151,3182,3173,3164,3178,3169,3162,3183,3159,3174,3156,3165,3153,3150,3179,3170,3184,3175,3166,3161,3180,3158,3171,3155,3152,3185,3149,3176,3167,3181,3172,3163,2016,2022,3135,3136,3137,3138,3139,635,3140,3141,3142,3143,3144,3145,3146,3147,3148],"product_tag":[],"class_list":{"0":"post-4985","1":"product","2":"type-product","3":"status-publish","5":"product_cat-11-2019-toyota-proace-n1-3","6":"product_cat-11-2019-peugeot-traveller-n1","7":"product_cat-11-2019-fiat-scudo-n1-3","8":"product_cat-11-2019-peugeot-expert-m1","9":"product_cat-11-2019-opel-zafira-life-2","10":"product_cat-11-2019-opel-vivaro-c-m1","11":"product_cat-11-2019-fiat-e-ulysse-m1","12":"product_cat-11-2019-peugeot-expert-n1-3","13":"product_cat-11-2019-toyota-proace-m1-2","14":"product_cat-11-2019-fiat-scudo-m1-2","15":"product_cat-11-2019-opel-vivaro-c-m1-3","16":"product_cat-11-2019-peugeot-expert-m1-2","17":"product_cat-11-2019-toyota-proace-n1","18":"product_cat-11-2019-peugeot-traveller-m1-3","19":"product_cat-11-2019-peugeot-traveller-m1","20":"product_cat-11-2019-toyota-proace-n1-2","21":"product_cat-11-2019-opel-zafira-life","22":"product_cat-11-2019-fiat-scudo-n1-2","23":"product_cat-11-2019-fiat-scudo-n1","24":"product_cat-11-2019-citroen-ds-spacetourer-jumpy-n1","25":"product_cat-11-2019-opel-vivaro-c-n1-3","26":"product_cat-11-2019-peugeot-expert-n1-2","27":"product_cat-11-2019-peugeot-traveller-n1-3","28":"product_cat-11-2019-fiat-e-ulysse-m1-3","29":"product_cat-11-2019-opel-vivaro-c-m1-2","30":"product_cat-11-2019-toyota-proace-m1","31":"product_cat-11-2019-opel-zafira-life-3","32":"product_cat-11-2019-peugeot-expert-n1","33":"product_cat-11-2019-peugeot-traveller-m1-2","34":"product_cat-11-2019-opel-vivaro-c-n1","35":"product_cat-11-2019-fiat-scudo-m1","36":"product_cat-11-2019-toyota-proace-m1-3","37":"product_cat-11-2019-citroen-ds-spacetourer-jumpy-m1","38":"product_cat-11-2019-fiat-scudo-m1-3","39":"product_cat-11-2019-opel-vivaro-c-n1-2","40":"product_cat-11-2019-peugeot-expert-m1-3","41":"product_cat-11-2019-peugeot-traveller-n1-2","42":"product_cat-11-2019-fiat-e-ulysse-m1-2","43":"product_cat-2014-2019-chrysler-stratus-cabrio","44":"product_cat-2014-2019-subaru-legacy","45":"product_cat-citroen-ds-spacetourer-jumpy-m1","46":"product_cat-citroen-ds-spacetourer-jumpy-n1","47":"product_cat-fiat-e-ulysse-m1","48":"product_cat-fiat-scudo-m1","49":"product_cat-fiat-scudo-n1","50":"product_cat-jantes","51":"product_cat-opel-vivaro-c-m1","52":"product_cat-opel-vivaro-c-n1","53":"product_cat-opel-zafira-life","54":"product_cat-peugeot-expert-m1","55":"product_cat-peugeot-expert-n1","56":"product_cat-peugeot-traveller-m1","57":"product_cat-peugeot-traveller-n1","58":"product_cat-toyota-proace-m1","59":"product_cat-toyota-proace-n1","61":"first","62":"instock","63":"purchasable","64":"product-type-simple"},"acf":[],"_links":{"self":[{"href":"https:\/\/altaroda.es\/en\/wp-json\/wp\/v2\/product\/4985","targetHints":{"allow":["GET"]}}],"collection":[{"href":"https:\/\/altaroda.es\/en\/wp-json\/wp\/v2\/product"}],"about":[{"href":"https:\/\/altaroda.es\/en\/wp-json\/wp\/v2\/types\/product"}],"replies":[{"embeddable":true,"href":"https:\/\/altaroda.es\/en\/wp-json\/wp\/v2\/comments?post=4985"}],"version-history":[{"count":1,"href":"https:\/\/altaroda.es\/en\/wp-json\/wp\/v2\/product\/4985\/revisions"}],"predecessor-version":[{"id":4986,"href":"https:\/\/altaroda.es\/en\/wp-json\/wp\/v2\/product\/4985\/revisions\/4986"}],"wp:attachment":[{"href":"https:\/\/altaroda.es\/en\/wp-json\/wp\/v2\/media?parent=4985"}],"wp:term":[{"taxonomy":"product_brand","embeddable":true,"href":"https:\/\/altaroda.es\/en\/wp-json\/wp\/v2\/product_brand?post=4985"},{"taxonomy":"product_cat","embeddable":true,"href":"https:\/\/altaroda.es\/en\/wp-json\/wp\/v2\/product_cat?post=4985"},{"taxonomy":"product_tag","embeddable":true,"href":"https:\/\/altaroda.es\/en\/wp-json\/wp\/v2\/product_tag?post=4985"}],"curies":[{"name":"wp","href":"https:\/\/api.w.org\/{rel}","templated":true}]}}