{"id":4979,"date":"2025-06-08T13:38:11","date_gmt":"2025-06-08T13:38:11","guid":{"rendered":"https:\/\/altaroda.es\/product\/zenith-15-gloss-black-5\/"},"modified":"2025-06-08T13:38:11","modified_gmt":"2025-06-08T13:38:11","slug":"zenith-15-gloss-black-5","status":"publish","type":"product","link":"https:\/\/altaroda.es\/en\/product\/zenith-15-gloss-black-5\/","title":{"rendered":"ZENITH 15 GLOSS BLACK"},"content":{"rendered":"<p>6,5J15 ZEN\/GH2X ET40 5X108 60,1 GLBPARA RODAS HOMOLOGADAS VERIFIQUE OS DOCUMENTOS TUVCertifica\u00e7\u00f5es: ZH6550 GH2X-60,1-A39Notas:<br \/>\n                     &#8211; Pre\u00e7o unit\u00e1rio;<br \/>\n                     &#8211; IVA \u00e0 taxa em vigor inclu\u00eddo no pre\u00e7o;<br \/>\n                     &#8211; Limitado ao stock existente;<br \/>\n                     &#8211; Disponibilidade e pre\u00e7o carece de re-confirma\u00e7\u00e3o.<\/p>","protected":false},"excerpt":{"rendered":"<p>6,5J15 ZEN\/GH2X ET40 5X108 60,1 GLBPARA RODAS HOMOLOGADAS VERIFIQUE OS DOCUMENTOS TUVCertifica\u00e7\u00f5es: ZH6550 GH2X-60,1-A39Notas:<br \/>\n                     &#8211; Pre\u00e7o unit\u00e1rio;<br \/>\n                     &#8211; IVA \u00e0 taxa em vigor inclu\u00eddo no pre\u00e7o;<br \/>\n                     &#8211; Limitado ao stock existente;<br \/>\n                     &#8211; Disponibilidade e pre\u00e7o carece de re-confirma\u00e7\u00e3o.<\/p>","protected":false},"featured_media":4981,"comment_status":"closed","ping_status":"open","template":"","meta":{"_acf_changed":false},"product_brand":[],"product_cat":[3044,3059,3051,3055,3049,3060,3047,3056,3045,3061,3052,3043,3057,3050,3062,3053,3048,3058,3046,3054,3068,3066,3064,3071,3069,3067,3065,3072,3063,3070,3082,3073,3078,3074,3079,3075,3080,3076,3081,3077,3114,3087,3105,3096,3119,3110,3085,3101,3092,3115,3106,3083,3097,3120,3090,3111,3102,3093,3116,3088,3107,3098,3121,3112,3086,3103,3094,3117,3108,3084,3099,3122,3091,3113,3104,3095,3118,3089,3109,3100,2020,635,3033,3034,3035,3036,3037,3038,3039,3040,3041,3042],"product_tag":[],"class_list":{"0":"post-4979","1":"product","2":"type-product","3":"status-publish","4":"has-post-thumbnail","6":"product_cat-12-2012-2020-mercedes-citan-n1-5-fori","7":"product_cat-12-2012-2020-renault-kangoo-express-n1-2","8":"product_cat-12-2012-2020-renault-kangoo-ii-n1","9":"product_cat-12-2012-2020-nissan-nv250-m1-2","10":"product_cat-12-2012-2020-renault-kangoo-express-n1","11":"product_cat-12-2012-2020-renault-kangoo-ii-m1-2","12":"product_cat-12-2012-2020-renault-espace","13":"product_cat-12-2012-2020-nissan-nv250-n1-2","14":"product_cat-12-2012-2020-nissan-nv250-m1","15":"product_cat-12-2012-2020-renault-kangoo-ii-n1-2","16":"product_cat-12-2012-2020-renault-laguna-ii","17":"product_cat-12-2012-2020","18":"product_cat-12-2012-2020-renault-espace-2","19":"product_cat-12-2012-2020-renault-kangoo-ii-m1","20":"product_cat-12-2012-2020-renault-laguna-ii-2","21":"product_cat-12-2012-2020-mercedes-citan-m1-5-fori","22":"product_cat-12-2012-2020-renault-kangoo-express-m1","23":"product_cat-12-2012-2020-renault-kangoo-express-m1-2","24":"product_cat-12-2012-2020-nissan-nv250-n1","25":"product_cat-12-2012-2020-mercedes-citan-n1-5-fori-2","26":"product_cat-1996-2002-renault-kangoo-express-m1","27":"product_cat-1996-2002-nissan-nv250-n1","28":"product_cat-1996-2002-mercedes-citan-n1-5-fori","29":"product_cat-1996-2002-renault-kangoo-ii-n1","30":"product_cat-1996-2002-renault-kangoo-express-n1","31":"product_cat-1996-2002-renault-espace","32":"product_cat-1996-2002-nissan-nv250-m1","33":"product_cat-1996-2002-renault-laguna-ii","34":"product_cat-1996-2002","35":"product_cat-1996-2002-renault-kangoo-ii-m1","36":"product_cat-2001-10-2007-renault-laguna-ii","37":"product_cat-2001-10-2007","38":"product_cat-2001-10-2007-renault-kangoo-express-m1","39":"product_cat-2001-10-2007-mercedes-citan-n1-5-fori","40":"product_cat-2001-10-2007-renault-kangoo-express-n1","41":"product_cat-2001-10-2007-nissan-nv250-m1","42":"product_cat-2001-10-2007-renault-kangoo-ii-m1","43":"product_cat-2001-10-2007-nissan-nv250-n1","44":"product_cat-2001-10-2007-renault-kangoo-ii-n1","45":"product_cat-2001-10-2007-renault-espace","46":"product_cat-2008-2020-mercedes-citan-n1-5-fori-4","47":"product_cat-2008-2020-renault-espace","48":"product_cat-2008-2020-nissan-nv250-m1-3","49":"product_cat-2008-2020-nissan-nv250-n1-2","50":"product_cat-2008-2020-renault-kangoo-express-n1-4","51":"product_cat-2008-2020-renault-kangoo-ii-m1-3","52":"product_cat-2008-2020-nissan-nv250-m1","53":"product_cat-2008-2020-renault-kangoo-ii-n1-2","54":"product_cat-2008-2020-renault-laguna-ii","55":"product_cat-2008-2020-nissan-nv250-m1-4","56":"product_cat-2008-2020-nissan-nv250-n1-3","57":"product_cat-2008-2020","58":"product_cat-2008-2020-renault-espace-2","59":"product_cat-2008-2020-renault-kangoo-ii-m1-4","60":"product_cat-2008-2020-renault-kangoo-ii-m1","61":"product_cat-2008-2020-renault-kangoo-ii-n1-3","62":"product_cat-2008-2020-renault-laguna-ii-2","63":"product_cat-2008-2020-mercedes-citan-m1-5-fori","64":"product_cat-2008-2020-nissan-nv250-n1-4","65":"product_cat-2008-2020-renault-kangoo-express-m1","66":"product_cat-2008-2020-renault-espace-3","67":"product_cat-2008-2020-renault-kangoo-express-m1-2","68":"product_cat-2008-2020-renault-kangoo-ii-n1-4","69":"product_cat-2008-2020-renault-laguna-ii-3","70":"product_cat-2008-2020-nissan-nv250-n1","71":"product_cat-2008-2020-mercedes-citan-m1-5-fori-2","72":"product_cat-2008-2020-mercedes-citan-n1-5-fori-2","73":"product_cat-2008-2020-renault-espace-4","74":"product_cat-2008-2020-renault-kangoo-express-m1-3","75":"product_cat-2008-2020-mercedes-citan-n1-5-fori","76":"product_cat-2008-2020-renault-kangoo-express-n1-2","77":"product_cat-2008-2020-renault-laguna-ii-4","78":"product_cat-2008-2020-renault-kangoo-ii-n1","79":"product_cat-2008-2020-mercedes-citan-m1-5-fori-3","80":"product_cat-2008-2020-mercedes-citan-n1-5-fori-3","81":"product_cat-2008-2020-nissan-nv250-m1-2","82":"product_cat-2008-2020-renault-kangoo-express-m1-4","83":"product_cat-2008-2020-renault-kangoo-express-n1","84":"product_cat-2008-2020-renault-kangoo-express-n1-3","85":"product_cat-2008-2020-renault-kangoo-ii-m1-2","86":"product_cat-2014-2019-subaru-forester","87":"product_cat-jantes","88":"product_cat-mercedes-citan-m1-5-fori","89":"product_cat-mercedes-citan-n1-5-fori","90":"product_cat-nissan-nv250-m1","91":"product_cat-nissan-nv250-n1","92":"product_cat-renault-espace","93":"product_cat-renault-kangoo-express-m1","94":"product_cat-renault-kangoo-express-n1","95":"product_cat-renault-kangoo-ii-m1","96":"product_cat-renault-kangoo-ii-n1","97":"product_cat-renault-laguna-ii","99":"first","100":"instock","101":"purchasable","102":"product-type-simple"},"acf":[],"_links":{"self":[{"href":"https:\/\/altaroda.es\/en\/wp-json\/wp\/v2\/product\/4979","targetHints":{"allow":["GET"]}}],"collection":[{"href":"https:\/\/altaroda.es\/en\/wp-json\/wp\/v2\/product"}],"about":[{"href":"https:\/\/altaroda.es\/en\/wp-json\/wp\/v2\/types\/product"}],"replies":[{"embeddable":true,"href":"https:\/\/altaroda.es\/en\/wp-json\/wp\/v2\/comments?post=4979"}],"version-history":[{"count":1,"href":"https:\/\/altaroda.es\/en\/wp-json\/wp\/v2\/product\/4979\/revisions"}],"predecessor-version":[{"id":4980,"href":"https:\/\/altaroda.es\/en\/wp-json\/wp\/v2\/product\/4979\/revisions\/4980"}],"wp:featuredmedia":[{"embeddable":true,"href":"https:\/\/altaroda.es\/en\/wp-json\/wp\/v2\/media\/4981"}],"wp:attachment":[{"href":"https:\/\/altaroda.es\/en\/wp-json\/wp\/v2\/media?parent=4979"}],"wp:term":[{"taxonomy":"product_brand","embeddable":true,"href":"https:\/\/altaroda.es\/en\/wp-json\/wp\/v2\/product_brand?post=4979"},{"taxonomy":"product_cat","embeddable":true,"href":"https:\/\/altaroda.es\/en\/wp-json\/wp\/v2\/product_cat?post=4979"},{"taxonomy":"product_tag","embeddable":true,"href":"https:\/\/altaroda.es\/en\/wp-json\/wp\/v2\/product_tag?post=4979"}],"curies":[{"name":"wp","href":"https:\/\/api.w.org\/{rel}","templated":true}]}}