{"id":4973,"date":"2025-06-08T13:38:05","date_gmt":"2025-06-08T13:38:05","guid":{"rendered":"https:\/\/altaroda.es\/product\/ntt-18-matt-bronze\/"},"modified":"2025-06-08T13:38:09","modified_gmt":"2025-06-08T13:38:09","slug":"ntt-18-matt-bronze","status":"publish","type":"product","link":"https:\/\/altaroda.es\/en\/product\/ntt-18-matt-bronze\/","title":{"rendered":"NTT 18 MATT BRONZE"},"content":{"rendered":"<p>7,5J18 NTT\/BD3 ET45 4X108 63,4 MABRRODAS SA\u00cdDAS DOS P\u00c1RA-LAMASPARA RODAS HOMOLOGADAS VERIFIQUE OS DOCUMENTOS TUVCertifica\u00e7\u00f5es: TN7580 BD3-63,4-A12Notas:<br \/>\n                     &#8211; Pre\u00e7o unit\u00e1rio;<br \/>\n                     &#8211; IVA \u00e0 taxa em vigor inclu\u00eddo no pre\u00e7o;<br \/>\n                     &#8211; Limitado ao stock existente;<br \/>\n                     &#8211; Disponibilidade e pre\u00e7o carece de re-confirma\u00e7\u00e3o.<\/p>","protected":false},"excerpt":{"rendered":"<p>7,5J18 NTT\/BD3 ET45 4X108 63,4 MABRRODAS SA\u00cdDAS DOS P\u00c1RA-LAMASPARA RODAS HOMOLOGADAS VERIFIQUE OS DOCUMENTOS TUVCertifica\u00e7\u00f5es: TN7580 BD3-63,4-A12Notas:<br \/>\n                     &#8211; Pre\u00e7o unit\u00e1rio;<br \/>\n                     &#8211; IVA \u00e0 taxa em vigor inclu\u00eddo no pre\u00e7o;<br \/>\n                     &#8211; Limitado ao stock existente;<br \/>\n                     &#8211; Disponibilidade e pre\u00e7o carece de re-confirma\u00e7\u00e3o.<\/p>","protected":false},"featured_media":4975,"comment_status":"closed","ping_status":"open","template":"","meta":{"_acf_changed":false},"product_brand":[],"product_cat":[3022,3023,3024,3021,3027,3028,3025,3026,3031,3032,3029,3030,2018,2017,676,675,678,677,673,674,2532,3020,635],"product_tag":[],"class_list":{"0":"post-4973","1":"product","2":"type-product","3":"status-publish","4":"has-post-thumbnail","6":"product_cat-1995-09-2008-ford-fiesta-st","7":"product_cat-1995-09-2008-ford-focus","8":"product_cat-1995-09-2008-ford-fusion","9":"product_cat-1995-09-2008","10":"product_cat-1998-2002-ford-focus","11":"product_cat-1998-2002-ford-fusion","12":"product_cat-1998-2002","13":"product_cat-1998-2002-ford-fiesta-st","14":"product_cat-2002-2012-ford-focus","15":"product_cat-2002-2012-ford-fusion","16":"product_cat-2002-2012","17":"product_cat-2002-2012-ford-fiesta-st","18":"product_cat-2014-2019-rover-75","19":"product_cat-2014-2019-lexus-ct-200h","20":"product_cat-2017-ford-fiesta-st","21":"product_cat-675","22":"product_cat-2018-ford-fiesta-st","23":"product_cat-2018-ford-fiesta","24":"product_cat-ford-fiesta","25":"product_cat-ford-fiesta-st","26":"product_cat-ford-focus","27":"product_cat-ford-fusion","28":"product_cat-jantes","30":"first","31":"instock","32":"purchasable","33":"product-type-simple"},"acf":[],"_links":{"self":[{"href":"https:\/\/altaroda.es\/en\/wp-json\/wp\/v2\/product\/4973","targetHints":{"allow":["GET"]}}],"collection":[{"href":"https:\/\/altaroda.es\/en\/wp-json\/wp\/v2\/product"}],"about":[{"href":"https:\/\/altaroda.es\/en\/wp-json\/wp\/v2\/types\/product"}],"replies":[{"embeddable":true,"href":"https:\/\/altaroda.es\/en\/wp-json\/wp\/v2\/comments?post=4973"}],"version-history":[{"count":1,"href":"https:\/\/altaroda.es\/en\/wp-json\/wp\/v2\/product\/4973\/revisions"}],"predecessor-version":[{"id":4974,"href":"https:\/\/altaroda.es\/en\/wp-json\/wp\/v2\/product\/4973\/revisions\/4974"}],"wp:featuredmedia":[{"embeddable":true,"href":"https:\/\/altaroda.es\/en\/wp-json\/wp\/v2\/media\/4975"}],"wp:attachment":[{"href":"https:\/\/altaroda.es\/en\/wp-json\/wp\/v2\/media?parent=4973"}],"wp:term":[{"taxonomy":"product_brand","embeddable":true,"href":"https:\/\/altaroda.es\/en\/wp-json\/wp\/v2\/product_brand?post=4973"},{"taxonomy":"product_cat","embeddable":true,"href":"https:\/\/altaroda.es\/en\/wp-json\/wp\/v2\/product_cat?post=4973"},{"taxonomy":"product_tag","embeddable":true,"href":"https:\/\/altaroda.es\/en\/wp-json\/wp\/v2\/product_tag?post=4973"}],"curies":[{"name":"wp","href":"https:\/\/api.w.org\/{rel}","templated":true}]}}