{"id":4970,"date":"2025-06-08T13:38:05","date_gmt":"2025-06-08T13:38:05","guid":{"rendered":"https:\/\/altaroda.es\/product\/overland-17-gloss-black-mirror-ring\/"},"modified":"2025-06-08T13:38:09","modified_gmt":"2025-06-08T13:38:09","slug":"overland-17-gloss-black-mirror-ring","status":"publish","type":"product","link":"https:\/\/altaroda.es\/en\/product\/overland-17-gloss-black-mirror-ring\/","title":{"rendered":"OVERLAND 17 GLOSS BLACK MIRROR RING"},"content":{"rendered":"<p>7J17 OVERL\/D ET45 5X118 71,1 BLMIRLPARA RODAS HOMOLOGADAS VERIFIQUE OS DOCUMENTOS TUVCertifica\u00e7\u00f5es: RV7070 D-71,1-A04Notas:<br \/>\n                     &#8211; Pre\u00e7o unit\u00e1rio;<br \/>\n                     &#8211; IVA \u00e0 taxa em vigor inclu\u00eddo no pre\u00e7o;<br \/>\n                     &#8211; Limitado ao stock existente;<br \/>\n                     &#8211; Disponibilidade e pre\u00e7o carece de re-confirma\u00e7\u00e3o.<\/p>","protected":false},"excerpt":{"rendered":"<p>7J17 OVERL\/D ET45 5X118 71,1 BLMIRLPARA RODAS HOMOLOGADAS VERIFIQUE OS DOCUMENTOS TUVCertifica\u00e7\u00f5es: RV7070 D-71,1-A04Notas:<br \/>\n                     &#8211; Pre\u00e7o unit\u00e1rio;<br \/>\n                     &#8211; IVA \u00e0 taxa em vigor inclu\u00eddo no pre\u00e7o;<br \/>\n                     &#8211; Limitado ao stock existente;<br \/>\n                     &#8211; Disponibilidade e pre\u00e7o carece de re-confirma\u00e7\u00e3o.<\/p>","protected":false},"featured_media":4972,"comment_status":"closed","ping_status":"open","template":"","meta":{"_acf_changed":false},"product_brand":[],"product_cat":[2985,2988,2986,2984,2989,2987,3000,2998,2996,3001,2999,2997,3012,3010,3008,3013,3011,3009,635,2978,2979,2980,2981,2982,2983],"product_tag":[],"class_list":{"0":"post-4970","1":"product","2":"type-product","3":"status-publish","4":"has-post-thumbnail","6":"product_cat-1999-2013-nissan-primastar-n1","7":"product_cat-1999-2013-renault-trafic-i-trafic-ii-m1","8":"product_cat-1999-2013-opel-vivaro-m1","9":"product_cat-1999-2013","10":"product_cat-1999-2013-renault-trafic-i-trafic-ii-n1","11":"product_cat-1999-2013-opel-vivaro-n1","12":"product_cat-2002-2013-renault-trafic-i-trafic-ii-m1","13":"product_cat-2002-2013-opel-vivaro-m1","14":"product_cat-2002-2013","15":"product_cat-2002-2013-renault-trafic-i-trafic-ii-n1","16":"product_cat-2002-2013-opel-vivaro-n1","17":"product_cat-2002-2013-nissan-primastar-n1","18":"product_cat-2002-2015-renault-trafic-i-trafic-ii-m1","19":"product_cat-2002-2015-opel-vivaro-m1","20":"product_cat-2002-2015","21":"product_cat-2002-2015-renault-trafic-i-trafic-ii-n1","22":"product_cat-2002-2015-opel-vivaro-n1","23":"product_cat-2002-2015-nissan-primastar-n1","24":"product_cat-jantes","25":"product_cat-nissan-primastar-m1","26":"product_cat-nissan-primastar-n1","27":"product_cat-opel-vivaro-m1","28":"product_cat-opel-vivaro-n1","29":"product_cat-renault-trafic-i-trafic-ii-m1","30":"product_cat-renault-trafic-i-trafic-ii-n1","32":"first","33":"instock","34":"purchasable","35":"product-type-simple"},"acf":[],"_links":{"self":[{"href":"https:\/\/altaroda.es\/en\/wp-json\/wp\/v2\/product\/4970","targetHints":{"allow":["GET"]}}],"collection":[{"href":"https:\/\/altaroda.es\/en\/wp-json\/wp\/v2\/product"}],"about":[{"href":"https:\/\/altaroda.es\/en\/wp-json\/wp\/v2\/types\/product"}],"replies":[{"embeddable":true,"href":"https:\/\/altaroda.es\/en\/wp-json\/wp\/v2\/comments?post=4970"}],"version-history":[{"count":1,"href":"https:\/\/altaroda.es\/en\/wp-json\/wp\/v2\/product\/4970\/revisions"}],"predecessor-version":[{"id":4971,"href":"https:\/\/altaroda.es\/en\/wp-json\/wp\/v2\/product\/4970\/revisions\/4971"}],"wp:featuredmedia":[{"embeddable":true,"href":"https:\/\/altaroda.es\/en\/wp-json\/wp\/v2\/media\/4972"}],"wp:attachment":[{"href":"https:\/\/altaroda.es\/en\/wp-json\/wp\/v2\/media?parent=4970"}],"wp:term":[{"taxonomy":"product_brand","embeddable":true,"href":"https:\/\/altaroda.es\/en\/wp-json\/wp\/v2\/product_brand?post=4970"},{"taxonomy":"product_cat","embeddable":true,"href":"https:\/\/altaroda.es\/en\/wp-json\/wp\/v2\/product_cat?post=4970"},{"taxonomy":"product_tag","embeddable":true,"href":"https:\/\/altaroda.es\/en\/wp-json\/wp\/v2\/product_tag?post=4970"}],"curies":[{"name":"wp","href":"https:\/\/api.w.org\/{rel}","templated":true}]}}