{"id":4959,"date":"2025-06-08T13:38:05","date_gmt":"2025-06-08T13:38:05","guid":{"rendered":"https:\/\/altaroda.es\/product\/acciaio-16-matt-black-3\/"},"modified":"2025-06-08T13:38:06","modified_gmt":"2025-06-08T13:38:06","slug":"acciaio-16-matt-black-3","status":"publish","type":"product","link":"https:\/\/altaroda.es\/en\/product\/acciaio-16-matt-black-3\/","title":{"rendered":"ACCIAIO 16 MATT BLACK"},"content":{"rendered":"<p>6J16 VO616021\/VW4X ET50 5X112 57 MBPARA RODAS HOMOLOGADAS VERIFIQUE OS DOCUMENTOS ECENotas:<br \/>\n                     &#8211; Pre\u00e7o unit\u00e1rio;<br \/>\n                     &#8211; IVA \u00e0 taxa em vigor inclu\u00eddo no pre\u00e7o;<br \/>\n                     &#8211; Limitado ao stock existente;<br \/>\n                     &#8211; Disponibilidade e pre\u00e7o carece de re-confirma\u00e7\u00e3o.<\/p>","protected":false},"excerpt":{"rendered":"<p>6J16 VO616021\/VW4X ET50 5X112 57 MBPARA RODAS HOMOLOGADAS VERIFIQUE OS DOCUMENTOS ECENotas:<br \/>\n                     &#8211; Pre\u00e7o unit\u00e1rio;<br \/>\n                     &#8211; IVA \u00e0 taxa em vigor inclu\u00eddo no pre\u00e7o;<br \/>\n                     &#8211; Limitado ao stock existente;<br \/>\n                     &#8211; Disponibilidade e pre\u00e7o carece de re-confirma\u00e7\u00e3o.<\/p>","protected":false},"featured_media":0,"comment_status":"closed","ping_status":"open","template":"","meta":{"_acf_changed":false},"product_brand":[],"product_cat":[2963,2964,2965,2021,2966,2971,2967,2968,2969,2970,635,2960,2961,2962],"product_tag":[],"class_list":{"0":"post-4959","1":"product","2":"type-product","3":"status-publish","5":"product_cat-2004-2015","6":"product_cat-2004-2015-volkswagen-caddy-n1","7":"product_cat-2004-2015-volkswagen-caddy-life-m1","8":"product_cat-2014-2019-subaru-impreza","9":"product_cat-2016-2020","10":"product_cat-2016-2020-volkswagen-caddy-life-m1-2","11":"product_cat-2016-2020-volkswagen-caddy-n1","12":"product_cat-2016-2020-volkswagen-caddy-life-m1","13":"product_cat-2016-2020-volkswagen-caddy-m1","14":"product_cat-2016-2020-volkswagen-caddy-n1-2","15":"product_cat-jantes","16":"product_cat-volkswagen-caddy-m1","17":"product_cat-volkswagen-caddy-n1","18":"product_cat-volkswagen-caddy-life-m1","20":"first","21":"instock","22":"purchasable","23":"product-type-simple"},"acf":[],"_links":{"self":[{"href":"https:\/\/altaroda.es\/en\/wp-json\/wp\/v2\/product\/4959","targetHints":{"allow":["GET"]}}],"collection":[{"href":"https:\/\/altaroda.es\/en\/wp-json\/wp\/v2\/product"}],"about":[{"href":"https:\/\/altaroda.es\/en\/wp-json\/wp\/v2\/types\/product"}],"replies":[{"embeddable":true,"href":"https:\/\/altaroda.es\/en\/wp-json\/wp\/v2\/comments?post=4959"}],"version-history":[{"count":1,"href":"https:\/\/altaroda.es\/en\/wp-json\/wp\/v2\/product\/4959\/revisions"}],"predecessor-version":[{"id":4960,"href":"https:\/\/altaroda.es\/en\/wp-json\/wp\/v2\/product\/4959\/revisions\/4960"}],"wp:attachment":[{"href":"https:\/\/altaroda.es\/en\/wp-json\/wp\/v2\/media?parent=4959"}],"wp:term":[{"taxonomy":"product_brand","embeddable":true,"href":"https:\/\/altaroda.es\/en\/wp-json\/wp\/v2\/product_brand?post=4959"},{"taxonomy":"product_cat","embeddable":true,"href":"https:\/\/altaroda.es\/en\/wp-json\/wp\/v2\/product_cat?post=4959"},{"taxonomy":"product_tag","embeddable":true,"href":"https:\/\/altaroda.es\/en\/wp-json\/wp\/v2\/product_tag?post=4959"}],"curies":[{"name":"wp","href":"https:\/\/api.w.org\/{rel}","templated":true}]}}