{"id":4953,"date":"2025-06-08T13:38:05","date_gmt":"2025-06-08T13:38:05","guid":{"rendered":"https:\/\/altaroda.es\/product\/epica-17-black-mirror-5\/"},"modified":"2025-06-08T13:38:06","modified_gmt":"2025-06-08T13:38:06","slug":"epica-17-black-mirror-5","status":"publish","type":"product","link":"https:\/\/altaroda.es\/en\/product\/epica-17-black-mirror-5\/","title":{"rendered":"EPICA 17 BLACK MIRROR"},"content":{"rendered":"<p>6,5J17 EPIC\/FP3X ET45 5X114 60,1 BMPARA RODAS HOMOLOGADAS VERIFIQUE OS DOCUMENTOS ECENotas:<br \/>\n                     &#8211; Pre\u00e7o unit\u00e1rio;<br \/>\n                     &#8211; IVA \u00e0 taxa em vigor inclu\u00eddo no pre\u00e7o;<br \/>\n                     &#8211; Limitado ao stock existente;<br \/>\n                     &#8211; Disponibilidade e pre\u00e7o carece de re-confirma\u00e7\u00e3o.<\/p>","protected":false},"excerpt":{"rendered":"<p>6,5J17 EPIC\/FP3X ET45 5X114 60,1 BMPARA RODAS HOMOLOGADAS VERIFIQUE OS DOCUMENTOS ECENotas:<br \/>\n                     &#8211; Pre\u00e7o unit\u00e1rio;<br \/>\n                     &#8211; IVA \u00e0 taxa em vigor inclu\u00eddo no pre\u00e7o;<br \/>\n                     &#8211; Limitado ao stock existente;<br \/>\n                     &#8211; Disponibilidade e pre\u00e7o carece de re-confirma\u00e7\u00e3o.<\/p>","protected":false},"featured_media":4955,"comment_status":"closed","ping_status":"open","template":"","meta":{"_acf_changed":false},"product_brand":[],"product_cat":[2950,2951,2952,2953,2022,2021,2954,2955,2956,2957,635,2946,2947,2948,2949],"product_tag":[],"class_list":{"0":"post-4953","1":"product","2":"type-product","3":"status-publish","4":"has-post-thumbnail","6":"product_cat-2006-2012","7":"product_cat-2006-2012-toyota-corolla-cross","8":"product_cat-2006-2012-toyota-rav-4","9":"product_cat-2006-2012-toyota-yaris-cross-hybrid","10":"product_cat-2014-2019-subaru-legacy","11":"product_cat-2014-2019-subaru-impreza","12":"product_cat-2017-2022-toyota-c-hr","13":"product_cat-2017-2022-toyota-corolla-cross","14":"product_cat-2017-2022-toyota-rav-4","15":"product_cat-2017-2022-toyota-yaris-cross-hybrid","16":"product_cat-jantes","17":"product_cat-toyota-c-hr","18":"product_cat-toyota-corolla-cross","19":"product_cat-toyota-rav-4","20":"product_cat-toyota-yaris-cross-hybrid","22":"first","23":"instock","24":"purchasable","25":"product-type-simple"},"acf":[],"_links":{"self":[{"href":"https:\/\/altaroda.es\/en\/wp-json\/wp\/v2\/product\/4953","targetHints":{"allow":["GET"]}}],"collection":[{"href":"https:\/\/altaroda.es\/en\/wp-json\/wp\/v2\/product"}],"about":[{"href":"https:\/\/altaroda.es\/en\/wp-json\/wp\/v2\/types\/product"}],"replies":[{"embeddable":true,"href":"https:\/\/altaroda.es\/en\/wp-json\/wp\/v2\/comments?post=4953"}],"version-history":[{"count":1,"href":"https:\/\/altaroda.es\/en\/wp-json\/wp\/v2\/product\/4953\/revisions"}],"predecessor-version":[{"id":4954,"href":"https:\/\/altaroda.es\/en\/wp-json\/wp\/v2\/product\/4953\/revisions\/4954"}],"wp:featuredmedia":[{"embeddable":true,"href":"https:\/\/altaroda.es\/en\/wp-json\/wp\/v2\/media\/4955"}],"wp:attachment":[{"href":"https:\/\/altaroda.es\/en\/wp-json\/wp\/v2\/media?parent=4953"}],"wp:term":[{"taxonomy":"product_brand","embeddable":true,"href":"https:\/\/altaroda.es\/en\/wp-json\/wp\/v2\/product_brand?post=4953"},{"taxonomy":"product_cat","embeddable":true,"href":"https:\/\/altaroda.es\/en\/wp-json\/wp\/v2\/product_cat?post=4953"},{"taxonomy":"product_tag","embeddable":true,"href":"https:\/\/altaroda.es\/en\/wp-json\/wp\/v2\/product_tag?post=4953"}],"curies":[{"name":"wp","href":"https:\/\/api.w.org\/{rel}","templated":true}]}}