{"id":4949,"date":"2025-06-08T13:38:05","date_gmt":"2025-06-08T13:38:05","guid":{"rendered":"https:\/\/altaroda.es\/product\/acciaio-16-silver-9\/"},"modified":"2025-06-08T13:38:05","modified_gmt":"2025-06-08T13:38:05","slug":"acciaio-16-silver-9","status":"publish","type":"product","link":"https:\/\/altaroda.es\/en\/product\/acciaio-16-silver-9\/","title":{"rendered":"ACCIAIO 16 SILVER"},"content":{"rendered":"<p>6,5J16 RE616012\/KT3X ET66 5130 89SINotas:<br \/>\n                     &#8211; Pre\u00e7o unit\u00e1rio;<br \/>\n                     &#8211; IVA \u00e0 taxa em vigor inclu\u00eddo no pre\u00e7o;<br \/>\n                     &#8211; Limitado ao stock existente;<br \/>\n                     &#8211; Disponibilidade e pre\u00e7o carece de re-confirma\u00e7\u00e3o.<\/p>","protected":false},"excerpt":{"rendered":"<p>6,5J16 RE616012\/KT3X ET66 5130 89SINotas:<br \/>\n                     &#8211; Pre\u00e7o unit\u00e1rio;<br \/>\n                     &#8211; IVA \u00e0 taxa em vigor inclu\u00eddo no pre\u00e7o;<br \/>\n                     &#8211; Limitado ao stock existente;<br \/>\n                     &#8211; Disponibilidade e pre\u00e7o carece de re-confirma\u00e7\u00e3o.<\/p>","protected":false},"featured_media":0,"comment_status":"closed","ping_status":"open","template":"","meta":{"_acf_changed":false},"product_brand":[],"product_cat":[2935,2934,2942,2933,2943,2939,2944,2938,2940,2937,2936,2941,2010,2011,635,2927,2928,2929,2930,2931,2932],"product_tag":[],"class_list":{"0":"post-4949","1":"product","2":"type-product","3":"status-publish","5":"product_cat-2010-2021-opel-movano-b-m1","6":"product_cat-2010-2021-nissan-nv400-n1","7":"product_cat-2010-2021-opel-movano-b-n1-2","8":"product_cat-2010-2021","9":"product_cat-2010-2021-renault-master-iii-m1-2","10":"product_cat-2010-2021-nissan-nv400-m1","11":"product_cat-2010-2021-renault-master-iii-n1-2","12":"product_cat-2010-2021-renault-master-iii-n1","13":"product_cat-2010-2021-nissan-nv400-n1-2","14":"product_cat-2010-2021-renault-master-iii-m1","15":"product_cat-2010-2021-opel-movano-b-n1","16":"product_cat-2010-2021-opel-movano-b-m1-2","17":"product_cat-2013-2017-volkswagen-vento","18":"product_cat-2014-2019-audi-a1-allstreet","19":"product_cat-jantes","20":"product_cat-nissan-nv400-m1","21":"product_cat-nissan-nv400-n1","22":"product_cat-opel-movano-b-m1","23":"product_cat-opel-movano-b-n1","24":"product_cat-renault-master-iii-m1","25":"product_cat-renault-master-iii-n1","27":"first","28":"instock","29":"purchasable","30":"product-type-simple"},"acf":[],"_links":{"self":[{"href":"https:\/\/altaroda.es\/en\/wp-json\/wp\/v2\/product\/4949","targetHints":{"allow":["GET"]}}],"collection":[{"href":"https:\/\/altaroda.es\/en\/wp-json\/wp\/v2\/product"}],"about":[{"href":"https:\/\/altaroda.es\/en\/wp-json\/wp\/v2\/types\/product"}],"replies":[{"embeddable":true,"href":"https:\/\/altaroda.es\/en\/wp-json\/wp\/v2\/comments?post=4949"}],"version-history":[{"count":1,"href":"https:\/\/altaroda.es\/en\/wp-json\/wp\/v2\/product\/4949\/revisions"}],"predecessor-version":[{"id":4950,"href":"https:\/\/altaroda.es\/en\/wp-json\/wp\/v2\/product\/4949\/revisions\/4950"}],"wp:attachment":[{"href":"https:\/\/altaroda.es\/en\/wp-json\/wp\/v2\/media?parent=4949"}],"wp:term":[{"taxonomy":"product_brand","embeddable":true,"href":"https:\/\/altaroda.es\/en\/wp-json\/wp\/v2\/product_brand?post=4949"},{"taxonomy":"product_cat","embeddable":true,"href":"https:\/\/altaroda.es\/en\/wp-json\/wp\/v2\/product_cat?post=4949"},{"taxonomy":"product_tag","embeddable":true,"href":"https:\/\/altaroda.es\/en\/wp-json\/wp\/v2\/product_tag?post=4949"}],"curies":[{"name":"wp","href":"https:\/\/api.w.org\/{rel}","templated":true}]}}