{"id":4946,"date":"2025-06-08T13:37:56","date_gmt":"2025-06-08T13:37:56","guid":{"rendered":"https:\/\/altaroda.es\/product\/stone-6-18-silver\/"},"modified":"2025-06-08T13:38:03","modified_gmt":"2025-06-08T13:38:03","slug":"stone-6-18-silver","status":"publish","type":"product","link":"https:\/\/altaroda.es\/en\/product\/stone-6-18-silver\/","title":{"rendered":"STONE 6 18 SILVER"},"content":{"rendered":"<p>8J18 STONE6\/VH3X E35 6139 106,1 SILPARA RODAS HOMOLOGADAS VERIFIQUE OS DOCUMENTOS TUVCertifica\u00e7\u00f5es: 6T8080 VH3X-106,1-A08Notas:<br \/>\n                     &#8211; Pre\u00e7o unit\u00e1rio;<br \/>\n                     &#8211; IVA \u00e0 taxa em vigor inclu\u00eddo no pre\u00e7o;<br \/>\n                     &#8211; Limitado ao stock existente;<br \/>\n                     &#8211; Disponibilidade e pre\u00e7o carece de re-confirma\u00e7\u00e3o.<\/p>","protected":false},"excerpt":{"rendered":"<p>8J18 STONE6\/VH3X E35 6139 106,1 SILPARA RODAS HOMOLOGADAS VERIFIQUE OS DOCUMENTOS TUVCertifica\u00e7\u00f5es: 6T8080 VH3X-106,1-A08Notas:<br \/>\n                     &#8211; Pre\u00e7o unit\u00e1rio;<br \/>\n                     &#8211; IVA \u00e0 taxa em vigor inclu\u00eddo no pre\u00e7o;<br \/>\n                     &#8211; Limitado ao stock existente;<br \/>\n                     &#8211; Disponibilidade e pre\u00e7o carece de re-confirma\u00e7\u00e3o.<\/p>","protected":false},"featured_media":4948,"comment_status":"closed","ping_status":"open","template":"","meta":{"_acf_changed":false},"product_brand":[],"product_cat":[2922,2913,2918,2923,2914,2919,2924,2915,2920,2911,2925,2916,2921,2912,2926,2917,2016,635,2907,2908,2909,2910],"product_tag":[],"class_list":{"0":"post-4946","1":"product","2":"type-product","3":"status-publish","4":"has-post-thumbnail","6":"product_cat-2012-2015-toyota-hilux-4wd-n1-3","7":"product_cat-2012-2015-toyota-hilux-4wd-m1","8":"product_cat-2012-2015-toyota-hilux-4wd-n1-2","9":"product_cat-2012-2015-toyota-hilux-2wd-m1-3","10":"product_cat-2012-2015-toyota-hilux-4wd-n1","11":"product_cat-2012-2015-toyota-hilux-2wd-m1-2","12":"product_cat-2012-2015-toyota-hilux-2wd-n1-4","13":"product_cat-2012-2015-toyota-hilux-2wd-m1","14":"product_cat-2012-2015-toyota-hilux-2wd-n1-3","15":"product_cat-2012-2015","16":"product_cat-2012-2015-toyota-hilux-4wd-m1-4","17":"product_cat-2012-2015-toyota-hilux-2wd-n1-2","18":"product_cat-2012-2015-toyota-hilux-4wd-m1-3","19":"product_cat-2012-2015-toyota-hilux-2wd-n1","20":"product_cat-2012-2015-toyota-hilux-4wd-n1-4","21":"product_cat-2012-2015-toyota-hilux-4wd-m1-2","22":"product_cat-2014-2019-chrysler-stratus-cabrio","23":"product_cat-jantes","24":"product_cat-toyota-hilux-2wd-m1","25":"product_cat-toyota-hilux-2wd-n1","26":"product_cat-toyota-hilux-4wd-m1","27":"product_cat-toyota-hilux-4wd-n1","29":"first","30":"instock","31":"purchasable","32":"product-type-simple"},"acf":[],"_links":{"self":[{"href":"https:\/\/altaroda.es\/en\/wp-json\/wp\/v2\/product\/4946","targetHints":{"allow":["GET"]}}],"collection":[{"href":"https:\/\/altaroda.es\/en\/wp-json\/wp\/v2\/product"}],"about":[{"href":"https:\/\/altaroda.es\/en\/wp-json\/wp\/v2\/types\/product"}],"replies":[{"embeddable":true,"href":"https:\/\/altaroda.es\/en\/wp-json\/wp\/v2\/comments?post=4946"}],"version-history":[{"count":1,"href":"https:\/\/altaroda.es\/en\/wp-json\/wp\/v2\/product\/4946\/revisions"}],"predecessor-version":[{"id":4947,"href":"https:\/\/altaroda.es\/en\/wp-json\/wp\/v2\/product\/4946\/revisions\/4947"}],"wp:featuredmedia":[{"embeddable":true,"href":"https:\/\/altaroda.es\/en\/wp-json\/wp\/v2\/media\/4948"}],"wp:attachment":[{"href":"https:\/\/altaroda.es\/en\/wp-json\/wp\/v2\/media?parent=4946"}],"wp:term":[{"taxonomy":"product_brand","embeddable":true,"href":"https:\/\/altaroda.es\/en\/wp-json\/wp\/v2\/product_brand?post=4946"},{"taxonomy":"product_cat","embeddable":true,"href":"https:\/\/altaroda.es\/en\/wp-json\/wp\/v2\/product_cat?post=4946"},{"taxonomy":"product_tag","embeddable":true,"href":"https:\/\/altaroda.es\/en\/wp-json\/wp\/v2\/product_tag?post=4946"}],"curies":[{"name":"wp","href":"https:\/\/api.w.org\/{rel}","templated":true}]}}