{"id":4914,"date":"2025-06-08T13:37:51","date_gmt":"2025-06-08T13:37:51","guid":{"rendered":"https:\/\/altaroda.es\/product\/zenith-15-light-titan-2\/"},"modified":"2025-06-08T13:37:54","modified_gmt":"2025-06-08T13:37:54","slug":"zenith-15-light-titan-2","status":"publish","type":"product","link":"https:\/\/altaroda.es\/en\/product\/zenith-15-light-titan-2\/","title":{"rendered":"ZENITH 15 LIGHT TITAN"},"content":{"rendered":"<p>5,5J15 ZENITH\/CH2X E36 4100 60,1 LTTR\u00c1SNotas:<br \/>\n                     &#8211; Pre\u00e7o unit\u00e1rio;<br \/>\n                     &#8211; IVA \u00e0 taxa em vigor inclu\u00eddo no pre\u00e7o;<br \/>\n                     &#8211; Limitado ao stock existente;<br \/>\n                     &#8211; Disponibilidade e pre\u00e7o carece de re-confirma\u00e7\u00e3o.<\/p>","protected":false},"excerpt":{"rendered":"<p>5,5J15 ZENITH\/CH2X E36 4100 60,1 LTTR\u00c1SNotas:<br \/>\n                     &#8211; Pre\u00e7o unit\u00e1rio;<br \/>\n                     &#8211; IVA \u00e0 taxa em vigor inclu\u00eddo no pre\u00e7o;<br \/>\n                     &#8211; Limitado ao stock existente;<br \/>\n                     &#8211; Disponibilidade e pre\u00e7o carece de re-confirma\u00e7\u00e3o.<\/p>","protected":false},"featured_media":4916,"comment_status":"closed","ping_status":"open","template":"","meta":{"_acf_changed":false},"product_brand":[],"product_cat":[2014,2016,635,2550,2547,2548,2549],"product_tag":[],"class_list":{"0":"post-4914","1":"product","2":"type-product","3":"status-publish","4":"has-post-thumbnail","6":"product_cat-2014-2019-audi-tt","7":"product_cat-2014-2019-chrysler-stratus-cabrio","8":"product_cat-jantes","9":"product_cat-renault-twingo-iii-staggered-twingo-iii-gt-staggered-differenziato","10":"product_cat-smart-forfour-ii-forfour-ii-brabus","11":"product_cat-smart-fortwo-iii-fortwo-iii-brabus-staggered-differenziato","12":"product_cat-smart-fortwo-iii-cabrio-fortwo-iii-cabrio-brabus-staggered-differenziato","14":"first","15":"instock","16":"purchasable","17":"product-type-simple"},"acf":[],"_links":{"self":[{"href":"https:\/\/altaroda.es\/en\/wp-json\/wp\/v2\/product\/4914","targetHints":{"allow":["GET"]}}],"collection":[{"href":"https:\/\/altaroda.es\/en\/wp-json\/wp\/v2\/product"}],"about":[{"href":"https:\/\/altaroda.es\/en\/wp-json\/wp\/v2\/types\/product"}],"replies":[{"embeddable":true,"href":"https:\/\/altaroda.es\/en\/wp-json\/wp\/v2\/comments?post=4914"}],"version-history":[{"count":1,"href":"https:\/\/altaroda.es\/en\/wp-json\/wp\/v2\/product\/4914\/revisions"}],"predecessor-version":[{"id":4915,"href":"https:\/\/altaroda.es\/en\/wp-json\/wp\/v2\/product\/4914\/revisions\/4915"}],"wp:featuredmedia":[{"embeddable":true,"href":"https:\/\/altaroda.es\/en\/wp-json\/wp\/v2\/media\/4916"}],"wp:attachment":[{"href":"https:\/\/altaroda.es\/en\/wp-json\/wp\/v2\/media?parent=4914"}],"wp:term":[{"taxonomy":"product_brand","embeddable":true,"href":"https:\/\/altaroda.es\/en\/wp-json\/wp\/v2\/product_brand?post=4914"},{"taxonomy":"product_cat","embeddable":true,"href":"https:\/\/altaroda.es\/en\/wp-json\/wp\/v2\/product_cat?post=4914"},{"taxonomy":"product_tag","embeddable":true,"href":"https:\/\/altaroda.es\/en\/wp-json\/wp\/v2\/product_tag?post=4914"}],"curies":[{"name":"wp","href":"https:\/\/api.w.org\/{rel}","templated":true}]}}