{"id":4903,"date":"2025-06-08T13:37:51","date_gmt":"2025-06-08T13:37:51","guid":{"rendered":"https:\/\/altaroda.es\/product\/acciaio-16-silver-7\/"},"modified":"2025-06-08T13:37:53","modified_gmt":"2025-06-08T13:37:53","slug":"acciaio-16-silver-7","status":"publish","type":"product","link":"https:\/\/altaroda.es\/en\/product\/acciaio-16-silver-7\/","title":{"rendered":"ACCIAIO 16 SILVER"},"content":{"rendered":"<p>6,5J16 AC 2016\/IG4D E60 5120 SI DEMAPENAS PARA CARROS COM RODAS ORIGINAIS DE 16 WHEELSNotas:<br \/>\n                     &#8211; Pre\u00e7o unit\u00e1rio;<br \/>\n                     &#8211; IVA \u00e0 taxa em vigor inclu\u00eddo no pre\u00e7o;<br \/>\n                     &#8211; Limitado ao stock existente;<br \/>\n                     &#8211; Disponibilidade e pre\u00e7o carece de re-confirma\u00e7\u00e3o.<\/p>","protected":false},"excerpt":{"rendered":"<p>6,5J16 AC 2016\/IG4D E60 5120 SI DEMAPENAS PARA CARROS COM RODAS ORIGINAIS DE 16 WHEELSNotas:<br \/>\n                     &#8211; Pre\u00e7o unit\u00e1rio;<br \/>\n                     &#8211; IVA \u00e0 taxa em vigor inclu\u00eddo no pre\u00e7o;<br \/>\n                     &#8211; Limitado ao stock existente;<br \/>\n                     &#8211; Disponibilidade e pre\u00e7o carece de re-confirma\u00e7\u00e3o.<\/p>","protected":false},"featured_media":0,"comment_status":"closed","ping_status":"open","template":"","meta":{"_acf_changed":false},"product_brand":[],"product_cat":[2017,635,2543,2544],"product_tag":[],"class_list":{"0":"post-4903","1":"product","2":"type-product","3":"status-publish","5":"product_cat-2014-2019-lexus-ct-200h","6":"product_cat-jantes","7":"product_cat-man-tge-m1","8":"product_cat-volkswagen-crafter-m1","10":"first","11":"instock","12":"purchasable","13":"product-type-simple"},"acf":[],"_links":{"self":[{"href":"https:\/\/altaroda.es\/en\/wp-json\/wp\/v2\/product\/4903","targetHints":{"allow":["GET"]}}],"collection":[{"href":"https:\/\/altaroda.es\/en\/wp-json\/wp\/v2\/product"}],"about":[{"href":"https:\/\/altaroda.es\/en\/wp-json\/wp\/v2\/types\/product"}],"replies":[{"embeddable":true,"href":"https:\/\/altaroda.es\/en\/wp-json\/wp\/v2\/comments?post=4903"}],"version-history":[{"count":1,"href":"https:\/\/altaroda.es\/en\/wp-json\/wp\/v2\/product\/4903\/revisions"}],"predecessor-version":[{"id":4904,"href":"https:\/\/altaroda.es\/en\/wp-json\/wp\/v2\/product\/4903\/revisions\/4904"}],"wp:attachment":[{"href":"https:\/\/altaroda.es\/en\/wp-json\/wp\/v2\/media?parent=4903"}],"wp:term":[{"taxonomy":"product_brand","embeddable":true,"href":"https:\/\/altaroda.es\/en\/wp-json\/wp\/v2\/product_brand?post=4903"},{"taxonomy":"product_cat","embeddable":true,"href":"https:\/\/altaroda.es\/en\/wp-json\/wp\/v2\/product_cat?post=4903"},{"taxonomy":"product_tag","embeddable":true,"href":"https:\/\/altaroda.es\/en\/wp-json\/wp\/v2\/product_tag?post=4903"}],"curies":[{"name":"wp","href":"https:\/\/api.w.org\/{rel}","templated":true}]}}