{"id":4900,"date":"2025-06-08T13:37:51","date_gmt":"2025-06-08T13:37:51","guid":{"rendered":"https:\/\/altaroda.es\/product\/lario-20-gun-met-mirror-face\/"},"modified":"2025-06-08T13:37:52","modified_gmt":"2025-06-08T13:37:52","slug":"lario-20-gun-met-mirror-face","status":"publish","type":"product","link":"https:\/\/altaroda.es\/en\/product\/lario-20-gun-met-mirror-face\/","title":{"rendered":"LARIO 20 GUN MET-MIRROR FACE"},"content":{"rendered":"<p>10J20 LARIO\/LG1X ET34 5X110 65,1 QMTR\u00c1SNotas:<br \/>\n                     &#8211; Pre\u00e7o unit\u00e1rio;<br \/>\n                     &#8211; IVA \u00e0 taxa em vigor inclu\u00eddo no pre\u00e7o;<br \/>\n                     &#8211; Limitado ao stock existente;<br \/>\n                     &#8211; Disponibilidade e pre\u00e7o carece de re-confirma\u00e7\u00e3o.<\/p>","protected":false},"excerpt":{"rendered":"<p>10J20 LARIO\/LG1X ET34 5X110 65,1 QMTR\u00c1SNotas:<br \/>\n                     &#8211; Pre\u00e7o unit\u00e1rio;<br \/>\n                     &#8211; IVA \u00e0 taxa em vigor inclu\u00eddo no pre\u00e7o;<br \/>\n                     &#8211; Limitado ao stock existente;<br \/>\n                     &#8211; Disponibilidade e pre\u00e7o carece de re-confirma\u00e7\u00e3o.<\/p>","protected":false},"featured_media":4902,"comment_status":"closed","ping_status":"open","template":"","meta":{"_acf_changed":false},"product_brand":[],"product_cat":[2022,2017,2541,635,2542],"product_tag":[],"class_list":{"0":"post-4900","1":"product","2":"type-product","3":"status-publish","4":"has-post-thumbnail","6":"product_cat-2014-2019-subaru-legacy","7":"product_cat-2014-2019-lexus-ct-200h","8":"product_cat-alfa-r-stelvio-v6-quadrifoglio-staggered-differenziato","9":"product_cat-jantes","10":"product_cat-maserati-grecale-gt-grecale-modena","12":"first","13":"instock","14":"purchasable","15":"product-type-simple"},"acf":[],"_links":{"self":[{"href":"https:\/\/altaroda.es\/en\/wp-json\/wp\/v2\/product\/4900","targetHints":{"allow":["GET"]}}],"collection":[{"href":"https:\/\/altaroda.es\/en\/wp-json\/wp\/v2\/product"}],"about":[{"href":"https:\/\/altaroda.es\/en\/wp-json\/wp\/v2\/types\/product"}],"replies":[{"embeddable":true,"href":"https:\/\/altaroda.es\/en\/wp-json\/wp\/v2\/comments?post=4900"}],"version-history":[{"count":1,"href":"https:\/\/altaroda.es\/en\/wp-json\/wp\/v2\/product\/4900\/revisions"}],"predecessor-version":[{"id":4901,"href":"https:\/\/altaroda.es\/en\/wp-json\/wp\/v2\/product\/4900\/revisions\/4901"}],"wp:featuredmedia":[{"embeddable":true,"href":"https:\/\/altaroda.es\/en\/wp-json\/wp\/v2\/media\/4902"}],"wp:attachment":[{"href":"https:\/\/altaroda.es\/en\/wp-json\/wp\/v2\/media?parent=4900"}],"wp:term":[{"taxonomy":"product_brand","embeddable":true,"href":"https:\/\/altaroda.es\/en\/wp-json\/wp\/v2\/product_brand?post=4900"},{"taxonomy":"product_cat","embeddable":true,"href":"https:\/\/altaroda.es\/en\/wp-json\/wp\/v2\/product_cat?post=4900"},{"taxonomy":"product_tag","embeddable":true,"href":"https:\/\/altaroda.es\/en\/wp-json\/wp\/v2\/product_tag?post=4900"}],"curies":[{"name":"wp","href":"https:\/\/api.w.org\/{rel}","templated":true}]}}