{"id":4895,"date":"2025-06-08T13:37:51","date_gmt":"2025-06-08T13:37:51","guid":{"rendered":"https:\/\/altaroda.es\/product\/acciaio-16-silver-6\/"},"modified":"2025-06-08T13:37:52","modified_gmt":"2025-06-08T13:37:52","slug":"acciaio-16-silver-6","status":"publish","type":"product","link":"https:\/\/altaroda.es\/en\/product\/acciaio-16-silver-6\/","title":{"rendered":"ACCIAIO 16 SILVER"},"content":{"rendered":"<p>6,5J16 ME616013\/M4 ET62 6X130 84 SIAPENAS TRA\u00c7\u00c3O DIANTENTEIRA &#8211; PARA RODAS HOMOLOGADAS VERIFIQUE OS DOCUMENTOS ECENotas:<br \/>\n                     &#8211; Pre\u00e7o unit\u00e1rio;<br \/>\n                     &#8211; IVA \u00e0 taxa em vigor inclu\u00eddo no pre\u00e7o;<br \/>\n                     &#8211; Limitado ao stock existente;<br \/>\n                     &#8211; Disponibilidade e pre\u00e7o carece de re-confirma\u00e7\u00e3o.<\/p>","protected":false},"excerpt":{"rendered":"<p>6,5J16 ME616013\/M4 ET62 6X130 84 SIAPENAS TRA\u00c7\u00c3O DIANTENTEIRA &#8211; PARA RODAS HOMOLOGADAS VERIFIQUE OS DOCUMENTOS ECENotas:<br \/>\n                     &#8211; Pre\u00e7o unit\u00e1rio;<br \/>\n                     &#8211; IVA \u00e0 taxa em vigor inclu\u00eddo no pre\u00e7o;<br \/>\n                     &#8211; Limitado ao stock existente;<br \/>\n                     &#8211; Disponibilidade e pre\u00e7o carece de re-confirma\u00e7\u00e3o.<\/p>","protected":false},"featured_media":0,"comment_status":"closed","ping_status":"open","template":"","meta":{"_acf_changed":false},"product_brand":[],"product_cat":[2018,635,2530,2531],"product_tag":[],"class_list":{"0":"post-4895","1":"product","2":"type-product","3":"status-publish","5":"product_cat-2014-2019-rover-75","6":"product_cat-jantes","7":"product_cat-mercedes-sprinter-iii-m1","8":"product_cat-mercedes-sprinter-iii-n1","10":"first","11":"instock","12":"purchasable","13":"product-type-simple"},"acf":[],"_links":{"self":[{"href":"https:\/\/altaroda.es\/en\/wp-json\/wp\/v2\/product\/4895","targetHints":{"allow":["GET"]}}],"collection":[{"href":"https:\/\/altaroda.es\/en\/wp-json\/wp\/v2\/product"}],"about":[{"href":"https:\/\/altaroda.es\/en\/wp-json\/wp\/v2\/types\/product"}],"replies":[{"embeddable":true,"href":"https:\/\/altaroda.es\/en\/wp-json\/wp\/v2\/comments?post=4895"}],"version-history":[{"count":1,"href":"https:\/\/altaroda.es\/en\/wp-json\/wp\/v2\/product\/4895\/revisions"}],"predecessor-version":[{"id":4896,"href":"https:\/\/altaroda.es\/en\/wp-json\/wp\/v2\/product\/4895\/revisions\/4896"}],"wp:attachment":[{"href":"https:\/\/altaroda.es\/en\/wp-json\/wp\/v2\/media?parent=4895"}],"wp:term":[{"taxonomy":"product_brand","embeddable":true,"href":"https:\/\/altaroda.es\/en\/wp-json\/wp\/v2\/product_brand?post=4895"},{"taxonomy":"product_cat","embeddable":true,"href":"https:\/\/altaroda.es\/en\/wp-json\/wp\/v2\/product_cat?post=4895"},{"taxonomy":"product_tag","embeddable":true,"href":"https:\/\/altaroda.es\/en\/wp-json\/wp\/v2\/product_tag?post=4895"}],"curies":[{"name":"wp","href":"https:\/\/api.w.org\/{rel}","templated":true}]}}