{"id":4889,"date":"2025-06-08T13:37:44","date_gmt":"2025-06-08T13:37:44","guid":{"rendered":"https:\/\/altaroda.es\/product\/koenig-d-19-gloss-black\/"},"modified":"2025-06-08T13:37:48","modified_gmt":"2025-06-08T13:37:48","slug":"koenig-d-19-gloss-black","status":"publish","type":"product","link":"https:\/\/altaroda.es\/en\/product\/koenig-d-19-gloss-black\/","title":{"rendered":"KOENIG-D 19 GLOSS BLACK"},"content":{"rendered":"<p>9,5J19 KON-D\/WSX ET20 5X112 66,6 GBO.E. (BMW) Compat\u00edvel com tampa central Pe\u00e7a Nr.. 36136850834Notas:<br \/>\n                     &#8211; Pre\u00e7o unit\u00e1rio;<br \/>\n                     &#8211; IVA \u00e0 taxa em vigor inclu\u00eddo no pre\u00e7o;<br \/>\n                     &#8211; Limitado ao stock existente;<br \/>\n                     &#8211; Disponibilidade e pre\u00e7o carece de re-confirma\u00e7\u00e3o.<\/p>","protected":false},"excerpt":{"rendered":"<p>9,5J19 KON-D\/WSX ET20 5X112 66,6 GBO.E. (BMW) Compat\u00edvel com tampa central Pe\u00e7a Nr.. 36136850834Notas:<br \/>\n                     &#8211; Pre\u00e7o unit\u00e1rio;<br \/>\n                     &#8211; IVA \u00e0 taxa em vigor inclu\u00eddo no pre\u00e7o;<br \/>\n                     &#8211; Limitado ao stock existente;<br \/>\n                     &#8211; Disponibilidade e pre\u00e7o carece de re-confirma\u00e7\u00e3o.<\/p>","protected":false},"featured_media":4891,"comment_status":"closed","ping_status":"open","template":"","meta":{"_acf_changed":false},"product_brand":[],"product_cat":[2023,2020,2018,2021,2525,2526,2527,2528,2529,635],"product_tag":[],"class_list":{"0":"post-4889","1":"product","2":"type-product","3":"status-publish","4":"has-post-thumbnail","6":"product_cat-2014-2019-subaru-outback-legacy","7":"product_cat-2014-2019-subaru-forester","8":"product_cat-2014-2019-rover-75","9":"product_cat-2014-2019-subaru-impreza","10":"product_cat-bmw-m2","11":"product_cat-bmw-m3","12":"product_cat-bmw-m4","13":"product_cat-bmw-m5-441-460kw","14":"product_cat-bmw-m8-m8-competition","15":"product_cat-jantes","17":"first","18":"instock","19":"purchasable","20":"product-type-simple"},"acf":[],"_links":{"self":[{"href":"https:\/\/altaroda.es\/en\/wp-json\/wp\/v2\/product\/4889","targetHints":{"allow":["GET"]}}],"collection":[{"href":"https:\/\/altaroda.es\/en\/wp-json\/wp\/v2\/product"}],"about":[{"href":"https:\/\/altaroda.es\/en\/wp-json\/wp\/v2\/types\/product"}],"replies":[{"embeddable":true,"href":"https:\/\/altaroda.es\/en\/wp-json\/wp\/v2\/comments?post=4889"}],"version-history":[{"count":1,"href":"https:\/\/altaroda.es\/en\/wp-json\/wp\/v2\/product\/4889\/revisions"}],"predecessor-version":[{"id":4890,"href":"https:\/\/altaroda.es\/en\/wp-json\/wp\/v2\/product\/4889\/revisions\/4890"}],"wp:featuredmedia":[{"embeddable":true,"href":"https:\/\/altaroda.es\/en\/wp-json\/wp\/v2\/media\/4891"}],"wp:attachment":[{"href":"https:\/\/altaroda.es\/en\/wp-json\/wp\/v2\/media?parent=4889"}],"wp:term":[{"taxonomy":"product_brand","embeddable":true,"href":"https:\/\/altaroda.es\/en\/wp-json\/wp\/v2\/product_brand?post=4889"},{"taxonomy":"product_cat","embeddable":true,"href":"https:\/\/altaroda.es\/en\/wp-json\/wp\/v2\/product_cat?post=4889"},{"taxonomy":"product_tag","embeddable":true,"href":"https:\/\/altaroda.es\/en\/wp-json\/wp\/v2\/product_tag?post=4889"}],"curies":[{"name":"wp","href":"https:\/\/api.w.org\/{rel}","templated":true}]}}