{"id":4886,"date":"2025-06-08T13:37:44","date_gmt":"2025-06-08T13:37:44","guid":{"rendered":"https:\/\/altaroda.es\/product\/epica-17-black-mirror-4\/"},"modified":"2025-06-08T13:37:48","modified_gmt":"2025-06-08T13:37:48","slug":"epica-17-black-mirror-4","status":"publish","type":"product","link":"https:\/\/altaroda.es\/en\/product\/epica-17-black-mirror-4\/","title":{"rendered":"EPICA 17 BLACK MIRROR"},"content":{"rendered":"<p>6,5J17 EPIC\/PE2X ET39 5X100 57,1 BMO.E. (VW) Compat\u00edvel com tampa central Pe\u00e7a Nr.. 6N0601171 &#8211; 1J0601171 &#8211; PARA RODAS HOMOLOGADAS VERIFIQUE OS DOCUMENTOS ECENotas:<br \/>\n                     &#8211; Pre\u00e7o unit\u00e1rio;<br \/>\n                     &#8211; IVA \u00e0 taxa em vigor inclu\u00eddo no pre\u00e7o;<br \/>\n                     &#8211; Limitado ao stock existente;<br \/>\n                     &#8211; Disponibilidade e pre\u00e7o carece de re-confirma\u00e7\u00e3o.<\/p>","protected":false},"excerpt":{"rendered":"<p>6,5J17 EPIC\/PE2X ET39 5X100 57,1 BMO.E. (VW) Compat\u00edvel com tampa central Pe\u00e7a Nr.. 6N0601171 &#8211; 1J0601171 &#8211; PARA RODAS HOMOLOGADAS VERIFIQUE OS DOCUMENTOS ECENotas:<br \/>\n                     &#8211; Pre\u00e7o unit\u00e1rio;<br \/>\n                     &#8211; IVA \u00e0 taxa em vigor inclu\u00eddo no pre\u00e7o;<br \/>\n                     &#8211; Limitado ao stock existente;<br \/>\n                     &#8211; Disponibilidade e pre\u00e7o carece de re-confirma\u00e7\u00e3o.<\/p>","protected":false},"featured_media":4888,"comment_status":"closed","ping_status":"open","template":"","meta":{"_acf_changed":false},"product_brand":[],"product_cat":[2022,2019,635,2523,2524],"product_tag":[],"class_list":{"0":"post-4886","1":"product","2":"type-product","3":"status-publish","4":"has-post-thumbnail","6":"product_cat-2014-2019-subaru-legacy","7":"product_cat-2014-2019-subaru-brz","8":"product_cat-jantes","9":"product_cat-volkswagen-t-cross","10":"product_cat-volkswagen-taigo","12":"first","13":"instock","14":"purchasable","15":"product-type-simple"},"acf":[],"_links":{"self":[{"href":"https:\/\/altaroda.es\/en\/wp-json\/wp\/v2\/product\/4886","targetHints":{"allow":["GET"]}}],"collection":[{"href":"https:\/\/altaroda.es\/en\/wp-json\/wp\/v2\/product"}],"about":[{"href":"https:\/\/altaroda.es\/en\/wp-json\/wp\/v2\/types\/product"}],"replies":[{"embeddable":true,"href":"https:\/\/altaroda.es\/en\/wp-json\/wp\/v2\/comments?post=4886"}],"version-history":[{"count":1,"href":"https:\/\/altaroda.es\/en\/wp-json\/wp\/v2\/product\/4886\/revisions"}],"predecessor-version":[{"id":4887,"href":"https:\/\/altaroda.es\/en\/wp-json\/wp\/v2\/product\/4886\/revisions\/4887"}],"wp:featuredmedia":[{"embeddable":true,"href":"https:\/\/altaroda.es\/en\/wp-json\/wp\/v2\/media\/4888"}],"wp:attachment":[{"href":"https:\/\/altaroda.es\/en\/wp-json\/wp\/v2\/media?parent=4886"}],"wp:term":[{"taxonomy":"product_brand","embeddable":true,"href":"https:\/\/altaroda.es\/en\/wp-json\/wp\/v2\/product_brand?post=4886"},{"taxonomy":"product_cat","embeddable":true,"href":"https:\/\/altaroda.es\/en\/wp-json\/wp\/v2\/product_cat?post=4886"},{"taxonomy":"product_tag","embeddable":true,"href":"https:\/\/altaroda.es\/en\/wp-json\/wp\/v2\/product_tag?post=4886"}],"curies":[{"name":"wp","href":"https:\/\/api.w.org\/{rel}","templated":true}]}}