{"id":4860,"date":"2025-06-08T13:37:39","date_gmt":"2025-06-08T13:37:39","guid":{"rendered":"https:\/\/altaroda.es\/product\/malmoe-19-black-mirror-2\/"},"modified":"2025-06-08T13:37:43","modified_gmt":"2025-06-08T13:37:43","slug":"malmoe-19-black-mirror-2","status":"publish","type":"product","link":"https:\/\/altaroda.es\/en\/product\/malmoe-19-black-mirror-2\/","title":{"rendered":"MALMOE 19 BLACK MIRROR"},"content":{"rendered":"<p>8,5J19 MALM\/GD5X ET56 5X108 63,4 BMO.E. (VOLVO) Compat\u00edvel com tampa central Pe\u00e7a Nr.. 31400897 &#8211; TR\u00c1S &#8211; PARA RODAS HOMOLOGADAS VERIFIQUE OS DOCUMENTOS ECENotas:<br \/>\n                     &#8211; Pre\u00e7o unit\u00e1rio;<br \/>\n                     &#8211; IVA \u00e0 taxa em vigor inclu\u00eddo no pre\u00e7o;<br \/>\n                     &#8211; Limitado ao stock existente;<br \/>\n                     &#8211; Disponibilidade e pre\u00e7o carece de re-confirma\u00e7\u00e3o.<\/p>","protected":false},"excerpt":{"rendered":"<p>8,5J19 MALM\/GD5X ET56 5X108 63,4 BMO.E. (VOLVO) Compat\u00edvel com tampa central Pe\u00e7a Nr.. 31400897 &#8211; TR\u00c1S &#8211; PARA RODAS HOMOLOGADAS VERIFIQUE OS DOCUMENTOS ECENotas:<br \/>\n                     &#8211; Pre\u00e7o unit\u00e1rio;<br \/>\n                     &#8211; IVA \u00e0 taxa em vigor inclu\u00eddo no pre\u00e7o;<br \/>\n                     &#8211; Limitado ao stock existente;<br \/>\n                     &#8211; Disponibilidade e pre\u00e7o carece de re-confirma\u00e7\u00e3o.<\/p>","protected":false},"featured_media":4862,"comment_status":"closed","ping_status":"open","template":"","meta":{"_acf_changed":false},"product_brand":[],"product_cat":[2021,2022,635,2501,2502],"product_tag":[],"class_list":{"0":"post-4860","1":"product","2":"type-product","3":"status-publish","4":"has-post-thumbnail","6":"product_cat-2014-2019-subaru-impreza","7":"product_cat-2014-2019-subaru-legacy","8":"product_cat-jantes","9":"product_cat-volvo-c40-recharge","10":"product_cat-volvo-xc40-recharge-p8","12":"first","13":"instock","14":"purchasable","15":"product-type-simple"},"acf":[],"_links":{"self":[{"href":"https:\/\/altaroda.es\/en\/wp-json\/wp\/v2\/product\/4860","targetHints":{"allow":["GET"]}}],"collection":[{"href":"https:\/\/altaroda.es\/en\/wp-json\/wp\/v2\/product"}],"about":[{"href":"https:\/\/altaroda.es\/en\/wp-json\/wp\/v2\/types\/product"}],"replies":[{"embeddable":true,"href":"https:\/\/altaroda.es\/en\/wp-json\/wp\/v2\/comments?post=4860"}],"version-history":[{"count":1,"href":"https:\/\/altaroda.es\/en\/wp-json\/wp\/v2\/product\/4860\/revisions"}],"predecessor-version":[{"id":4861,"href":"https:\/\/altaroda.es\/en\/wp-json\/wp\/v2\/product\/4860\/revisions\/4861"}],"wp:featuredmedia":[{"embeddable":true,"href":"https:\/\/altaroda.es\/en\/wp-json\/wp\/v2\/media\/4862"}],"wp:attachment":[{"href":"https:\/\/altaroda.es\/en\/wp-json\/wp\/v2\/media?parent=4860"}],"wp:term":[{"taxonomy":"product_brand","embeddable":true,"href":"https:\/\/altaroda.es\/en\/wp-json\/wp\/v2\/product_brand?post=4860"},{"taxonomy":"product_cat","embeddable":true,"href":"https:\/\/altaroda.es\/en\/wp-json\/wp\/v2\/product_cat?post=4860"},{"taxonomy":"product_tag","embeddable":true,"href":"https:\/\/altaroda.es\/en\/wp-json\/wp\/v2\/product_tag?post=4860"}],"curies":[{"name":"wp","href":"https:\/\/api.w.org\/{rel}","templated":true}]}}