{"id":4857,"date":"2025-06-08T13:37:39","date_gmt":"2025-06-08T13:37:39","guid":{"rendered":"https:\/\/altaroda.es\/product\/stilo-d-21-gloss-black\/"},"modified":"2025-06-08T13:37:42","modified_gmt":"2025-06-08T13:37:42","slug":"stilo-d-21-gloss-black","status":"publish","type":"product","link":"https:\/\/altaroda.es\/en\/product\/stilo-d-21-gloss-black\/","title":{"rendered":"STILO-D 21 GLOSS BLACK"},"content":{"rendered":"<p>10J21 STILO-D\/VW6X E58 5112 57,1 GBO.E. (VW) Compat\u00edvel com tampa central Pe\u00e7a Nr.. 10A601171 &#8211; TR\u00c1SCertifica\u00e7\u00f5es: TS85-TP1021 VW3X-VW6X-57,1Notas:<br \/>\n                     &#8211; Pre\u00e7o unit\u00e1rio;<br \/>\n                     &#8211; IVA \u00e0 taxa em vigor inclu\u00eddo no pre\u00e7o;<br \/>\n                     &#8211; Limitado ao stock existente;<br \/>\n                     &#8211; Disponibilidade e pre\u00e7o carece de re-confirma\u00e7\u00e3o.<\/p>","protected":false},"excerpt":{"rendered":"<p>10J21 STILO-D\/VW6X E58 5112 57,1 GBO.E. (VW) Compat\u00edvel com tampa central Pe\u00e7a Nr.. 10A601171 &#8211; TR\u00c1SCertifica\u00e7\u00f5es: TS85-TP1021 VW3X-VW6X-57,1Notas:<br \/>\n                     &#8211; Pre\u00e7o unit\u00e1rio;<br \/>\n                     &#8211; IVA \u00e0 taxa em vigor inclu\u00eddo no pre\u00e7o;<br \/>\n                     &#8211; Limitado ao stock existente;<br \/>\n                     &#8211; Disponibilidade e pre\u00e7o carece de re-confirma\u00e7\u00e3o.<\/p>","protected":false},"featured_media":4859,"comment_status":"closed","ping_status":"open","template":"","meta":{"_acf_changed":false},"product_brand":[],"product_cat":[2022,635,2499,2500],"product_tag":[],"class_list":{"0":"post-4857","1":"product","2":"type-product","3":"status-publish","4":"has-post-thumbnail","6":"product_cat-2014-2019-subaru-legacy","7":"product_cat-jantes","8":"product_cat-volkswagen-id-buzz-m1","9":"product_cat-volkswagen-id-buzz-cargo-n1","11":"first","12":"instock","13":"purchasable","14":"product-type-simple"},"acf":[],"_links":{"self":[{"href":"https:\/\/altaroda.es\/en\/wp-json\/wp\/v2\/product\/4857","targetHints":{"allow":["GET"]}}],"collection":[{"href":"https:\/\/altaroda.es\/en\/wp-json\/wp\/v2\/product"}],"about":[{"href":"https:\/\/altaroda.es\/en\/wp-json\/wp\/v2\/types\/product"}],"replies":[{"embeddable":true,"href":"https:\/\/altaroda.es\/en\/wp-json\/wp\/v2\/comments?post=4857"}],"version-history":[{"count":1,"href":"https:\/\/altaroda.es\/en\/wp-json\/wp\/v2\/product\/4857\/revisions"}],"predecessor-version":[{"id":4858,"href":"https:\/\/altaroda.es\/en\/wp-json\/wp\/v2\/product\/4857\/revisions\/4858"}],"wp:featuredmedia":[{"embeddable":true,"href":"https:\/\/altaroda.es\/en\/wp-json\/wp\/v2\/media\/4859"}],"wp:attachment":[{"href":"https:\/\/altaroda.es\/en\/wp-json\/wp\/v2\/media?parent=4857"}],"wp:term":[{"taxonomy":"product_brand","embeddable":true,"href":"https:\/\/altaroda.es\/en\/wp-json\/wp\/v2\/product_brand?post=4857"},{"taxonomy":"product_cat","embeddable":true,"href":"https:\/\/altaroda.es\/en\/wp-json\/wp\/v2\/product_cat?post=4857"},{"taxonomy":"product_tag","embeddable":true,"href":"https:\/\/altaroda.es\/en\/wp-json\/wp\/v2\/product_tag?post=4857"}],"curies":[{"name":"wp","href":"https:\/\/api.w.org\/{rel}","templated":true}]}}