{"id":4825,"date":"2025-06-08T13:37:22","date_gmt":"2025-06-08T13:37:22","guid":{"rendered":"https:\/\/altaroda.es\/product\/zenith-14-gloss-black\/"},"modified":"2025-06-08T13:37:31","modified_gmt":"2025-06-08T13:37:31","slug":"zenith-14-gloss-black","status":"publish","type":"product","link":"https:\/\/altaroda.es\/en\/product\/zenith-14-gloss-black\/","title":{"rendered":"ZENITH 14 GLOSS BLACK"},"content":{"rendered":"<p>5,5J14 ZENIT\/EG ET16 4X108 65,1 GLBNotas:<br \/>\n                     &#8211; Pre\u00e7o unit\u00e1rio;<br \/>\n                     &#8211; IVA \u00e0 taxa em vigor inclu\u00eddo no pre\u00e7o;<br \/>\n                     &#8211; Limitado ao stock existente;<br \/>\n                     &#8211; Disponibilidade e pre\u00e7o carece de re-confirma\u00e7\u00e3o.<\/p>","protected":false},"excerpt":{"rendered":"<p>5,5J14 ZENIT\/EG ET16 4X108 65,1 GLBNotas:<br \/>\n                     &#8211; Pre\u00e7o unit\u00e1rio;<br \/>\n                     &#8211; IVA \u00e0 taxa em vigor inclu\u00eddo no pre\u00e7o;<br \/>\n                     &#8211; Limitado ao stock existente;<br \/>\n                     &#8211; Disponibilidade e pre\u00e7o carece de re-confirma\u00e7\u00e3o.<\/p>","protected":false},"featured_media":4827,"comment_status":"closed","ping_status":"open","template":"","meta":{"_acf_changed":false},"product_brand":[],"product_cat":[2123,2113,2122,2119,2118,2116,2121,2115,2114,2120,2117,2126,2132,2131,2125,2130,2124,2129,2128,2127,2144,2135,2149,2140,2145,2136,2150,2141,2146,2137,2151,2142,2133,2147,2138,2152,2143,2134,2148,2139,2162,2159,2158,2156,2155,2161,2154,2160,2157,2166,2172,2171,2170,2165,2169,2164,2168,2167,2163,2153,2185,2175,2192,2183,2178,2190,2181,2188,2173,2186,2176,2184,2179,2174,2191,2182,2177,2189,2180,2187,2201,2211,2197,2200,2210,2207,2195,2209,2198,2205,2193,2212,2204,2203,2194,2208,2206,2196,2202,2199,2222,2219,2216,2213,2221,2218,2215,2220,2217,2232,2214,2231,2226,2230,2225,2229,2224,2228,2223,2227,2246,2237,2235,2248,2233,2245,2244,2234,2252,2247,2243,2242,2239,2251,2241,2250,2240,2238,2249,2236,2266,2257,2271,2262,2253,2267,2258,2272,2263,2254,2268,2259,2264,2255,2269,2260,2265,2256,2270,2261,2290,2285,2289,2284,2288,2283,2287,2282,2279,2276,2273,2281,2278,2275,2280,2277,2292,2274,2291,2286,2304,2295,2309,2300,2305,2296,2310,2301,2306,2297,2311,2302,2293,2307,2298,2312,2303,2294,2308,2299,2316,2313,2321,2318,2315,2320,2317,2332,2314,2331,2326,2330,2325,2329,2324,2328,2323,2327,2322,2319,2348,2333,2346,2336,2344,2339,2351,2334,2342,2337,2349,2340,2347,2345,2352,2335,2343,2338,2350,2341,2363,2367,2362,2359,2356,2353,2361,2358,2355,2360,2357,2354,2372,2371,2366,2370,2365,2369,2364,2368,2388,2383,2387,2382,2379,2376,2373,2381,2378,2375,2380,2377,2392,2374,2391,2386,2390,2385,2389,2384,2405,2396,2410,2401,2406,2397,2411,2402,2393,2407,2398,2412,2403,2394,2408,2399,2404,2395,2409,2400,2414,2432,2431,2426,2430,2425,2429,2424,2428,2423,2427,2422,2419,2416,2413,2421,2418,2415,2420,2417,2444,2452,2447,2434,2443,2442,2439,2451,2441,2450,2440,2438,2436,2449,2446,2437,2435,2448,2433,2445,2464,2467,2454,2472,2463,2462,2459,2471,2461,2470,2460,2458,2469,2456,2466,2457,2468,2455,2453,2465,2483,2474,2488,2479,2484,2475,2489,2480,2485,2476,2490,2481,2486,2477,2491,2482,2473,2487,2478,2492,2004,2093,2094,2095,2096,2097,2098,2099,2100,2101,2102,635,2103,2104,2105,2106,2107,2108,2109,2110,2111,2112],"product_tag":[],"class_list":{"0":"post-4825","1":"product","2":"type-product","3":"status-publish","4":"has-post-thumbnail","6":"product_cat-03-2009-martin-motors-520","7":"product_cat-03-2009","8":"product_cat-03-2009-citroen-ds-zx","9":"product_cat-03-2009-citroen-ds-saxo","10":"product_cat-03-2009-citroen-ds-c3","11":"product_cat-03-2009-citroen-ds-bx","12":"product_cat-03-2009-citroen-ds-xsara","13":"product_cat-03-2009-citroen-ds-berlingo-n1","14":"product_cat-03-2009-citroen-ds-berlingo-m1","15":"product_cat-03-2009-citroen-ds-xantia","16":"product_cat-03-2009-citroen-ds-c2","17":"product_cat-03-2009-peugeot-106","18":"product_cat-03-2009-peugeot-partner-n1","19":"product_cat-03-2009-peugeot-partner-m1","20":"product_cat-03-2009-peugeot-1007","21":"product_cat-03-2009-peugeot-406","22":"product_cat-03-2009-martin-motors-520i","23":"product_cat-03-2009-peugeot-306","24":"product_cat-03-2009-peugeot-206-plus","25":"product_cat-03-2009-peugeot-206","26":"product_cat-03-2009-2012-martin-motors-520i","27":"product_cat-03-2009-2012-citroen-ds-berlingo-n1","28":"product_cat-03-2009-2012-peugeot-306","29":"product_cat-03-2009-2012-citroen-ds-xantia","30":"product_cat-03-2009-2012-peugeot-1007","31":"product_cat-03-2009-2012-citroen-ds-bx","32":"product_cat-03-2009-2012-peugeot-406","33":"product_cat-03-2009-2012-citroen-ds-xsara","34":"product_cat-03-2009-2012-peugeot-106","35":"product_cat-03-2009-2012-citroen-ds-c2","36":"product_cat-03-2009-2012-peugeot-partner-m1","37":"product_cat-03-2009-2012-citroen-ds-zx","38":"product_cat-03-2009-2012","39":"product_cat-03-2009-2012-peugeot-206","40":"product_cat-03-2009-2012-citroen-ds-c3","41":"product_cat-03-2009-2012-peugeot-partner-n1","42":"product_cat-03-2009-2012-martin-motors-520","43":"product_cat-03-2009-2012-citroen-ds-berlingo-m1","44":"product_cat-03-2009-2012-peugeot-206-plus","45":"product_cat-03-2009-2012-citroen-ds-saxo","46":"product_cat-08-2003-citroen-ds-zx","47":"product_cat-08-2003-citroen-ds-saxo","48":"product_cat-08-2003-citroen-ds-c3","49":"product_cat-08-2003-citroen-ds-bx","50":"product_cat-08-2003-citroen-ds-berlingo-n1","51":"product_cat-08-2003-citroen-ds-xsara","52":"product_cat-08-2003-citroen-ds-berlingo-m1","53":"product_cat-08-2003-citroen-ds-xantia","54":"product_cat-08-2003-citroen-ds-c2","55":"product_cat-08-2003-peugeot-106","56":"product_cat-08-2003-peugeot-partner-n1","57":"product_cat-08-2003-peugeot-partner-m1","58":"product_cat-08-2003-peugeot-406","59":"product_cat-08-2003-peugeot-1007","60":"product_cat-08-2003-peugeot-306","61":"product_cat-08-2003-martin-motors-520i","62":"product_cat-08-2003-peugeot-206-plus","63":"product_cat-08-2003-peugeot-206","64":"product_cat-08-2003-martin-motors-520","65":"product_cat-08-2003","66":"product_cat-08-2003-04-2008-peugeot-1007","67":"product_cat-08-2003-04-2008-citroen-ds-berlingo-n1","68":"product_cat-08-2003-04-2008-peugeot-partner-n1","69":"product_cat-08-2003-04-2008-martin-motors-520","70":"product_cat-08-2003-04-2008-citroen-ds-c3","71":"product_cat-08-2003-04-2008-peugeot-406","72":"product_cat-08-2003-04-2008-citroen-ds-xsara","73":"product_cat-08-2003-04-2008-peugeot-206-plus","74":"product_cat-08-2003-04-2008","75":"product_cat-08-2003-04-2008-peugeot-106","76":"product_cat-08-2003-04-2008-citroen-ds-bx","77":"product_cat-08-2003-04-2008-martin-motors-520i","78":"product_cat-08-2003-04-2008-citroen-ds-saxo","79":"product_cat-08-2003-04-2008-citroen-ds-berlingo-m1","80":"product_cat-08-2003-04-2008-peugeot-partner-m1","81":"product_cat-08-2003-04-2008-citroen-ds-zx","82":"product_cat-08-2003-04-2008-citroen-ds-c2","83":"product_cat-08-2003-04-2008-peugeot-306","84":"product_cat-08-2003-04-2008-citroen-ds-xantia","85":"product_cat-08-2003-04-2008-peugeot-206","86":"product_cat-08-2003-05-2008-citroen-ds-xsara","87":"product_cat-08-2003-05-2008-peugeot-partner-m1","88":"product_cat-08-2003-05-2008-citroen-ds-c2","89":"product_cat-08-2003-05-2008-citroen-ds-xantia","90":"product_cat-08-2003-05-2008-peugeot-406","91":"product_cat-08-2003-05-2008-peugeot-206","92":"product_cat-08-2003-05-2008-citroen-ds-berlingo-n1","93":"product_cat-08-2003-05-2008-peugeot-306","94":"product_cat-08-2003-05-2008-citroen-ds-c3","95":"product_cat-08-2003-05-2008-peugeot-1007","96":"product_cat-08-2003-05-2008","97":"product_cat-08-2003-05-2008-peugeot-partner-n1","98":"product_cat-08-2003-05-2008-martin-motors-520i","99":"product_cat-08-2003-05-2008-martin-motors-520","100":"product_cat-08-2003-05-2008-citroen-ds-berlingo-m1","101":"product_cat-08-2003-05-2008-peugeot-206-plus","102":"product_cat-08-2003-05-2008-peugeot-106","103":"product_cat-08-2003-05-2008-citroen-ds-bx","104":"product_cat-08-2003-05-2008-citroen-ds-zx","105":"product_cat-08-2003-05-2008-citroen-ds-saxo","106":"product_cat-08-2003-2005-citroen-ds-zx","107":"product_cat-08-2003-2005-citroen-ds-saxo","108":"product_cat-08-2003-2005-citroen-ds-bx","109":"product_cat-08-2003-2005","110":"product_cat-08-2003-2005-citroen-ds-xsara","111":"product_cat-08-2003-2005-citroen-ds-c3","112":"product_cat-08-2003-2005-citroen-ds-berlingo-n1","113":"product_cat-08-2003-2005-citroen-ds-xantia","114":"product_cat-08-2003-2005-citroen-ds-c2","115":"product_cat-08-2003-2005-peugeot-partner-n1","116":"product_cat-08-2003-2005-citroen-ds-berlingo-m1","117":"product_cat-08-2003-2005-peugeot-partner-m1","118":"product_cat-08-2003-2005-peugeot-106","119":"product_cat-08-2003-2005-peugeot-406","120":"product_cat-08-2003-2005-peugeot-1007","121":"product_cat-08-2003-2005-peugeot-306","122":"product_cat-08-2003-2005-martin-motors-520i","123":"product_cat-08-2003-2005-peugeot-206-plus","124":"product_cat-08-2003-2005-martin-motors-520","125":"product_cat-08-2003-2005-peugeot-206","126":"product_cat-08-2003-2009-peugeot-106","127":"product_cat-08-2003-2009-citroen-ds-c2","128":"product_cat-08-2003-2009-citroen-ds-berlingo-n1","129":"product_cat-08-2003-2009-peugeot-206-plus","130":"product_cat-08-2003-2009","131":"product_cat-08-2003-2009-peugeot-1007","132":"product_cat-08-2003-2009-martin-motors-520i","133":"product_cat-08-2003-2009-citroen-ds-berlingo-m1","134":"product_cat-08-2003-2009-peugeot-partner-n1","135":"product_cat-08-2003-2009-peugeot-206","136":"product_cat-08-2003-2009-martin-motors-520","137":"product_cat-08-2003-2009-citroen-ds-zx","138":"product_cat-08-2003-2009-citroen-ds-saxo","139":"product_cat-08-2003-2009-peugeot-partner-m1","140":"product_cat-08-2003-2009-citroen-ds-xsara","141":"product_cat-08-2003-2009-peugeot-406","142":"product_cat-08-2003-2009-citroen-ds-xantia","143":"product_cat-08-2003-2009-citroen-ds-c3","144":"product_cat-08-2003-2009-peugeot-306","145":"product_cat-08-2003-2009-citroen-ds-bx","146":"product_cat-08-2003-2012-peugeot-106","147":"product_cat-08-2003-2012-citroen-ds-c2","148":"product_cat-08-2003-2012-peugeot-partner-m1","149":"product_cat-08-2003-2012-citroen-ds-zx","150":"product_cat-08-2003-2012","151":"product_cat-08-2003-2012-peugeot-206","152":"product_cat-08-2003-2012-citroen-ds-c3","153":"product_cat-08-2003-2012-peugeot-partner-n1","154":"product_cat-08-2003-2012-martin-motors-520","155":"product_cat-08-2003-2012-citroen-ds-berlingo-m1","156":"product_cat-08-2003-2012-peugeot-206-plus","157":"product_cat-08-2003-2012-citroen-ds-saxo","158":"product_cat-08-2003-2012-martin-motors-520i","159":"product_cat-08-2003-2012-citroen-ds-berlingo-n1","160":"product_cat-08-2003-2012-peugeot-306","161":"product_cat-08-2003-2012-citroen-ds-xantia","162":"product_cat-08-2003-2012-peugeot-1007","163":"product_cat-08-2003-2012-citroen-ds-bx","164":"product_cat-08-2003-2012-peugeot-406","165":"product_cat-08-2003-2012-citroen-ds-xsara","166":"product_cat-12-2008-peugeot-406","167":"product_cat-12-2008-peugeot-1007","168":"product_cat-12-2008-peugeot-306","169":"product_cat-12-2008-martin-motors-520i","170":"product_cat-12-2008-peugeot-206-plus","171":"product_cat-12-2008-martin-motors-520","172":"product_cat-12-2008-peugeot-206","173":"product_cat-12-2008-citroen-ds-zx","174":"product_cat-12-2008-citroen-ds-saxo","175":"product_cat-12-2008-citroen-ds-bx","176":"product_cat-12-2008","177":"product_cat-12-2008-citroen-ds-xsara","178":"product_cat-12-2008-citroen-ds-c3","179":"product_cat-12-2008-citroen-ds-berlingo-n1","180":"product_cat-12-2008-citroen-ds-xantia","181":"product_cat-12-2008-citroen-ds-c2","182":"product_cat-12-2008-peugeot-partner-n1","183":"product_cat-12-2008-citroen-ds-berlingo-m1","184":"product_cat-12-2008-peugeot-partner-m1","185":"product_cat-12-2008-peugeot-106","186":"product_cat-1982-1994-martin-motors-520i","187":"product_cat-1982-1994-citroen-ds-berlingo-n1","188":"product_cat-1982-1994-peugeot-306","189":"product_cat-1982-1994-citroen-ds-xantia","190":"product_cat-1982-1994-peugeot-1007","191":"product_cat-1982-1994-citroen-ds-bx","192":"product_cat-1982-1994-peugeot-406","193":"product_cat-1982-1994-citroen-ds-xsara","194":"product_cat-1982-1994-peugeot-106","195":"product_cat-1982-1994-citroen-ds-c2","196":"product_cat-1982-1994-peugeot-partner-m1","197":"product_cat-1982-1994-citroen-ds-zx","198":"product_cat-1982-1994","199":"product_cat-1982-1994-peugeot-206","200":"product_cat-1982-1994-citroen-ds-c3","201":"product_cat-1982-1994-peugeot-partner-n1","202":"product_cat-1982-1994-martin-motors-520","203":"product_cat-1982-1994-citroen-ds-berlingo-m1","204":"product_cat-1982-1994-peugeot-206-plus","205":"product_cat-1982-1994-citroen-ds-saxo","206":"product_cat-1991-1998-citroen-ds-bx","207":"product_cat-1991-1998","208":"product_cat-1991-1998-citroen-ds-xsara","209":"product_cat-1991-1998-citroen-ds-c3","210":"product_cat-1991-1998-citroen-ds-berlingo-n1","211":"product_cat-1991-1998-citroen-ds-xantia","212":"product_cat-1991-1998-citroen-ds-c2","213":"product_cat-1991-1998-peugeot-partner-n1","214":"product_cat-1991-1998-citroen-ds-berlingo-m1","215":"product_cat-1991-1998-peugeot-partner-m1","216":"product_cat-1991-1998-peugeot-106","217":"product_cat-1991-1998-peugeot-406","218":"product_cat-1991-1998-peugeot-1007","219":"product_cat-1991-1998-peugeot-306","220":"product_cat-1991-1998-martin-motors-520i","221":"product_cat-1991-1998-peugeot-206-plus","222":"product_cat-1991-1998-martin-motors-520","223":"product_cat-1991-1998-peugeot-206","224":"product_cat-1991-1998-citroen-ds-zx","225":"product_cat-1991-1998-citroen-ds-saxo","226":"product_cat-1992-07-2003-peugeot-206-plus","227":"product_cat-1992-07-2003","228":"product_cat-1992-07-2003-peugeot-106","229":"product_cat-1992-07-2003-citroen-ds-bx","230":"product_cat-1992-07-2003-martin-motors-520i","231":"product_cat-1992-07-2003-citroen-ds-saxo","232":"product_cat-1992-07-2003-peugeot-partner-m1","233":"product_cat-1992-07-2003-citroen-ds-berlingo-m1","234":"product_cat-1992-07-2003-citroen-ds-zx","235":"product_cat-1992-07-2003-citroen-ds-c2","236":"product_cat-1992-07-2003-peugeot-306","237":"product_cat-1992-07-2003-citroen-ds-xantia","238":"product_cat-1992-07-2003-peugeot-206","239":"product_cat-1992-07-2003-peugeot-1007","240":"product_cat-1992-07-2003-peugeot-partner-n1","241":"product_cat-1992-07-2003-citroen-ds-berlingo-n1","242":"product_cat-1992-07-2003-martin-motors-520","243":"product_cat-1992-07-2003-citroen-ds-c3","244":"product_cat-1992-07-2003-peugeot-406","245":"product_cat-1992-07-2003-citroen-ds-xsara","246":"product_cat-1993-2001-martin-motors-520","247":"product_cat-1993-2001-peugeot-206","248":"product_cat-1993-2001-citroen-ds-zx","249":"product_cat-1993-2001-citroen-ds-saxo","250":"product_cat-1993-2001-citroen-ds-bx","251":"product_cat-1993-2001","252":"product_cat-1993-2001-citroen-ds-xsara","253":"product_cat-1993-2001-citroen-ds-c3","254":"product_cat-1993-2001-citroen-ds-berlingo-n1","255":"product_cat-1993-2001-citroen-ds-xantia","256":"product_cat-1993-2001-citroen-ds-c2","257":"product_cat-1993-2001-citroen-ds-berlingo-m1","258":"product_cat-1993-2001-peugeot-partner-n1","259":"product_cat-1993-2001-peugeot-partner-m1","260":"product_cat-1993-2001-peugeot-106","261":"product_cat-1993-2001-peugeot-406","262":"product_cat-1993-2001-peugeot-1007","263":"product_cat-1993-2001-peugeot-306","264":"product_cat-1993-2001-martin-motors-520i","265":"product_cat-1993-2001-peugeot-206-plus","266":"product_cat-1996-07-2003-peugeot-206-plus","267":"product_cat-1996-07-2003-martin-motors-520","268":"product_cat-1996-07-2003-peugeot-206","269":"product_cat-1996-07-2003-citroen-ds-zx","270":"product_cat-1996-07-2003-citroen-ds-saxo","271":"product_cat-1996-07-2003-citroen-ds-bx","272":"product_cat-1996-07-2003","273":"product_cat-1996-07-2003-citroen-ds-xsara","274":"product_cat-1996-07-2003-citroen-ds-c3","275":"product_cat-1996-07-2003-citroen-ds-berlingo-n1","276":"product_cat-1996-07-2003-citroen-ds-xantia","277":"product_cat-1996-07-2003-citroen-ds-c2","278":"product_cat-1996-07-2003-peugeot-partner-n1","279":"product_cat-1996-07-2003-citroen-ds-berlingo-m1","280":"product_cat-1996-07-2003-peugeot-partner-m1","281":"product_cat-1996-07-2003-peugeot-106","282":"product_cat-1996-07-2003-peugeot-406","283":"product_cat-1996-07-2003-peugeot-1007","284":"product_cat-1996-07-2003-peugeot-306","285":"product_cat-1996-07-2003-martin-motors-520i","286":"product_cat-1996-2003-peugeot-1007","287":"product_cat-1996-2003-citroen-ds-bx","288":"product_cat-1996-2003-peugeot-406","289":"product_cat-1996-2003-citroen-ds-xsara","290":"product_cat-1996-2003-peugeot-106","291":"product_cat-1996-2003-citroen-ds-c2","292":"product_cat-1996-2003-peugeot-partner-m1","293":"product_cat-1996-2003-citroen-ds-zx","294":"product_cat-1996-2003-citroen-ds-ax-gti","295":"product_cat-1996-2003-peugeot-206","296":"product_cat-1996-2003-citroen-ds-c3","297":"product_cat-1996-2003-peugeot-partner-n1","298":"product_cat-1996-2003-martin-motors-520","299":"product_cat-1996-2003-citroen-ds-berlingo-m1","300":"product_cat-1996-2003-peugeot-206-plus","301":"product_cat-1996-2003-citroen-ds-saxo","302":"product_cat-1996-2003-martin-motors-520i","303":"product_cat-1996-2003-citroen-ds-berlingo-n1","304":"product_cat-1996-2003-peugeot-306","305":"product_cat-1996-2003-citroen-ds-xantia","306":"product_cat-1997-07-2003-citroen-ds-berlingo-m1","307":"product_cat-1997-07-2003-peugeot-partner-n1","308":"product_cat-1997-07-2003-peugeot-partner-m1","309":"product_cat-1997-07-2003-peugeot-106","310":"product_cat-1997-07-2003-peugeot-406","311":"product_cat-1997-07-2003-peugeot-1007","312":"product_cat-1997-07-2003-peugeot-306","313":"product_cat-1997-07-2003-martin-motors-520i","314":"product_cat-1997-07-2003-peugeot-206-plus","315":"product_cat-1997-07-2003-martin-motors-520","316":"product_cat-1997-07-2003-peugeot-206","317":"product_cat-1997-07-2003-citroen-ds-zx","318":"product_cat-1997-07-2003-citroen-ds-saxo","319":"product_cat-1997-07-2003-citroen-ds-bx","320":"product_cat-1997-07-2003","321":"product_cat-1997-07-2003-citroen-ds-xsara","322":"product_cat-1997-07-2003-citroen-ds-c3","323":"product_cat-1997-07-2003-citroen-ds-berlingo-n1","324":"product_cat-1997-07-2003-citroen-ds-xantia","325":"product_cat-1997-07-2003-citroen-ds-c2","326":"product_cat-1998-07-2003-martin-motors-520i","327":"product_cat-1998-07-2003-peugeot-partner-n1","328":"product_cat-1998-07-2003-peugeot-206","329":"product_cat-1998-07-2003-citroen-ds-berlingo-m1","330":"product_cat-1998-07-2003-martin-motors-520","331":"product_cat-1998-07-2003-citroen-ds-zx","332":"product_cat-1998-07-2003-citroen-ds-saxo","333":"product_cat-1998-07-2003-peugeot-partner-m1","334":"product_cat-1998-07-2003-citroen-ds-xsara","335":"product_cat-1998-07-2003-peugeot-406","336":"product_cat-1998-07-2003-citroen-ds-xantia","337":"product_cat-1998-07-2003-citroen-ds-c3","338":"product_cat-1998-07-2003-citroen-ds-bx","339":"product_cat-1998-07-2003-peugeot-306","340":"product_cat-1998-07-2003-peugeot-106","341":"product_cat-1998-07-2003-citroen-ds-c2","342":"product_cat-1998-07-2003-citroen-ds-berlingo-n1","343":"product_cat-1998-07-2003-peugeot-206-plus","344":"product_cat-1998-07-2003","345":"product_cat-1998-07-2003-peugeot-1007","346":"product_cat-2002-07-2003-martin-motors-520i","347":"product_cat-2002-07-2003-peugeot-206","348":"product_cat-2002-07-2003-citroen-ds-berlingo-m1","349":"product_cat-2002-07-2003-peugeot-partner-n1","350":"product_cat-2002-07-2003-martin-motors-520","351":"product_cat-2002-07-2003-citroen-ds-zx","352":"product_cat-2002-07-2003-citroen-ds-saxo","353":"product_cat-2002-07-2003-peugeot-partner-m1","354":"product_cat-2002-07-2003-citroen-ds-xsara","355":"product_cat-2002-07-2003-peugeot-406","356":"product_cat-2002-07-2003-citroen-ds-xantia","357":"product_cat-2002-07-2003-citroen-ds-c3","358":"product_cat-2002-07-2003-peugeot-306","359":"product_cat-2002-07-2003-citroen-ds-bx","360":"product_cat-2002-07-2003-peugeot-106","361":"product_cat-2002-07-2003-citroen-ds-c2","362":"product_cat-2002-07-2003-peugeot-206-plus","363":"product_cat-2002-07-2003-citroen-ds-berlingo-n1","364":"product_cat-2002-07-2003","365":"product_cat-2002-07-2003-peugeot-1007","366":"product_cat-2004-2009-martin-motors-520","367":"product_cat-2004-2009-citroen-ds-berlingo-m1","368":"product_cat-2004-2009-peugeot-206-plus","369":"product_cat-2004-2009-citroen-ds-saxo","370":"product_cat-2004-2009-martin-motors-520i","371":"product_cat-2004-2009-citroen-ds-berlingo-n1","372":"product_cat-2004-2009-peugeot-306","373":"product_cat-2004-2009-citroen-ds-xantia","374":"product_cat-2004-2009-peugeot-1007","375":"product_cat-2004-2009-citroen-ds-bx","376":"product_cat-2004-2009-peugeot-406","377":"product_cat-2004-2009-citroen-ds-xsara","378":"product_cat-2004-2009-peugeot-106","379":"product_cat-2004-2009-citroen-ds-c2","380":"product_cat-2004-2009-peugeot-partner-m1","381":"product_cat-2004-2009-citroen-ds-zx","382":"product_cat-2004-2009","383":"product_cat-2004-2009-peugeot-206","384":"product_cat-2004-2009-citroen-ds-c3","385":"product_cat-2004-2009-peugeot-partner-n1","386":"product_cat-2013-2017-toyota-prius-iv-plugin-hybrid","387":"product_cat-citroen-ds-ax-gti","388":"product_cat-citroen-ds-berlingo-m1","389":"product_cat-citroen-ds-berlingo-n1","390":"product_cat-citroen-ds-bx","391":"product_cat-citroen-ds-c2","392":"product_cat-citroen-ds-c3","393":"product_cat-citroen-ds-saxo","394":"product_cat-citroen-ds-xantia","395":"product_cat-citroen-ds-xsara","396":"product_cat-citroen-ds-zx","397":"product_cat-jantes","398":"product_cat-martin-motors-520","399":"product_cat-martin-motors-520i","400":"product_cat-peugeot-1007","401":"product_cat-peugeot-106","402":"product_cat-peugeot-206","403":"product_cat-peugeot-206-plus","404":"product_cat-peugeot-306","405":"product_cat-peugeot-406","406":"product_cat-peugeot-partner-m1","407":"product_cat-peugeot-partner-n1","409":"first","410":"instock","411":"purchasable","412":"product-type-simple"},"acf":[],"_links":{"self":[{"href":"https:\/\/altaroda.es\/en\/wp-json\/wp\/v2\/product\/4825","targetHints":{"allow":["GET"]}}],"collection":[{"href":"https:\/\/altaroda.es\/en\/wp-json\/wp\/v2\/product"}],"about":[{"href":"https:\/\/altaroda.es\/en\/wp-json\/wp\/v2\/types\/product"}],"replies":[{"embeddable":true,"href":"https:\/\/altaroda.es\/en\/wp-json\/wp\/v2\/comments?post=4825"}],"version-history":[{"count":1,"href":"https:\/\/altaroda.es\/en\/wp-json\/wp\/v2\/product\/4825\/revisions"}],"predecessor-version":[{"id":4826,"href":"https:\/\/altaroda.es\/en\/wp-json\/wp\/v2\/product\/4825\/revisions\/4826"}],"wp:featuredmedia":[{"embeddable":true,"href":"https:\/\/altaroda.es\/en\/wp-json\/wp\/v2\/media\/4827"}],"wp:attachment":[{"href":"https:\/\/altaroda.es\/en\/wp-json\/wp\/v2\/media?parent=4825"}],"wp:term":[{"taxonomy":"product_brand","embeddable":true,"href":"https:\/\/altaroda.es\/en\/wp-json\/wp\/v2\/product_brand?post=4825"},{"taxonomy":"product_cat","embeddable":true,"href":"https:\/\/altaroda.es\/en\/wp-json\/wp\/v2\/product_cat?post=4825"},{"taxonomy":"product_tag","embeddable":true,"href":"https:\/\/altaroda.es\/en\/wp-json\/wp\/v2\/product_tag?post=4825"}],"curies":[{"name":"wp","href":"https:\/\/api.w.org\/{rel}","templated":true}]}}