{"id":4822,"date":"2025-06-08T13:37:22","date_gmt":"2025-06-08T13:37:22","guid":{"rendered":"https:\/\/altaroda.es\/product\/acciaio-16-silver-4\/"},"modified":"2025-06-08T13:37:30","modified_gmt":"2025-06-08T13:37:30","slug":"acciaio-16-silver-4","status":"publish","type":"product","link":"https:\/\/altaroda.es\/en\/product\/acciaio-16-silver-4\/","title":{"rendered":"ACCIAIO 16 SILVER"},"content":{"rendered":"<p>6,5J16 AC 9207\/G3 ET56 6X139 92,5SIAPENAS PARA CARROS COM RODAS ORIGINAIS DE 16 WHEELSNotas:<br \/>\n                     &#8211; Pre\u00e7o unit\u00e1rio;<br \/>\n                     &#8211; IVA \u00e0 taxa em vigor inclu\u00eddo no pre\u00e7o;<br \/>\n                     &#8211; Limitado ao stock existente;<br \/>\n                     &#8211; Disponibilidade e pre\u00e7o carece de re-confirma\u00e7\u00e3o.<\/p>","protected":false},"excerpt":{"rendered":"<p>6,5J16 AC 9207\/G3 ET56 6X139 92,5SIAPENAS PARA CARROS COM RODAS ORIGINAIS DE 16 WHEELSNotas:<br \/>\n                     &#8211; Pre\u00e7o unit\u00e1rio;<br \/>\n                     &#8211; IVA \u00e0 taxa em vigor inclu\u00eddo no pre\u00e7o;<br \/>\n                     &#8211; Limitado ao stock existente;<br \/>\n                     &#8211; Disponibilidade e pre\u00e7o carece de re-confirma\u00e7\u00e3o.<\/p>","protected":false},"featured_media":4824,"comment_status":"closed","ping_status":"open","template":"","meta":{"_acf_changed":false},"product_brand":[],"product_cat":[2008,2089,2090,2091,2092,635],"product_tag":[],"class_list":{"0":"post-4822","1":"product","2":"type-product","3":"status-publish","4":"has-post-thumbnail","6":"product_cat-2013-2017-volkswagen-golf-iii-vr6","7":"product_cat-hyundai-h-1-m1","8":"product_cat-hyundai-h-1-n1","9":"product_cat-hyundai-h300-m1","10":"product_cat-hyundai-h300-n1","11":"product_cat-jantes","13":"first","14":"instock","15":"purchasable","16":"product-type-simple"},"acf":[],"_links":{"self":[{"href":"https:\/\/altaroda.es\/en\/wp-json\/wp\/v2\/product\/4822","targetHints":{"allow":["GET"]}}],"collection":[{"href":"https:\/\/altaroda.es\/en\/wp-json\/wp\/v2\/product"}],"about":[{"href":"https:\/\/altaroda.es\/en\/wp-json\/wp\/v2\/types\/product"}],"replies":[{"embeddable":true,"href":"https:\/\/altaroda.es\/en\/wp-json\/wp\/v2\/comments?post=4822"}],"version-history":[{"count":1,"href":"https:\/\/altaroda.es\/en\/wp-json\/wp\/v2\/product\/4822\/revisions"}],"predecessor-version":[{"id":4823,"href":"https:\/\/altaroda.es\/en\/wp-json\/wp\/v2\/product\/4822\/revisions\/4823"}],"wp:featuredmedia":[{"embeddable":true,"href":"https:\/\/altaroda.es\/en\/wp-json\/wp\/v2\/media\/4824"}],"wp:attachment":[{"href":"https:\/\/altaroda.es\/en\/wp-json\/wp\/v2\/media?parent=4822"}],"wp:term":[{"taxonomy":"product_brand","embeddable":true,"href":"https:\/\/altaroda.es\/en\/wp-json\/wp\/v2\/product_brand?post=4822"},{"taxonomy":"product_cat","embeddable":true,"href":"https:\/\/altaroda.es\/en\/wp-json\/wp\/v2\/product_cat?post=4822"},{"taxonomy":"product_tag","embeddable":true,"href":"https:\/\/altaroda.es\/en\/wp-json\/wp\/v2\/product_tag?post=4822"}],"curies":[{"name":"wp","href":"https:\/\/api.w.org\/{rel}","templated":true}]}}