{"id":4811,"date":"2025-06-08T13:37:22","date_gmt":"2025-06-08T13:37:22","guid":{"rendered":"https:\/\/altaroda.es\/product\/overland-16-gloss-black-mirror-ring-3\/"},"modified":"2025-06-08T13:37:23","modified_gmt":"2025-06-08T13:37:23","slug":"overland-16-gloss-black-mirror-ring-3","status":"publish","type":"product","link":"https:\/\/altaroda.es\/en\/product\/overland-16-gloss-black-mirror-ring-3\/","title":{"rendered":"OVERLAND 16 GLOSS BLACK MIRROR RING"},"content":{"rendered":"<p>6,5J16 OVERLAN\/KT E55 5130 89,1 BMLPARA RODAS HOMOLOGADAS VERIFIQUE OS DOCUMENTOS TUVCertifica\u00e7\u00f5es: RV6560 KT-89,1-A06Notas:<br \/>\n                     &#8211; Pre\u00e7o unit\u00e1rio;<br \/>\n                     &#8211; IVA \u00e0 taxa em vigor inclu\u00eddo no pre\u00e7o;<br \/>\n                     &#8211; Limitado ao stock existente;<br \/>\n                     &#8211; Disponibilidade e pre\u00e7o carece de re-confirma\u00e7\u00e3o.<\/p>","protected":false},"excerpt":{"rendered":"<p>6,5J16 OVERLAN\/KT E55 5130 89,1 BMLPARA RODAS HOMOLOGADAS VERIFIQUE OS DOCUMENTOS TUVCertifica\u00e7\u00f5es: RV6560 KT-89,1-A06Notas:<br \/>\n                     &#8211; Pre\u00e7o unit\u00e1rio;<br \/>\n                     &#8211; IVA \u00e0 taxa em vigor inclu\u00eddo no pre\u00e7o;<br \/>\n                     &#8211; Limitado ao stock existente;<br \/>\n                     &#8211; Disponibilidade e pre\u00e7o carece de re-confirma\u00e7\u00e3o.<\/p>","protected":false},"featured_media":4813,"comment_status":"closed","ping_status":"open","template":"","meta":{"_acf_changed":false},"product_brand":[],"product_cat":[1340,1345,1341,1346,1342,1347,1338,1343,1339,1344,1349,1350,1351,1352,1348,1358,1354,1359,1355,1360,1356,1361,1357,1362,1353,635,1333,1334,1335,1336,1337],"product_tag":[],"class_list":{"0":"post-4811","1":"product","2":"type-product","3":"status-publish","4":"has-post-thumbnail","6":"product_cat-08-2000-2009-opel-movano-a-m1","7":"product_cat-08-2000-2009-opel-movano-a-m1-2","8":"product_cat-08-2000-2009-opel-movano-a-n1","9":"product_cat-08-2000-2009-opel-movano-a-n1-2","10":"product_cat-08-2000-2009-renault-master-ii-n1","11":"product_cat-08-2000-2009-renault-master-ii-n1-2","12":"product_cat-08-2000-2009","13":"product_cat-08-2000-2009-nissan-interstar-m1","14":"product_cat-08-2000-2009-nissan-interstar-n1","15":"product_cat-08-2000-2009-nissan-interstar-n1-2","16":"product_cat-2001-2009-nissan-interstar-n1","17":"product_cat-2001-2009-opel-movano-a-m1","18":"product_cat-2001-2009-opel-movano-a-n1","19":"product_cat-2001-2009-renault-master-ii-n1","20":"product_cat-2001-2009","21":"product_cat-2002-2011-nissan-interstar-m1","22":"product_cat-2002-2011-nissan-interstar-n1","23":"product_cat-2002-2011-nissan-interstar-n1-2","24":"product_cat-2002-2011-opel-movano-a-m1","25":"product_cat-2002-2011-opel-movano-a-m1-2","26":"product_cat-2002-2011-opel-movano-a-n1","27":"product_cat-2002-2011-opel-movano-a-n1-2","28":"product_cat-2002-2011-renault-master-ii-n1","29":"product_cat-2002-2011-renault-master-ii-n1-2","30":"product_cat-2002-2011","31":"product_cat-jantes","32":"product_cat-nissan-interstar-m1","33":"product_cat-nissan-interstar-n1","34":"product_cat-opel-movano-a-m1","35":"product_cat-opel-movano-a-n1","36":"product_cat-renault-master-ii-n1","38":"first","39":"instock","40":"purchasable","41":"product-type-simple"},"acf":[],"_links":{"self":[{"href":"https:\/\/altaroda.es\/en\/wp-json\/wp\/v2\/product\/4811","targetHints":{"allow":["GET"]}}],"collection":[{"href":"https:\/\/altaroda.es\/en\/wp-json\/wp\/v2\/product"}],"about":[{"href":"https:\/\/altaroda.es\/en\/wp-json\/wp\/v2\/types\/product"}],"replies":[{"embeddable":true,"href":"https:\/\/altaroda.es\/en\/wp-json\/wp\/v2\/comments?post=4811"}],"version-history":[{"count":1,"href":"https:\/\/altaroda.es\/en\/wp-json\/wp\/v2\/product\/4811\/revisions"}],"predecessor-version":[{"id":4812,"href":"https:\/\/altaroda.es\/en\/wp-json\/wp\/v2\/product\/4811\/revisions\/4812"}],"wp:featuredmedia":[{"embeddable":true,"href":"https:\/\/altaroda.es\/en\/wp-json\/wp\/v2\/media\/4813"}],"wp:attachment":[{"href":"https:\/\/altaroda.es\/en\/wp-json\/wp\/v2\/media?parent=4811"}],"wp:term":[{"taxonomy":"product_brand","embeddable":true,"href":"https:\/\/altaroda.es\/en\/wp-json\/wp\/v2\/product_brand?post=4811"},{"taxonomy":"product_cat","embeddable":true,"href":"https:\/\/altaroda.es\/en\/wp-json\/wp\/v2\/product_cat?post=4811"},{"taxonomy":"product_tag","embeddable":true,"href":"https:\/\/altaroda.es\/en\/wp-json\/wp\/v2\/product_tag?post=4811"}],"curies":[{"name":"wp","href":"https:\/\/api.w.org\/{rel}","templated":true}]}}