{"id":4793,"date":"2025-06-08T13:37:16","date_gmt":"2025-06-08T13:37:16","guid":{"rendered":"https:\/\/altaroda.es\/product\/epica-17-light-titan\/"},"modified":"2025-06-08T13:37:18","modified_gmt":"2025-06-08T13:37:18","slug":"epica-17-light-titan","status":"publish","type":"product","link":"https:\/\/altaroda.es\/en\/product\/epica-17-light-titan\/","title":{"rendered":"EPICA 17 LIGHT TITAN"},"content":{"rendered":"<p>6,5J17 EPIC\/FR4X ET50 5X114 64,1 LTAPENAS PARA CARROS COM RODAS ORIGINAIS DE 17Notas:<br \/>\n                     &#8211; Pre\u00e7o unit\u00e1rio;<br \/>\n                     &#8211; IVA \u00e0 taxa em vigor inclu\u00eddo no pre\u00e7o;<br \/>\n                     &#8211; Limitado ao stock existente;<br \/>\n                     &#8211; Disponibilidade e pre\u00e7o carece de re-confirma\u00e7\u00e3o.<\/p>","protected":false},"excerpt":{"rendered":"<p>6,5J17 EPIC\/FR4X ET50 5X114 64,1 LTAPENAS PARA CARROS COM RODAS ORIGINAIS DE 17Notas:<br \/>\n                     &#8211; Pre\u00e7o unit\u00e1rio;<br \/>\n                     &#8211; IVA \u00e0 taxa em vigor inclu\u00eddo no pre\u00e7o;<br \/>\n                     &#8211; Limitado ao stock existente;<br \/>\n                     &#8211; Disponibilidade e pre\u00e7o carece de re-confirma\u00e7\u00e3o.<\/p>","protected":false},"featured_media":4795,"comment_status":"closed","ping_status":"open","template":"","meta":{"_acf_changed":false},"product_brand":[],"product_cat":[1257,1258,1256,1261,1259,1260,1262,1263,1264,1253,1254,1255,635],"product_tag":[],"class_list":{"0":"post-4793","1":"product","2":"type-product","3":"status-publish","4":"has-post-thumbnail","6":"product_cat-2018-2022-honda-cr-v-cr-v-hybrid","7":"product_cat-2018-2022-honda-zr-v","8":"product_cat-2018-2022","9":"product_cat-2022-honda-zr-v","10":"product_cat-2022-honda-civic","11":"product_cat-2022-honda-cr-v-cr-v-hybrid","12":"product_cat-2023-honda-civic","13":"product_cat-2023-honda-cr-v-cr-v-hybrid","14":"product_cat-2023-honda-zr-v","15":"product_cat-honda-civic","16":"product_cat-honda-cr-v-cr-v-hybrid","17":"product_cat-honda-zr-v","18":"product_cat-jantes","20":"first","21":"instock","22":"purchasable","23":"product-type-simple"},"acf":[],"_links":{"self":[{"href":"https:\/\/altaroda.es\/en\/wp-json\/wp\/v2\/product\/4793","targetHints":{"allow":["GET"]}}],"collection":[{"href":"https:\/\/altaroda.es\/en\/wp-json\/wp\/v2\/product"}],"about":[{"href":"https:\/\/altaroda.es\/en\/wp-json\/wp\/v2\/types\/product"}],"replies":[{"embeddable":true,"href":"https:\/\/altaroda.es\/en\/wp-json\/wp\/v2\/comments?post=4793"}],"version-history":[{"count":1,"href":"https:\/\/altaroda.es\/en\/wp-json\/wp\/v2\/product\/4793\/revisions"}],"predecessor-version":[{"id":4794,"href":"https:\/\/altaroda.es\/en\/wp-json\/wp\/v2\/product\/4793\/revisions\/4794"}],"wp:featuredmedia":[{"embeddable":true,"href":"https:\/\/altaroda.es\/en\/wp-json\/wp\/v2\/media\/4795"}],"wp:attachment":[{"href":"https:\/\/altaroda.es\/en\/wp-json\/wp\/v2\/media?parent=4793"}],"wp:term":[{"taxonomy":"product_brand","embeddable":true,"href":"https:\/\/altaroda.es\/en\/wp-json\/wp\/v2\/product_brand?post=4793"},{"taxonomy":"product_cat","embeddable":true,"href":"https:\/\/altaroda.es\/en\/wp-json\/wp\/v2\/product_cat?post=4793"},{"taxonomy":"product_tag","embeddable":true,"href":"https:\/\/altaroda.es\/en\/wp-json\/wp\/v2\/product_tag?post=4793"}],"curies":[{"name":"wp","href":"https:\/\/api.w.org\/{rel}","templated":true}]}}