{"id":4761,"date":"2025-06-08T13:37:07","date_gmt":"2025-06-08T13:37:07","guid":{"rendered":"https:\/\/altaroda.es\/product\/rapp-20-gloss-black\/"},"modified":"2025-06-08T13:37:12","modified_gmt":"2025-06-08T13:37:12","slug":"rapp-20-gloss-black","status":"publish","type":"product","link":"https:\/\/altaroda.es\/en\/product\/rapp-20-gloss-black\/","title":{"rendered":"RAPP 20 GLOSS BLACK"},"content":{"rendered":"<p>10J20 RAPP\/IZX ET40 5X120 74,1 GLBLPARA RODAS HOMOLOGADAS VERIFIQUE OS DOCUMENTOS TUV-NADCertifica\u00e7\u00f5es: RU1020 IZX-72,6-A01Notas:<br \/>\n                     &#8211; Pre\u00e7o unit\u00e1rio;<br \/>\n                     &#8211; IVA \u00e0 taxa em vigor inclu\u00eddo no pre\u00e7o;<br \/>\n                     &#8211; Limitado ao stock existente;<br \/>\n                     &#8211; Disponibilidade e pre\u00e7o carece de re-confirma\u00e7\u00e3o.<\/p>","protected":false},"excerpt":{"rendered":"<p>10J20 RAPP\/IZX ET40 5X120 74,1 GLBLPARA RODAS HOMOLOGADAS VERIFIQUE OS DOCUMENTOS TUV-NADCertifica\u00e7\u00f5es: RU1020 IZX-72,6-A01Notas:<br \/>\n                     &#8211; Pre\u00e7o unit\u00e1rio;<br \/>\n                     &#8211; IVA \u00e0 taxa em vigor inclu\u00eddo no pre\u00e7o;<br \/>\n                     &#8211; Limitado ao stock existente;<br \/>\n                     &#8211; Disponibilidade e pre\u00e7o carece de re-confirma\u00e7\u00e3o.<\/p>","protected":false},"featured_media":4763,"comment_status":"closed","ping_status":"open","template":"","meta":{"_acf_changed":false},"product_brand":[],"product_cat":[1123,1118,1121,1116,1124,1119,1122,1117,1120,1146,1137,1151,1142,1147,1138,1131,1126,1152,1143,1134,1129,1148,1139,1132,1127,1153,1144,1135,1149,1140,1154,1145,1136,1130,1125,1150,1141,1133,1128,1162,1157,1160,1163,1158,1161,1156,1159,1155,1167,1170,1165,1168,1171,1166,1169,1164,1172,1187,1180,1175,1183,1188,1184,1178,1173,1181,1176,1185,1186,1179,1174,1182,1177,1203,1196,1191,1208,1199,1204,1209,1200,1194,1189,1205,1197,1192,1210,1201,1206,1211,1202,1195,1190,1207,1198,1193,1235,1212,1226,1219,1214,1231,1222,1236,1227,1232,1223,1217,1237,1228,1220,1215,1233,1224,1238,1229,1234,1225,1218,1213,1230,1221,1216,930,1109,1110,1111,931,1112,1113,1114,1115,635],"product_tag":[],"class_list":{"0":"post-4761","1":"product","2":"type-product","3":"status-publish","4":"has-post-thumbnail","6":"product_cat-03-2007-2013-bmw-x6-m-performance-x6","7":"product_cat-03-2007-2013-bmw-x5-m-performance-x5","8":"product_cat-03-2007-2013-bmw-x6-hybrid-hy-x-hy","9":"product_cat-03-2007-2013","10":"product_cat-03-2007-2013-bmw-x6-m-staggered-differenziato","11":"product_cat-03-2007-2013-bmw-x5-m-staggered-differenziato","12":"product_cat-03-2007-2013-bmw-x6-m-m7x-f86","13":"product_cat-03-2007-2013-bmw-x5-m-m7x-f85","14":"product_cat-03-2007-2013-bmw-x6","15":"product_cat-07-2009-08-2013-bmw-x6-m-performance-x6-3","16":"product_cat-07-2009-08-2013-bmw-x6-hybrid-hy-x-hy-2","17":"product_cat-07-2009-08-2013-bmw-x6-hybrid-hy-x-hy-4","18":"product_cat-07-2009-08-2013-bmw-x5-m-performance-x5-3","19":"product_cat-07-2009-08-2013-bmw-x6-m-staggered-differenziato-3","20":"product_cat-07-2009-08-2013-bmw-x6-m-m7x-f86-2","21":"product_cat-07-2009-08-2013-bmw-x6-m-m7x-f86","22":"product_cat-07-2009-08-2013-bmw-x5-m-m7x-f85","23":"product_cat-07-2009-08-2013-bmw-x6-m-m7x-f86-4","24":"product_cat-07-2009-08-2013-bmw-x5-m-staggered-differenziato-3","25":"product_cat-07-2009-08-2013-bmw-x5-m-m7x-f85-2","26":"product_cat-07-2009-08-2013-bmw-x6","27":"product_cat-07-2009-08-2013-bmw-x5-m-m7x-f85-4","28":"product_cat-07-2009-08-2013-bmw-x6-m-performance-x6-2","29":"product_cat-07-2009-08-2013-bmw-x6-m-performance-x6","30":"product_cat-07-2009-08-2013-bmw-x5-m-performance-x5","31":"product_cat-07-2009-08-2013-bmw-x6-m-performance-x6-4","32":"product_cat-07-2009-08-2013-bmw-x6-hybrid-hy-x-hy-3","33":"product_cat-07-2009-08-2013-bmw-x5-m-performance-x5-2","34":"product_cat-07-2009-08-2013-bmw-x5-m-performance-x5-4","35":"product_cat-07-2009-08-2013-bmw-x6-m-staggered-differenziato-2","36":"product_cat-07-2009-08-2013-bmw-x6-m-staggered-differenziato-4","37":"product_cat-07-2009-08-2013-bmw-x6-m-m7x-f86-3","38":"product_cat-07-2009-08-2013-bmw-x5-m-staggered-differenziato-2","39":"product_cat-07-2009-08-2013-bmw-x6-hybrid-hy-x-hy","40":"product_cat-07-2009-08-2013","41":"product_cat-07-2009-08-2013-bmw-x5-m-staggered-differenziato-4","42":"product_cat-07-2009-08-2013-bmw-x5-m-m7x-f85-3","43":"product_cat-07-2009-08-2013-bmw-x6-m-staggered-differenziato","44":"product_cat-07-2009-08-2013-bmw-x5-m-staggered-differenziato","45":"product_cat-2000-02-2007-bmw-x6-m-performance-x6","46":"product_cat-2000-02-2007-bmw-x5-m-performance-x5","47":"product_cat-2000-02-2007-bmw-x6-hybrid-hy-x-hy","48":"product_cat-2000-02-2007-bmw-x6-m-staggered-differenziato","49":"product_cat-2000-02-2007-bmw-x5-m-staggered-differenziato","50":"product_cat-2000-02-2007-bmw-x6-m-m7x-f86","51":"product_cat-2000-02-2007-bmw-x5-m-m7x-f85","52":"product_cat-2000-02-2007-bmw-x6","53":"product_cat-2000-02-2007","54":"product_cat-2008-2013-bmw-x5-m-staggered-differenziato","55":"product_cat-2008-2013-bmw-x6-m-m7x-f86","56":"product_cat-2008-2013-bmw-x5-m-m7x-f85","57":"product_cat-2008-2013-bmw-x6","58":"product_cat-2008-2013-bmw-x6-m-performance-x6","59":"product_cat-2008-2013-bmw-x5-m-performance-x5","60":"product_cat-2008-2013-bmw-x6-hybrid-hy-x-hy","61":"product_cat-2008-2013","62":"product_cat-2008-2013-bmw-x6-m-staggered-differenziato","63":"product_cat-2008-2019-bmw-x6-m-performance-x6-2","64":"product_cat-2008-2019-bmw-x6-m-performance-x6","65":"product_cat-2008-2019-bmw-x5-m-performance-x5","66":"product_cat-2008-2019-bmw-x5-m-performance-x5-2","67":"product_cat-2008-2019-bmw-x6-m-staggered-differenziato-2","68":"product_cat-2008-2019-bmw-x5-m-staggered-differenziato-2","69":"product_cat-2008-2019-bmw-x6-hybrid-hy-x-hy","70":"product_cat-2008-2019","71":"product_cat-2008-2019-bmw-x6-m-staggered-differenziato","72":"product_cat-2008-2019-bmw-x5-m-staggered-differenziato","73":"product_cat-2008-2019-bmw-x6-hybrid-hy-x-hy-2","74":"product_cat-2008-2019-bmw-x6-m-m7x-f86-2","75":"product_cat-2008-2019-bmw-x6-m-m7x-f86","76":"product_cat-2008-2019-bmw-x5-m-m7x-f85","77":"product_cat-2008-2019-bmw-x5-m-m7x-f85-2","78":"product_cat-2008-2019-bmw-x6","79":"product_cat-2014-2018-bmw-x6-m-performance-x6-2","80":"product_cat-2014-2018-bmw-x6-m-performance-x6","81":"product_cat-2014-2018-bmw-x5-m-performance-x5","82":"product_cat-2014-2018-bmw-x6-hybrid-hy-x-hy-3","83":"product_cat-2014-2018-bmw-x5-m-performance-x5-2","84":"product_cat-2014-2018-bmw-x6-m-staggered-differenziato-2","85":"product_cat-2014-2018-bmw-x6-m-m7x-f86-3","86":"product_cat-2014-2018-bmw-x5-m-staggered-differenziato-2","87":"product_cat-2014-2018-bmw-x6-hybrid-hy-x-hy","88":"product_cat-2014-2018","89":"product_cat-2014-2018-bmw-x5-m-m7x-f85-3","90":"product_cat-2014-2018-bmw-x6-m-staggered-differenziato","91":"product_cat-2014-2018-bmw-x5-m-staggered-differenziato","92":"product_cat-2014-2018-bmw-x6-m-performance-x6-3","93":"product_cat-2014-2018-bmw-x6-hybrid-hy-x-hy-2","94":"product_cat-2014-2018-bmw-x5-m-performance-x5-3","95":"product_cat-2014-2018-bmw-x6-m-staggered-differenziato-3","96":"product_cat-2014-2018-bmw-x6-m-m7x-f86-2","97":"product_cat-2014-2018-bmw-x6-m-m7x-f86","98":"product_cat-2014-2018-bmw-x5-m-m7x-f85","99":"product_cat-2014-2018-bmw-x5-m-staggered-differenziato-3","100":"product_cat-2014-2018-bmw-x5-m-m7x-f85-2","101":"product_cat-2014-2018-bmw-x6","102":"product_cat-2014-2019-bmw-x5-m-m7x-f85-4","103":"product_cat-2014-2019","104":"product_cat-2014-2019-bmw-x6-m-performance-x6-2","105":"product_cat-2014-2019-bmw-x6-m-performance-x6","106":"product_cat-2014-2019-bmw-x5-m-performance-x5","107":"product_cat-2014-2019-bmw-x6-hybrid-hy-x-hy-3","108":"product_cat-2014-2019-bmw-x5-m-performance-x5-2","109":"product_cat-2014-2019-bmw-x5-m-performance-x5-4","110":"product_cat-2014-2019-bmw-x6-m-staggered-differenziato-2","111":"product_cat-2014-2019-bmw-x6-m-m7x-f86-3","112":"product_cat-2014-2019-bmw-x5-m-staggered-differenziato-2","113":"product_cat-2014-2019-bmw-x6-hybrid-hy-x-hy","114":"product_cat-2014-2019-bmw-x5-m-staggered-differenziato-4","115":"product_cat-2014-2019-bmw-x5-m-m7x-f85-3","116":"product_cat-2014-2019-bmw-x6-m-staggered-differenziato","117":"product_cat-2014-2019-bmw-x5-m-staggered-differenziato","118":"product_cat-2014-2019-bmw-x6-m-performance-x6-3","119":"product_cat-2014-2019-bmw-x6-hybrid-hy-x-hy-2","120":"product_cat-2014-2019-bmw-x6-hybrid-hy-x-hy-4","121":"product_cat-2014-2019-bmw-x5-m-performance-x5-3","122":"product_cat-2014-2019-bmw-x6-m-staggered-differenziato-3","123":"product_cat-2014-2019-bmw-x6-m-m7x-f86-2","124":"product_cat-2014-2019-bmw-x6-m-m7x-f86","125":"product_cat-2014-2019-bmw-x5-m-m7x-f85","126":"product_cat-2014-2019-bmw-x5-m-staggered-differenziato-3","127":"product_cat-2014-2019-bmw-x5-m-m7x-f85-2","128":"product_cat-2014-2019-bmw-x6","129":"product_cat-bmw-x5","130":"product_cat-bmw-x5-m-m7x-f85","131":"product_cat-bmw-x5-m-performance-x5","132":"product_cat-bmw-x5-m-staggered-differenziato","133":"product_cat-bmw-x6","134":"product_cat-bmw-x6-hybrid-hy-x-hy","135":"product_cat-bmw-x6-m-m7x-f86","136":"product_cat-bmw-x6-m-performance-x6","137":"product_cat-bmw-x6-m-staggered-differenziato","138":"product_cat-jantes","140":"first","141":"instock","142":"purchasable","143":"product-type-simple"},"acf":[],"_links":{"self":[{"href":"https:\/\/altaroda.es\/en\/wp-json\/wp\/v2\/product\/4761","targetHints":{"allow":["GET"]}}],"collection":[{"href":"https:\/\/altaroda.es\/en\/wp-json\/wp\/v2\/product"}],"about":[{"href":"https:\/\/altaroda.es\/en\/wp-json\/wp\/v2\/types\/product"}],"replies":[{"embeddable":true,"href":"https:\/\/altaroda.es\/en\/wp-json\/wp\/v2\/comments?post=4761"}],"version-history":[{"count":1,"href":"https:\/\/altaroda.es\/en\/wp-json\/wp\/v2\/product\/4761\/revisions"}],"predecessor-version":[{"id":4762,"href":"https:\/\/altaroda.es\/en\/wp-json\/wp\/v2\/product\/4761\/revisions\/4762"}],"wp:featuredmedia":[{"embeddable":true,"href":"https:\/\/altaroda.es\/en\/wp-json\/wp\/v2\/media\/4763"}],"wp:attachment":[{"href":"https:\/\/altaroda.es\/en\/wp-json\/wp\/v2\/media?parent=4761"}],"wp:term":[{"taxonomy":"product_brand","embeddable":true,"href":"https:\/\/altaroda.es\/en\/wp-json\/wp\/v2\/product_brand?post=4761"},{"taxonomy":"product_cat","embeddable":true,"href":"https:\/\/altaroda.es\/en\/wp-json\/wp\/v2\/product_cat?post=4761"},{"taxonomy":"product_tag","embeddable":true,"href":"https:\/\/altaroda.es\/en\/wp-json\/wp\/v2\/product_tag?post=4761"}],"curies":[{"name":"wp","href":"https:\/\/api.w.org\/{rel}","templated":true}]}}