{"id":4728,"date":"2025-06-08T13:37:00","date_gmt":"2025-06-08T13:37:00","guid":{"rendered":"https:\/\/altaroda.es\/product\/malmoe-19-black-mirror\/"},"modified":"2025-06-08T13:37:02","modified_gmt":"2025-06-08T13:37:02","slug":"malmoe-19-black-mirror","status":"publish","type":"product","link":"https:\/\/altaroda.es\/en\/product\/malmoe-19-black-mirror\/","title":{"rendered":"MALMOE 19 BLACK MIRROR"},"content":{"rendered":"<p>8J19 MALMOE\/GD5X ET50 5X108 63,4 BMFRENTE &#8211; AT. POSI\u00c7\u00c3O DOS PESOS DE EQUIL\u00cdBRIO &#8211; PARA RODAS HOMOLOGADAS VERIFIQUE OS DOCUMENTOS ECE-NADNotas:<br \/>\n                     &#8211; Pre\u00e7o unit\u00e1rio;<br \/>\n                     &#8211; IVA \u00e0 taxa em vigor inclu\u00eddo no pre\u00e7o;<br \/>\n                     &#8211; Limitado ao stock existente;<br \/>\n                     &#8211; Disponibilidade e pre\u00e7o carece de re-confirma\u00e7\u00e3o.<\/p>","protected":false},"excerpt":{"rendered":"<p>8J19 MALMOE\/GD5X ET50 5X108 63,4 BMFRENTE &#8211; AT. POSI\u00c7\u00c3O DOS PESOS DE EQUIL\u00cdBRIO &#8211; PARA RODAS HOMOLOGADAS VERIFIQUE OS DOCUMENTOS ECE-NADNotas:<br \/>\n                     &#8211; Pre\u00e7o unit\u00e1rio;<br \/>\n                     &#8211; IVA \u00e0 taxa em vigor inclu\u00eddo no pre\u00e7o;<br \/>\n                     &#8211; Limitado ao stock existente;<br \/>\n                     &#8211; Disponibilidade e pre\u00e7o carece de re-confirma\u00e7\u00e3o.<\/p>","protected":false},"featured_media":4730,"comment_status":"closed","ping_status":"open","template":"","meta":{"_acf_changed":false},"product_brand":[],"product_cat":[1055,1054,635,1053],"product_tag":[],"class_list":{"0":"post-4728","1":"product","2":"type-product","3":"status-publish","4":"has-post-thumbnail","6":"product_cat-2020-polestar-polestar-2-brembo-brakes-2","7":"product_cat-2020-polestar-polestar-2-brembo-brakes","8":"product_cat-jantes","9":"product_cat-polestar-polestar-2-brembo-brakes","11":"first","12":"instock","13":"purchasable","14":"product-type-simple"},"acf":[],"_links":{"self":[{"href":"https:\/\/altaroda.es\/en\/wp-json\/wp\/v2\/product\/4728","targetHints":{"allow":["GET"]}}],"collection":[{"href":"https:\/\/altaroda.es\/en\/wp-json\/wp\/v2\/product"}],"about":[{"href":"https:\/\/altaroda.es\/en\/wp-json\/wp\/v2\/types\/product"}],"replies":[{"embeddable":true,"href":"https:\/\/altaroda.es\/en\/wp-json\/wp\/v2\/comments?post=4728"}],"version-history":[{"count":1,"href":"https:\/\/altaroda.es\/en\/wp-json\/wp\/v2\/product\/4728\/revisions"}],"predecessor-version":[{"id":4729,"href":"https:\/\/altaroda.es\/en\/wp-json\/wp\/v2\/product\/4728\/revisions\/4729"}],"wp:featuredmedia":[{"embeddable":true,"href":"https:\/\/altaroda.es\/en\/wp-json\/wp\/v2\/media\/4730"}],"wp:attachment":[{"href":"https:\/\/altaroda.es\/en\/wp-json\/wp\/v2\/media?parent=4728"}],"wp:term":[{"taxonomy":"product_brand","embeddable":true,"href":"https:\/\/altaroda.es\/en\/wp-json\/wp\/v2\/product_brand?post=4728"},{"taxonomy":"product_cat","embeddable":true,"href":"https:\/\/altaroda.es\/en\/wp-json\/wp\/v2\/product_cat?post=4728"},{"taxonomy":"product_tag","embeddable":true,"href":"https:\/\/altaroda.es\/en\/wp-json\/wp\/v2\/product_tag?post=4728"}],"curies":[{"name":"wp","href":"https:\/\/api.w.org\/{rel}","templated":true}]}}