{"id":4725,"date":"2025-06-08T13:37:00","date_gmt":"2025-06-08T13:37:00","guid":{"rendered":"https:\/\/altaroda.es\/product\/sturm-22-black-mirror\/"},"modified":"2025-06-08T13:37:02","modified_gmt":"2025-06-08T13:37:02","slug":"sturm-22-black-mirror","status":"publish","type":"product","link":"https:\/\/altaroda.es\/en\/product\/sturm-22-black-mirror\/","title":{"rendered":"STURM 22 BLACK MIRROR"},"content":{"rendered":"<p>10J22 STURM\/WS2X ET36 5X112 66,6 BMRODAS SA\u00cdDAS DOS P\u00c1RA-LAMASPARA RODAS HOMOLOGADAS VERIFIQUE OS DOCUMENTOS TUVCertifica\u00e7\u00f5es: SM1022 WS2X-66,6-A01Notas:<br \/>\n                     &#8211; Pre\u00e7o unit\u00e1rio;<br \/>\n                     &#8211; IVA \u00e0 taxa em vigor inclu\u00eddo no pre\u00e7o;<br \/>\n                     &#8211; Limitado ao stock existente;<br \/>\n                     &#8211; Disponibilidade e pre\u00e7o carece de re-confirma\u00e7\u00e3o.<\/p>","protected":false},"excerpt":{"rendered":"<p>10J22 STURM\/WS2X ET36 5X112 66,6 BMRODAS SA\u00cdDAS DOS P\u00c1RA-LAMASPARA RODAS HOMOLOGADAS VERIFIQUE OS DOCUMENTOS TUVCertifica\u00e7\u00f5es: SM1022 WS2X-66,6-A01Notas:<br \/>\n                     &#8211; Pre\u00e7o unit\u00e1rio;<br \/>\n                     &#8211; IVA \u00e0 taxa em vigor inclu\u00eddo no pre\u00e7o;<br \/>\n                     &#8211; Limitado ao stock existente;<br \/>\n                     &#8211; Disponibilidade e pre\u00e7o carece de re-confirma\u00e7\u00e3o.<\/p>","protected":false},"featured_media":4727,"comment_status":"closed","ping_status":"open","template":"","meta":{"_acf_changed":false},"product_brand":[],"product_cat":[1044,1045,1046,1047,1052,1048,1049,1050,1051,1041,635,1042,1043],"product_tag":[],"class_list":{"0":"post-4725","1":"product","2":"type-product","3":"status-publish","4":"has-post-thumbnail","6":"product_cat-1044","7":"product_cat-2005-mercedes-gls-63-amg","8":"product_cat-2005-mercedes-m-klasse","9":"product_cat-2021-bmw-ix40-ix50-ix-m60","10":"product_cat-2021-mercedes-m-klasse-2","11":"product_cat-2021-mercedes-gls-63-amg","12":"product_cat-2021-mercedes-m-klasse","13":"product_cat-2021-bmw-ix40-ix50-ix-m60-2","14":"product_cat-2021-mercedes-gls-63-amg-2","15":"product_cat-bmw-ix40-ix50-ix-m60","16":"product_cat-jantes","17":"product_cat-mercedes-gls-63-amg","18":"product_cat-mercedes-m-klasse","20":"first","21":"instock","22":"purchasable","23":"product-type-simple"},"acf":[],"_links":{"self":[{"href":"https:\/\/altaroda.es\/en\/wp-json\/wp\/v2\/product\/4725","targetHints":{"allow":["GET"]}}],"collection":[{"href":"https:\/\/altaroda.es\/en\/wp-json\/wp\/v2\/product"}],"about":[{"href":"https:\/\/altaroda.es\/en\/wp-json\/wp\/v2\/types\/product"}],"replies":[{"embeddable":true,"href":"https:\/\/altaroda.es\/en\/wp-json\/wp\/v2\/comments?post=4725"}],"version-history":[{"count":1,"href":"https:\/\/altaroda.es\/en\/wp-json\/wp\/v2\/product\/4725\/revisions"}],"predecessor-version":[{"id":4726,"href":"https:\/\/altaroda.es\/en\/wp-json\/wp\/v2\/product\/4725\/revisions\/4726"}],"wp:featuredmedia":[{"embeddable":true,"href":"https:\/\/altaroda.es\/en\/wp-json\/wp\/v2\/media\/4727"}],"wp:attachment":[{"href":"https:\/\/altaroda.es\/en\/wp-json\/wp\/v2\/media?parent=4725"}],"wp:term":[{"taxonomy":"product_brand","embeddable":true,"href":"https:\/\/altaroda.es\/en\/wp-json\/wp\/v2\/product_brand?post=4725"},{"taxonomy":"product_cat","embeddable":true,"href":"https:\/\/altaroda.es\/en\/wp-json\/wp\/v2\/product_cat?post=4725"},{"taxonomy":"product_tag","embeddable":true,"href":"https:\/\/altaroda.es\/en\/wp-json\/wp\/v2\/product_tag?post=4725"}],"curies":[{"name":"wp","href":"https:\/\/api.w.org\/{rel}","templated":true}]}}