{"id":4710,"date":"2025-06-08T13:36:52","date_gmt":"2025-06-08T13:36:52","guid":{"rendered":"https:\/\/altaroda.es\/product\/sturm-21-black-mirror\/"},"modified":"2025-06-08T13:36:56","modified_gmt":"2025-06-08T13:36:56","slug":"sturm-21-black-mirror","status":"publish","type":"product","link":"https:\/\/altaroda.es\/en\/product\/sturm-21-black-mirror\/","title":{"rendered":"STURM 21 BLACK MIRROR"},"content":{"rendered":"<p>10,5J21 STURM\/IS2X E41 5120 66,6 BMTR\u00c1S &#8211; O.E. (BMW) Compat\u00edvel com tampa central Pe\u00e7a Nr.. 36136850834 &#8211; PARA RODAS HOMOLOGADAS VERIFIQUE OS DOCUMENTOS TUV-NADCertifica\u00e7\u00f5es: SM95-0521 IS1X-IS2X-66,6Notas:<br \/>\n                     &#8211; Pre\u00e7o unit\u00e1rio;<br \/>\n                     &#8211; IVA \u00e0 taxa em vigor inclu\u00eddo no pre\u00e7o;<br \/>\n                     &#8211; Limitado ao stock existente;<br \/>\n                     &#8211; Disponibilidade e pre\u00e7o carece de re-confirma\u00e7\u00e3o.<\/p>","protected":false},"excerpt":{"rendered":"<p>10,5J21 STURM\/IS2X E41 5120 66,6 BMTR\u00c1S &#8211; O.E. (BMW) Compat\u00edvel com tampa central Pe\u00e7a Nr.. 36136850834 &#8211; PARA RODAS HOMOLOGADAS VERIFIQUE OS DOCUMENTOS TUV-NADCertifica\u00e7\u00f5es: SM95-0521 IS1X-IS2X-66,6Notas:<br \/>\n                     &#8211; Pre\u00e7o unit\u00e1rio;<br \/>\n                     &#8211; IVA \u00e0 taxa em vigor inclu\u00eddo no pre\u00e7o;<br \/>\n                     &#8211; Limitado ao stock existente;<br \/>\n                     &#8211; Disponibilidade e pre\u00e7o carece de re-confirma\u00e7\u00e3o.<\/p>","protected":false},"featured_media":4712,"comment_status":"closed","ping_status":"open","template":"","meta":{"_acf_changed":false},"product_brand":[],"product_cat":[967,963,968,964,969,965,970,966,962,976,972,973,974,975,971,959,635,960,961],"product_tag":[],"class_list":{"0":"post-4710","1":"product","2":"type-product","3":"status-publish","4":"has-post-thumbnail","6":"product_cat-2023-lotus-emeya-ld-2","7":"product_cat-2023-lotus-eletre-lb","8":"product_cat-2023-bmw-xm-3","9":"product_cat-2023-lotus-emeya-ld","10":"product_cat-2023-lotus-eletre-lb-3","11":"product_cat-2023-bmw-xm-2","12":"product_cat-2023-lotus-emeya-ld-3","13":"product_cat-2023-lotus-eletre-lb-2","14":"product_cat-2023-bmw-xm","15":"product_cat-2024-lotus-emeya-ld-2","16":"product_cat-2024-lotus-eletre-lb","17":"product_cat-2024-lotus-emeya-ld","18":"product_cat-2024-bmw-xm-2","19":"product_cat-2024-lotus-eletre-lb-2","20":"product_cat-2024-bmw-xm","21":"product_cat-bmw-xm","22":"product_cat-jantes","23":"product_cat-lotus-eletre-lb","24":"product_cat-lotus-emeya-ld","26":"first","27":"instock","28":"purchasable","29":"product-type-simple"},"acf":[],"_links":{"self":[{"href":"https:\/\/altaroda.es\/en\/wp-json\/wp\/v2\/product\/4710","targetHints":{"allow":["GET"]}}],"collection":[{"href":"https:\/\/altaroda.es\/en\/wp-json\/wp\/v2\/product"}],"about":[{"href":"https:\/\/altaroda.es\/en\/wp-json\/wp\/v2\/types\/product"}],"replies":[{"embeddable":true,"href":"https:\/\/altaroda.es\/en\/wp-json\/wp\/v2\/comments?post=4710"}],"version-history":[{"count":1,"href":"https:\/\/altaroda.es\/en\/wp-json\/wp\/v2\/product\/4710\/revisions"}],"predecessor-version":[{"id":4711,"href":"https:\/\/altaroda.es\/en\/wp-json\/wp\/v2\/product\/4710\/revisions\/4711"}],"wp:featuredmedia":[{"embeddable":true,"href":"https:\/\/altaroda.es\/en\/wp-json\/wp\/v2\/media\/4712"}],"wp:attachment":[{"href":"https:\/\/altaroda.es\/en\/wp-json\/wp\/v2\/media?parent=4710"}],"wp:term":[{"taxonomy":"product_brand","embeddable":true,"href":"https:\/\/altaroda.es\/en\/wp-json\/wp\/v2\/product_brand?post=4710"},{"taxonomy":"product_cat","embeddable":true,"href":"https:\/\/altaroda.es\/en\/wp-json\/wp\/v2\/product_cat?post=4710"},{"taxonomy":"product_tag","embeddable":true,"href":"https:\/\/altaroda.es\/en\/wp-json\/wp\/v2\/product_tag?post=4710"}],"curies":[{"name":"wp","href":"https:\/\/api.w.org\/{rel}","templated":true}]}}