{"id":4704,"date":"2025-06-08T13:36:52","date_gmt":"2025-06-08T13:36:52","guid":{"rendered":"https:\/\/altaroda.es\/product\/sturm-20-black-mirror\/"},"modified":"2025-06-08T13:36:55","modified_gmt":"2025-06-08T13:36:55","slug":"sturm-20-black-mirror","status":"publish","type":"product","link":"https:\/\/altaroda.es\/en\/product\/sturm-20-black-mirror\/","title":{"rendered":"STURM 20 BLACK MIRROR"},"content":{"rendered":"<p>10,5J20 STURM\/WS2X E40 5112 66,6 BMO.E. (BMW) Compat\u00edvel com tampa central Pe\u00e7a Nr.. 36136850834 &#8211; PARA RODAS HOMOLOGADAS VERIFIQUE OS DOCUMENTOS TUVCertifica\u00e7\u00f5es: SM90-0520 WSX-WS2X-66,6Notas:<br \/>\n                     &#8211; Pre\u00e7o unit\u00e1rio;<br \/>\n                     &#8211; IVA \u00e0 taxa em vigor inclu\u00eddo no pre\u00e7o;<br \/>\n                     &#8211; Limitado ao stock existente;<br \/>\n                     &#8211; Disponibilidade e pre\u00e7o carece de re-confirma\u00e7\u00e3o.<\/p>","protected":false},"excerpt":{"rendered":"<p>10,5J20 STURM\/WS2X E40 5112 66,6 BMO.E. (BMW) Compat\u00edvel com tampa central Pe\u00e7a Nr.. 36136850834 &#8211; PARA RODAS HOMOLOGADAS VERIFIQUE OS DOCUMENTOS TUVCertifica\u00e7\u00f5es: SM90-0520 WSX-WS2X-66,6Notas:<br \/>\n                     &#8211; Pre\u00e7o unit\u00e1rio;<br \/>\n                     &#8211; IVA \u00e0 taxa em vigor inclu\u00eddo no pre\u00e7o;<br \/>\n                     &#8211; Limitado ao stock existente;<br \/>\n                     &#8211; Disponibilidade e pre\u00e7o carece de re-confirma\u00e7\u00e3o.<\/p>","protected":false},"featured_media":4706,"comment_status":"closed","ping_status":"open","template":"","meta":{"_acf_changed":false},"product_brand":[],"product_cat":[939,935,933,940,936,934,941,932,937,938,944,945,946,942,943,948,950,947,951,949,955,952,956,954,957,958,953,927,928,929,930,931,635],"product_tag":[],"class_list":{"0":"post-4704","1":"product","2":"type-product","3":"status-publish","4":"has-post-thumbnail","6":"product_cat-2018-bmw-x4-2","7":"product_cat-2018-bmw-x5","8":"product_cat-2018-bmw-x3","9":"product_cat-2018-bmw-x5-2","10":"product_cat-2018-bmw-x6","11":"product_cat-2018-bmw-x4","12":"product_cat-2018-bmw-x6-2","13":"product_cat-2018-bmw-ix3","14":"product_cat-2018-bmw-ix3-2","15":"product_cat-2018-bmw-x3-2","16":"product_cat-2018-2024-bmw-x4","17":"product_cat-2018-2024-bmw-x5","18":"product_cat-2018-2024-bmw-x6","19":"product_cat-2018-2024","20":"product_cat-2018-2024-bmw-x3","21":"product_cat-2019-bmw-x3","22":"product_cat-2019-bmw-x5","23":"product_cat-947","24":"product_cat-2019-bmw-x6","25":"product_cat-2019-bmw-x4","26":"product_cat-2020-bmw-x5","27":"product_cat-2020-bmw-ix3","28":"product_cat-2020-bmw-x6","29":"product_cat-2020-bmw-x4","30":"product_cat-2020-bmw-ix3-2","31":"product_cat-2020-bmw-x3-2","32":"product_cat-2020-bmw-x3","33":"product_cat-bmw-ix3","34":"product_cat-bmw-x3","35":"product_cat-bmw-x4","36":"product_cat-bmw-x5","37":"product_cat-bmw-x6","38":"product_cat-jantes","40":"first","41":"instock","42":"purchasable","43":"product-type-simple"},"acf":[],"_links":{"self":[{"href":"https:\/\/altaroda.es\/en\/wp-json\/wp\/v2\/product\/4704","targetHints":{"allow":["GET"]}}],"collection":[{"href":"https:\/\/altaroda.es\/en\/wp-json\/wp\/v2\/product"}],"about":[{"href":"https:\/\/altaroda.es\/en\/wp-json\/wp\/v2\/types\/product"}],"replies":[{"embeddable":true,"href":"https:\/\/altaroda.es\/en\/wp-json\/wp\/v2\/comments?post=4704"}],"version-history":[{"count":1,"href":"https:\/\/altaroda.es\/en\/wp-json\/wp\/v2\/product\/4704\/revisions"}],"predecessor-version":[{"id":4705,"href":"https:\/\/altaroda.es\/en\/wp-json\/wp\/v2\/product\/4704\/revisions\/4705"}],"wp:featuredmedia":[{"embeddable":true,"href":"https:\/\/altaroda.es\/en\/wp-json\/wp\/v2\/media\/4706"}],"wp:attachment":[{"href":"https:\/\/altaroda.es\/en\/wp-json\/wp\/v2\/media?parent=4704"}],"wp:term":[{"taxonomy":"product_brand","embeddable":true,"href":"https:\/\/altaroda.es\/en\/wp-json\/wp\/v2\/product_brand?post=4704"},{"taxonomy":"product_cat","embeddable":true,"href":"https:\/\/altaroda.es\/en\/wp-json\/wp\/v2\/product_cat?post=4704"},{"taxonomy":"product_tag","embeddable":true,"href":"https:\/\/altaroda.es\/en\/wp-json\/wp\/v2\/product_tag?post=4704"}],"curies":[{"name":"wp","href":"https:\/\/api.w.org\/{rel}","templated":true}]}}