{"id":4689,"date":"2025-06-08T13:36:52","date_gmt":"2025-06-08T13:36:52","guid":{"rendered":"https:\/\/altaroda.es\/product\/koln-18-gloss-black\/"},"modified":"2025-06-08T13:36:53","modified_gmt":"2025-06-08T13:36:53","slug":"koln-18-gloss-black","status":"publish","type":"product","link":"https:\/\/altaroda.es\/en\/product\/koln-18-gloss-black\/","title":{"rendered":"KOLN 18 GLOSS BLACK"},"content":{"rendered":"<p>8J18 KOLN\/KS2X ET35 5X130 66,45 GBLO.E. (AUDI) Compat\u00edvel com tampa central Pe\u00e7a Nr.. 8W0601170 &#8211; Pe\u00e7a Nr.. 8W0601170A &#8211; FRENTE &#8211; PARA RODAS HOMOLOGADAS VERIFIQUE OS DOCUMENTOS TUVCertifica\u00e7\u00f5es: HI80-9080 KS2X-KS3X-66,45Notas:<br \/>\n                     &#8211; Pre\u00e7o unit\u00e1rio;<br \/>\n                     &#8211; IVA \u00e0 taxa em vigor inclu\u00eddo no pre\u00e7o;<br \/>\n                     &#8211; Limitado ao stock existente;<br \/>\n                     &#8211; Disponibilidade e pre\u00e7o carece de re-confirma\u00e7\u00e3o.<\/p>","protected":false},"excerpt":{"rendered":"<p>8J18 KOLN\/KS2X ET35 5X130 66,45 GBLO.E. (AUDI) Compat\u00edvel com tampa central Pe\u00e7a Nr.. 8W0601170 &#8211; Pe\u00e7a Nr.. 8W0601170A &#8211; FRENTE &#8211; PARA RODAS HOMOLOGADAS VERIFIQUE OS DOCUMENTOS TUVCertifica\u00e7\u00f5es: HI80-9080 KS2X-KS3X-66,45Notas:<br \/>\n                     &#8211; Pre\u00e7o unit\u00e1rio;<br \/>\n                     &#8211; IVA \u00e0 taxa em vigor inclu\u00eddo no pre\u00e7o;<br \/>\n                     &#8211; Limitado ao stock existente;<br \/>\n                     &#8211; Disponibilidade e pre\u00e7o carece de re-confirma\u00e7\u00e3o.<\/p>","protected":false},"featured_media":4691,"comment_status":"closed","ping_status":"open","template":"","meta":{"_acf_changed":false},"product_brand":[],"product_cat":[649,648,635],"product_tag":[],"class_list":{"0":"post-4689","1":"product","2":"type-product","3":"status-publish","4":"has-post-thumbnail","6":"product_cat-2024-audi-q6-gf-sq6-gf","7":"product_cat-audi-q6-gf-sq6-gf","8":"product_cat-jantes","10":"first","11":"instock","12":"purchasable","13":"product-type-simple"},"acf":[],"_links":{"self":[{"href":"https:\/\/altaroda.es\/en\/wp-json\/wp\/v2\/product\/4689","targetHints":{"allow":["GET"]}}],"collection":[{"href":"https:\/\/altaroda.es\/en\/wp-json\/wp\/v2\/product"}],"about":[{"href":"https:\/\/altaroda.es\/en\/wp-json\/wp\/v2\/types\/product"}],"replies":[{"embeddable":true,"href":"https:\/\/altaroda.es\/en\/wp-json\/wp\/v2\/comments?post=4689"}],"version-history":[{"count":1,"href":"https:\/\/altaroda.es\/en\/wp-json\/wp\/v2\/product\/4689\/revisions"}],"predecessor-version":[{"id":4690,"href":"https:\/\/altaroda.es\/en\/wp-json\/wp\/v2\/product\/4689\/revisions\/4690"}],"wp:featuredmedia":[{"embeddable":true,"href":"https:\/\/altaroda.es\/en\/wp-json\/wp\/v2\/media\/4691"}],"wp:attachment":[{"href":"https:\/\/altaroda.es\/en\/wp-json\/wp\/v2\/media?parent=4689"}],"wp:term":[{"taxonomy":"product_brand","embeddable":true,"href":"https:\/\/altaroda.es\/en\/wp-json\/wp\/v2\/product_brand?post=4689"},{"taxonomy":"product_cat","embeddable":true,"href":"https:\/\/altaroda.es\/en\/wp-json\/wp\/v2\/product_cat?post=4689"},{"taxonomy":"product_tag","embeddable":true,"href":"https:\/\/altaroda.es\/en\/wp-json\/wp\/v2\/product_tag?post=4689"}],"curies":[{"name":"wp","href":"https:\/\/api.w.org\/{rel}","templated":true}]}}