{"id":4656,"date":"2025-06-08T13:36:44","date_gmt":"2025-06-08T13:36:44","guid":{"rendered":"https:\/\/altaroda.es\/product\/overland-16-gloss-black-mirror-ring-2\/"},"modified":"2025-06-08T13:36:45","modified_gmt":"2025-06-08T13:36:45","slug":"overland-16-gloss-black-mirror-ring-2","status":"publish","type":"product","link":"https:\/\/altaroda.es\/en\/product\/overland-16-gloss-black-mirror-ring-2\/","title":{"rendered":"OVERLAND 16 GLOSS BLACK MIRROR RING"},"content":{"rendered":"<p>6,5J16 OVERLA\/KZ2 E65 5130 78,1 BMLFIAT DUCATO COM RODA DE 16 DE S\u00c9RIE  &#8211; PER TYPE 230\/244 KIT PARAFUSUS MAK DIFERENTES DOS ORIGINAIS &#8211; FOR TYPE 230\/244 KIT MAK BOLTS DIFFERENT THAN ORIGINALNotas:<br \/>\n                     &#8211; Pre\u00e7o unit\u00e1rio;<br \/>\n                     &#8211; IVA \u00e0 taxa em vigor inclu\u00eddo no pre\u00e7o;<br \/>\n                     &#8211; Limitado ao stock existente;<br \/>\n                     &#8211; Disponibilidade e pre\u00e7o carece de re-confirma\u00e7\u00e3o.<\/p>","protected":false},"excerpt":{"rendered":"<p>6,5J16 OVERLA\/KZ2 E65 5130 78,1 BMLFIAT DUCATO COM RODA DE 16 DE S\u00c9RIE  &#8211; PER TYPE 230\/244 KIT PARAFUSUS MAK DIFERENTES DOS ORIGINAIS &#8211; FOR TYPE 230\/244 KIT MAK BOLTS DIFFERENT THAN ORIGINALNotas:<br \/>\n                     &#8211; Pre\u00e7o unit\u00e1rio;<br \/>\n                     &#8211; IVA \u00e0 taxa em vigor inclu\u00eddo no pre\u00e7o;<br \/>\n                     &#8211; Limitado ao stock existente;<br \/>\n                     &#8211; Disponibilidade e pre\u00e7o carece de re-confirma\u00e7\u00e3o.<\/p>","protected":false},"featured_media":4658,"comment_status":"closed","ping_status":"open","template":"","meta":{"_acf_changed":false},"product_brand":[],"product_cat":[684,683,682,690,687,688,686,689,685,679,680,681,635],"product_tag":[],"class_list":{"0":"post-4656","1":"product","2":"type-product","3":"status-publish","4":"has-post-thumbnail","6":"product_cat-03-2002-06-2006-fiat-ducato-n1","7":"product_cat-03-2002-06-2006-citroen-ds-e-jumper-n1-pcd-130","8":"product_cat-03-2002-06-2006","9":"product_cat-2022-fiat-ducato-n1-2","10":"product_cat-2022-fiat-ducato-n1","11":"product_cat-2022-citroen-ds-e-jumper-m1-pcd-130","12":"product_cat-2022-citroen-ds-e-jumper-n1-pcd-130","13":"product_cat-2022-citroen-ds-e-jumper-n1-pcd-130-2","14":"product_cat-685","15":"product_cat-citroen-ds-e-jumper-m1-pcd-130","16":"product_cat-citroen-ds-e-jumper-n1-pcd-130","17":"product_cat-fiat-ducato-n1","18":"product_cat-jantes","20":"first","21":"instock","22":"purchasable","23":"product-type-simple"},"acf":[],"_links":{"self":[{"href":"https:\/\/altaroda.es\/en\/wp-json\/wp\/v2\/product\/4656","targetHints":{"allow":["GET"]}}],"collection":[{"href":"https:\/\/altaroda.es\/en\/wp-json\/wp\/v2\/product"}],"about":[{"href":"https:\/\/altaroda.es\/en\/wp-json\/wp\/v2\/types\/product"}],"replies":[{"embeddable":true,"href":"https:\/\/altaroda.es\/en\/wp-json\/wp\/v2\/comments?post=4656"}],"version-history":[{"count":1,"href":"https:\/\/altaroda.es\/en\/wp-json\/wp\/v2\/product\/4656\/revisions"}],"predecessor-version":[{"id":4657,"href":"https:\/\/altaroda.es\/en\/wp-json\/wp\/v2\/product\/4656\/revisions\/4657"}],"wp:featuredmedia":[{"embeddable":true,"href":"https:\/\/altaroda.es\/en\/wp-json\/wp\/v2\/media\/4658"}],"wp:attachment":[{"href":"https:\/\/altaroda.es\/en\/wp-json\/wp\/v2\/media?parent=4656"}],"wp:term":[{"taxonomy":"product_brand","embeddable":true,"href":"https:\/\/altaroda.es\/en\/wp-json\/wp\/v2\/product_brand?post=4656"},{"taxonomy":"product_cat","embeddable":true,"href":"https:\/\/altaroda.es\/en\/wp-json\/wp\/v2\/product_cat?post=4656"},{"taxonomy":"product_tag","embeddable":true,"href":"https:\/\/altaroda.es\/en\/wp-json\/wp\/v2\/product_tag?post=4656"}],"curies":[{"name":"wp","href":"https:\/\/api.w.org\/{rel}","templated":true}]}}