{"id":4638,"date":"2025-06-08T13:27:56","date_gmt":"2025-06-08T13:27:56","guid":{"rendered":"https:\/\/altaroda.es\/product\/apx-18-gloss-black\/"},"modified":"2025-06-08T13:28:24","modified_gmt":"2025-06-08T13:28:24","slug":"apx-18-gloss-black","status":"publish","type":"product","link":"https:\/\/altaroda.es\/en\/product\/apx-18-gloss-black\/","title":{"rendered":"APX 18 GLOSS BLACK"},"content":{"rendered":"<p>7,5J18 APX\/VW3X ET45 5X112 57,1 GLBNotas:<br \/>\n                     &#8211; Pre\u00e7o unit\u00e1rio;<br \/>\n                     &#8211; IVA \u00e0 taxa em vigor inclu\u00eddo no pre\u00e7o;<br \/>\n                     &#8211; Limitado ao stock existente;<br \/>\n                     &#8211; Disponibilidade e pre\u00e7o carece de re-confirma\u00e7\u00e3o.<\/p>","protected":false},"excerpt":{"rendered":"<p>7,5J18 APX\/VW3X ET45 5X112 57,1 GLBNotas:<br \/>\n                     &#8211; Pre\u00e7o unit\u00e1rio;<br \/>\n                     &#8211; IVA \u00e0 taxa em vigor inclu\u00eddo no pre\u00e7o;<br \/>\n                     &#8211; Limitado ao stock existente;<br \/>\n                     &#8211; Disponibilidade e pre\u00e7o carece de re-confirma\u00e7\u00e3o.<\/p>","protected":false},"featured_media":4640,"comment_status":"closed","ping_status":"open","template":"","meta":{"_acf_changed":false},"product_brand":[],"product_cat":[643,642,644,645,646,647,640,635,641],"product_tag":[],"class_list":{"0":"post-4638","1":"product","2":"type-product","3":"status-publish","4":"has-post-thumbnail","6":"product_cat-2011-2014-mg-mg4-xpower-electric-vehicle-mg4-trophy-extended-range","7":"product_cat-2011-2014","8":"product_cat-644","9":"product_cat-2024-mg-mg4-xpower-electric-vehicle-mg4-trophy-extended-range","10":"product_cat-2024-audi-rs3","11":"product_cat-2024-mg-mg4-xpower-electric-vehicle-mg4-trophy-extended-range-2","12":"product_cat-audi-rs3","13":"product_cat-jantes","14":"product_cat-mg-mg4-xpower-electric-vehicle-mg4-trophy-extended-range","16":"first","17":"instock","18":"purchasable","19":"product-type-simple"},"acf":[],"_links":{"self":[{"href":"https:\/\/altaroda.es\/en\/wp-json\/wp\/v2\/product\/4638","targetHints":{"allow":["GET"]}}],"collection":[{"href":"https:\/\/altaroda.es\/en\/wp-json\/wp\/v2\/product"}],"about":[{"href":"https:\/\/altaroda.es\/en\/wp-json\/wp\/v2\/types\/product"}],"replies":[{"embeddable":true,"href":"https:\/\/altaroda.es\/en\/wp-json\/wp\/v2\/comments?post=4638"}],"version-history":[{"count":1,"href":"https:\/\/altaroda.es\/en\/wp-json\/wp\/v2\/product\/4638\/revisions"}],"predecessor-version":[{"id":4639,"href":"https:\/\/altaroda.es\/en\/wp-json\/wp\/v2\/product\/4638\/revisions\/4639"}],"wp:featuredmedia":[{"embeddable":true,"href":"https:\/\/altaroda.es\/en\/wp-json\/wp\/v2\/media\/4640"}],"wp:attachment":[{"href":"https:\/\/altaroda.es\/en\/wp-json\/wp\/v2\/media?parent=4638"}],"wp:term":[{"taxonomy":"product_brand","embeddable":true,"href":"https:\/\/altaroda.es\/en\/wp-json\/wp\/v2\/product_brand?post=4638"},{"taxonomy":"product_cat","embeddable":true,"href":"https:\/\/altaroda.es\/en\/wp-json\/wp\/v2\/product_cat?post=4638"},{"taxonomy":"product_tag","embeddable":true,"href":"https:\/\/altaroda.es\/en\/wp-json\/wp\/v2\/product_tag?post=4638"}],"curies":[{"name":"wp","href":"https:\/\/api.w.org\/{rel}","templated":true}]}}