{"id":4417,"date":"2025-05-26T15:40:13","date_gmt":"2025-05-26T15:40:13","guid":{"rendered":"https:\/\/altaroda.es\/product\/botao-interruptor-travao-de-mao-eletrico-bmw-z4-e89-2009-2015\/"},"modified":"2025-05-26T15:41:22","modified_gmt":"2025-05-26T15:41:22","slug":"botao-interruptor-travao-de-mao-eletrico-bmw-z4-e89-2009-2015","status":"publish","type":"product","link":"https:\/\/altaroda.es\/en\/product\/botao-interruptor-travao-de-mao-eletrico-bmw-z4-e89-2009-2015\/","title":{"rendered":"Bot\u00e3o Interruptor Trav\u00e3o de M\u00e3o El\u00e9trico BMW Z4 E89 2009-2015"},"content":{"rendered":"","protected":false},"excerpt":{"rendered":"","protected":false},"featured_media":4419,"comment_status":"closed","ping_status":"open","template":"","meta":{"_acf_changed":false},"product_brand":[168,621],"product_cat":[249],"product_tag":[],"class_list":{"0":"post-4417","1":"product","2":"type-product","3":"status-publish","4":"has-post-thumbnail","6":"product_brand-bmw","7":"product_brand-z4-e89","8":"product_cat-botoes","10":"first","11":"instock","12":"purchasable","13":"product-type-simple"},"acf":[],"_links":{"self":[{"href":"https:\/\/altaroda.es\/en\/wp-json\/wp\/v2\/product\/4417","targetHints":{"allow":["GET"]}}],"collection":[{"href":"https:\/\/altaroda.es\/en\/wp-json\/wp\/v2\/product"}],"about":[{"href":"https:\/\/altaroda.es\/en\/wp-json\/wp\/v2\/types\/product"}],"replies":[{"embeddable":true,"href":"https:\/\/altaroda.es\/en\/wp-json\/wp\/v2\/comments?post=4417"}],"version-history":[{"count":1,"href":"https:\/\/altaroda.es\/en\/wp-json\/wp\/v2\/product\/4417\/revisions"}],"predecessor-version":[{"id":4418,"href":"https:\/\/altaroda.es\/en\/wp-json\/wp\/v2\/product\/4417\/revisions\/4418"}],"wp:featuredmedia":[{"embeddable":true,"href":"https:\/\/altaroda.es\/en\/wp-json\/wp\/v2\/media\/4419"}],"wp:attachment":[{"href":"https:\/\/altaroda.es\/en\/wp-json\/wp\/v2\/media?parent=4417"}],"wp:term":[{"taxonomy":"product_brand","embeddable":true,"href":"https:\/\/altaroda.es\/en\/wp-json\/wp\/v2\/product_brand?post=4417"},{"taxonomy":"product_cat","embeddable":true,"href":"https:\/\/altaroda.es\/en\/wp-json\/wp\/v2\/product_cat?post=4417"},{"taxonomy":"product_tag","embeddable":true,"href":"https:\/\/altaroda.es\/en\/wp-json\/wp\/v2\/product_tag?post=4417"}],"curies":[{"name":"wp","href":"https:\/\/api.w.org\/{rel}","templated":true}]}}