{"id":4395,"date":"2025-05-26T15:40:13","date_gmt":"2025-05-26T15:40:13","guid":{"rendered":"https:\/\/altaroda.es\/product\/botao-travao-de-mao-eletrico-mercedes-benz-classe-a-b-gla-cla-ml-gl-gle-slk-slc-2011-2019\/"},"modified":"2025-05-26T15:41:03","modified_gmt":"2025-05-26T15:41:03","slug":"botao-travao-de-mao-eletrico-mercedes-benz-classe-a-b-gla-cla-ml-gl-gle-slk-slc-2011-2019","status":"publish","type":"product","link":"https:\/\/altaroda.es\/en\/product\/botao-travao-de-mao-eletrico-mercedes-benz-classe-a-b-gla-cla-ml-gl-gle-slk-slc-2011-2019\/","title":{"rendered":"Bot\u00e3o Trav\u00e3o de M\u00e3o El\u00e9trico Mercedes-Benz Classe A B GLA CLA ML GL GLE SLK SLC 2011-2019"},"content":{"rendered":"","protected":false},"excerpt":{"rendered":"","protected":false},"featured_media":4397,"comment_status":"closed","ping_status":"open","template":"","meta":{"_acf_changed":false},"product_brand":[241,242,243,244,172,372],"product_cat":[249],"product_tag":[],"class_list":{"0":"post-4395","1":"product","2":"type-product","3":"status-publish","4":"has-post-thumbnail","6":"product_brand-cla-w117","7":"product_brand-classe-a-w176","8":"product_brand-classe-b-w246","9":"product_brand-gla-w156","10":"product_brand-mercedes-benz","11":"product_brand-slk-w172","12":"product_cat-botoes","14":"first","15":"instock","16":"purchasable","17":"product-type-simple"},"acf":[],"_links":{"self":[{"href":"https:\/\/altaroda.es\/en\/wp-json\/wp\/v2\/product\/4395","targetHints":{"allow":["GET"]}}],"collection":[{"href":"https:\/\/altaroda.es\/en\/wp-json\/wp\/v2\/product"}],"about":[{"href":"https:\/\/altaroda.es\/en\/wp-json\/wp\/v2\/types\/product"}],"replies":[{"embeddable":true,"href":"https:\/\/altaroda.es\/en\/wp-json\/wp\/v2\/comments?post=4395"}],"version-history":[{"count":1,"href":"https:\/\/altaroda.es\/en\/wp-json\/wp\/v2\/product\/4395\/revisions"}],"predecessor-version":[{"id":4396,"href":"https:\/\/altaroda.es\/en\/wp-json\/wp\/v2\/product\/4395\/revisions\/4396"}],"wp:featuredmedia":[{"embeddable":true,"href":"https:\/\/altaroda.es\/en\/wp-json\/wp\/v2\/media\/4397"}],"wp:attachment":[{"href":"https:\/\/altaroda.es\/en\/wp-json\/wp\/v2\/media?parent=4395"}],"wp:term":[{"taxonomy":"product_brand","embeddable":true,"href":"https:\/\/altaroda.es\/en\/wp-json\/wp\/v2\/product_brand?post=4395"},{"taxonomy":"product_cat","embeddable":true,"href":"https:\/\/altaroda.es\/en\/wp-json\/wp\/v2\/product_cat?post=4395"},{"taxonomy":"product_tag","embeddable":true,"href":"https:\/\/altaroda.es\/en\/wp-json\/wp\/v2\/product_tag?post=4395"}],"curies":[{"name":"wp","href":"https:\/\/api.w.org\/{rel}","templated":true}]}}