{"id":3094,"date":"2025-05-26T15:21:00","date_gmt":"2025-05-26T15:21:00","guid":{"rendered":"https:\/\/altaroda.es\/product\/moldura-cromada-moca-caixa-automatica-bmw-serie-1-2-3-4-5-7-x1-x3-x4-x5-x6-f20-f22-f36-f15-f16-f25-versao-1\/"},"modified":"2025-05-26T15:22:43","modified_gmt":"2025-05-26T15:22:43","slug":"moldura-cromada-moca-caixa-automatica-bmw-serie-1-2-3-4-5-7-x1-x3-x4-x5-x6-f20-f22-f36-f15-f16-f25-versao-1","status":"publish","type":"product","link":"https:\/\/altaroda.es\/en\/product\/moldura-cromada-moca-caixa-automatica-bmw-serie-1-2-3-4-5-7-x1-x3-x4-x5-x6-f20-f22-f36-f15-f16-f25-versao-1\/","title":{"rendered":"Moldura Cromada Moca Caixa Autom\u00e1tica BMW S\u00e9rie 1 2 3 4 5 7 X1 X3 X4 X5 X6 F20 F22 F36 F15 F16 F25 Vers\u00e3o 1"},"content":{"rendered":"","protected":false},"excerpt":{"rendered":"","protected":false},"featured_media":3096,"comment_status":"closed","ping_status":"open","template":"","meta":{"_acf_changed":false},"product_brand":[168,487,488,334,333,298,180,299,366,169,489,490,491,492,493],"product_cat":[494],"product_tag":[],"class_list":{"0":"post-3094","1":"product","2":"type-product","3":"status-publish","4":"has-post-thumbnail","6":"product_brand-bmw","7":"product_brand-serie-1-f20-f21","8":"product_brand-serie-2-f22-f23","9":"product_brand-serie-3-f30-f31-f34-f35","10":"product_brand-serie-4-f32-f33-f36-f82-f83","11":"product_brand-serie-5-f10-f11-f18","12":"product_brand-serie-5-gt-f07","13":"product_brand-serie-6-f06-f12","14":"product_brand-serie-6gt-g32","15":"product_brand-serie-7-f01-f02-f04","16":"product_brand-x1-f48-f49","17":"product_brand-x3-f25","18":"product_brand-x4-f26","19":"product_brand-x5-f15","20":"product_brand-x6-f16","21":"product_cat-molduras-alavancas-de-velocidade","23":"first","24":"instock","25":"purchasable","26":"product-type-simple"},"acf":[],"_links":{"self":[{"href":"https:\/\/altaroda.es\/en\/wp-json\/wp\/v2\/product\/3094","targetHints":{"allow":["GET"]}}],"collection":[{"href":"https:\/\/altaroda.es\/en\/wp-json\/wp\/v2\/product"}],"about":[{"href":"https:\/\/altaroda.es\/en\/wp-json\/wp\/v2\/types\/product"}],"replies":[{"embeddable":true,"href":"https:\/\/altaroda.es\/en\/wp-json\/wp\/v2\/comments?post=3094"}],"version-history":[{"count":1,"href":"https:\/\/altaroda.es\/en\/wp-json\/wp\/v2\/product\/3094\/revisions"}],"predecessor-version":[{"id":3095,"href":"https:\/\/altaroda.es\/en\/wp-json\/wp\/v2\/product\/3094\/revisions\/3095"}],"wp:featuredmedia":[{"embeddable":true,"href":"https:\/\/altaroda.es\/en\/wp-json\/wp\/v2\/media\/3096"}],"wp:attachment":[{"href":"https:\/\/altaroda.es\/en\/wp-json\/wp\/v2\/media?parent=3094"}],"wp:term":[{"taxonomy":"product_brand","embeddable":true,"href":"https:\/\/altaroda.es\/en\/wp-json\/wp\/v2\/product_brand?post=3094"},{"taxonomy":"product_cat","embeddable":true,"href":"https:\/\/altaroda.es\/en\/wp-json\/wp\/v2\/product_cat?post=3094"},{"taxonomy":"product_tag","embeddable":true,"href":"https:\/\/altaroda.es\/en\/wp-json\/wp\/v2\/product_tag?post=3094"}],"curies":[{"name":"wp","href":"https:\/\/api.w.org\/{rel}","templated":true}]}}