{"id":1673,"date":"2025-05-26T15:10:59","date_gmt":"2025-05-26T15:10:59","guid":{"rendered":"https:\/\/altaroda.es\/product\/interruptor-travao-de-mao-eletrico-amarelo-porsche-panamera-2010-2016\/"},"modified":"2025-05-26T15:11:02","modified_gmt":"2025-05-26T15:11:02","slug":"interruptor-travao-de-mao-eletrico-amarelo-porsche-panamera-2010-2016","status":"publish","type":"product","link":"https:\/\/altaroda.es\/en\/product\/interruptor-travao-de-mao-eletrico-amarelo-porsche-panamera-2010-2016\/","title":{"rendered":"Interruptor Trav\u00e3o de M\u00e3o El\u00e9trico Amarelo Porsche Panamera 2010-2016"},"content":{"rendered":"","protected":false},"excerpt":{"rendered":"","protected":false},"featured_media":1675,"comment_status":"closed","ping_status":"open","template":"","meta":{"_acf_changed":false},"product_brand":[260,259],"product_cat":[248],"product_tag":[],"class_list":{"0":"post-1673","1":"product","2":"type-product","3":"status-publish","4":"has-post-thumbnail","6":"product_brand-panamera","7":"product_brand-porsche","8":"product_cat-interruptores","10":"first","11":"instock","12":"purchasable","13":"product-type-simple"},"acf":[],"_links":{"self":[{"href":"https:\/\/altaroda.es\/en\/wp-json\/wp\/v2\/product\/1673","targetHints":{"allow":["GET"]}}],"collection":[{"href":"https:\/\/altaroda.es\/en\/wp-json\/wp\/v2\/product"}],"about":[{"href":"https:\/\/altaroda.es\/en\/wp-json\/wp\/v2\/types\/product"}],"replies":[{"embeddable":true,"href":"https:\/\/altaroda.es\/en\/wp-json\/wp\/v2\/comments?post=1673"}],"version-history":[{"count":1,"href":"https:\/\/altaroda.es\/en\/wp-json\/wp\/v2\/product\/1673\/revisions"}],"predecessor-version":[{"id":1674,"href":"https:\/\/altaroda.es\/en\/wp-json\/wp\/v2\/product\/1673\/revisions\/1674"}],"wp:featuredmedia":[{"embeddable":true,"href":"https:\/\/altaroda.es\/en\/wp-json\/wp\/v2\/media\/1675"}],"wp:attachment":[{"href":"https:\/\/altaroda.es\/en\/wp-json\/wp\/v2\/media?parent=1673"}],"wp:term":[{"taxonomy":"product_brand","embeddable":true,"href":"https:\/\/altaroda.es\/en\/wp-json\/wp\/v2\/product_brand?post=1673"},{"taxonomy":"product_cat","embeddable":true,"href":"https:\/\/altaroda.es\/en\/wp-json\/wp\/v2\/product_cat?post=1673"},{"taxonomy":"product_tag","embeddable":true,"href":"https:\/\/altaroda.es\/en\/wp-json\/wp\/v2\/product_tag?post=1673"}],"curies":[{"name":"wp","href":"https:\/\/api.w.org\/{rel}","templated":true}]}}