{"id":1052,"date":"2025-04-22T22:15:53","date_gmt":"2025-04-22T22:15:53","guid":{"rendered":"https:\/\/altaroda.es\/?post_type=product&#038;p=1052"},"modified":"2025-04-22T22:15:53","modified_gmt":"2025-04-22T22:15:53","slug":"soporte-de-alineacion-para-elevador-de-2-columnas","status":"publish","type":"product","link":"https:\/\/altaroda.es\/en\/product\/soporte-de-alineacion-para-elevador-de-2-columnas\/","title":{"rendered":"Soporte de alineaci\u00f3n para elevador de 2 columnas"},"content":{"rendered":"<p>Conjunto de caballetes m\u00f3viles con estructura robusta y pintura electrost\u00e1tica, proporcionando al ambiente seguridad y un agradable impacto visual.<br \/>\nOfrece comodidad al operador cuando realiza reparaciones en la parte inferior del veh\u00edculo y una postura erguida cuando trabaja en la parte exterior, proporcionando mejor desempe\u00f1o y agilidad en el trabajo.<\/p>\n<p>Su sistema de nivelaci\u00f3n y apoyo en el suelo, con radio de 1 metro, confiere al equipo de alineaci\u00f3n precisi\u00f3n y no permite que tome medidas inexactas.<\/p>\n<p>&nbsp;<\/p>\n<p><strong>Caracter\u00edsticas:<\/strong><\/p>\n<p>:: Cuatro caballetes m\u00f3viles;<\/p>\n<p>:: Utilizado en varios tipos de ascensores;<\/p>\n<p>Puede utilizarse junto con la alineaci\u00f3n l\u00e1ser o la alineaci\u00f3n digital;<\/p>\n<p>:: Tiene un conjunto de ruedas para facilitar el movimiento alrededor del taller;<\/p>\n<p>:: Altura del caballete: 1000mm.<\/p>","protected":false},"excerpt":{"rendered":"<p>Conjunto de caballetes m\u00f3viles con estructura robusta y pintura electrost\u00e1tica, proporcionando al ambiente seguridad y un agradable impacto visual.<\/p>","protected":false},"featured_media":0,"comment_status":"open","ping_status":"closed","template":"","meta":{"_acf_changed":false},"product_brand":[],"product_cat":[42],"product_tag":[147],"class_list":{"0":"post-1052","1":"product","2":"type-product","3":"status-publish","5":"product_cat-equipamiento","6":"product_tag-caballetes","8":"first","9":"instock","10":"taxable","11":"shipping-taxable","12":"purchasable","13":"product-type-simple"},"acf":[],"_links":{"self":[{"href":"https:\/\/altaroda.es\/en\/wp-json\/wp\/v2\/product\/1052","targetHints":{"allow":["GET"]}}],"collection":[{"href":"https:\/\/altaroda.es\/en\/wp-json\/wp\/v2\/product"}],"about":[{"href":"https:\/\/altaroda.es\/en\/wp-json\/wp\/v2\/types\/product"}],"replies":[{"embeddable":true,"href":"https:\/\/altaroda.es\/en\/wp-json\/wp\/v2\/comments?post=1052"}],"version-history":[{"count":0,"href":"https:\/\/altaroda.es\/en\/wp-json\/wp\/v2\/product\/1052\/revisions"}],"wp:attachment":[{"href":"https:\/\/altaroda.es\/en\/wp-json\/wp\/v2\/media?parent=1052"}],"wp:term":[{"taxonomy":"product_brand","embeddable":true,"href":"https:\/\/altaroda.es\/en\/wp-json\/wp\/v2\/product_brand?post=1052"},{"taxonomy":"product_cat","embeddable":true,"href":"https:\/\/altaroda.es\/en\/wp-json\/wp\/v2\/product_cat?post=1052"},{"taxonomy":"product_tag","embeddable":true,"href":"https:\/\/altaroda.es\/en\/wp-json\/wp\/v2\/product_tag?post=1052"}],"curies":[{"name":"wp","href":"https:\/\/api.w.org\/{rel}","templated":true}]}}