{"id":1039,"date":"2025-04-22T22:01:24","date_gmt":"2025-04-22T22:01:24","guid":{"rendered":"https:\/\/altaroda.es\/?post_type=product&#038;p=1039"},"modified":"2025-04-22T22:01:24","modified_gmt":"2025-04-22T22:01:24","slug":"roton-pro-limpieza-de-ruedas-5l","status":"publish","type":"product","link":"https:\/\/altaroda.es\/en\/product\/roton-pro-limpieza-de-ruedas-5l\/","title":{"rendered":"Roton Pro &#8211; Limpieza de ruedas 5L"},"content":{"rendered":"<p>K2 ROTON PRO se ha convertido en un \u00e9xito de ventas incluso antes de que la primera botella salga de producci\u00f3n. Especialmente dise\u00f1ado y formulado de forma \u00fanica, este producto har\u00e1 las delicias de cualquiera que tenga la oportunidad de enfrentarse a cualquier reto con la suciedad de las llantas\/ruedas. So\u00f1ador e inflexible, naci\u00f3 de la pasi\u00f3n y la experiencia. Esto es lo que define a K2-CAR ROTON PRO.<\/p>\n<p>K2 ROTON PRO es un excelente limpiador de llantas\/ruedas con efecto sangrado. La excelente consistencia del gel elimina la suciedad de las llantas de aluminio, cromadas y pintadas de forma espectacular.<\/p>\n<p>La gruesa capa de gel elimina f\u00e1cilmente el barro de las pastillas de freno y la suciedad de la propia carretera. El \u00abefecto sangrado\u00bb rojo demuestra la reacci\u00f3n qu\u00edmica con la suciedad, mostrando la eficacia de la limpieza y permiti\u00e9ndole controlar el proceso de limpieza.<\/p>","protected":false},"excerpt":{"rendered":"<p>K2 ROTON PRO es un excelente limpiador de llantas\/ruedas con efecto sangrado.<\/p>","protected":false},"featured_media":0,"comment_status":"open","ping_status":"closed","template":"","meta":{"_acf_changed":false},"product_brand":[136],"product_cat":[16],"product_tag":[138,139,137,60],"class_list":{"0":"post-1039","1":"product","2":"type-product","3":"status-publish","5":"product_brand-k2","6":"product_cat-uncategorized","7":"product_tag-limpieza","8":"product_tag-pro","9":"product_tag-roton","10":"product_tag-ruedas","12":"first","13":"instock","14":"taxable","15":"shipping-taxable","16":"purchasable","17":"product-type-simple"},"acf":[],"_links":{"self":[{"href":"https:\/\/altaroda.es\/en\/wp-json\/wp\/v2\/product\/1039","targetHints":{"allow":["GET"]}}],"collection":[{"href":"https:\/\/altaroda.es\/en\/wp-json\/wp\/v2\/product"}],"about":[{"href":"https:\/\/altaroda.es\/en\/wp-json\/wp\/v2\/types\/product"}],"replies":[{"embeddable":true,"href":"https:\/\/altaroda.es\/en\/wp-json\/wp\/v2\/comments?post=1039"}],"version-history":[{"count":0,"href":"https:\/\/altaroda.es\/en\/wp-json\/wp\/v2\/product\/1039\/revisions"}],"wp:attachment":[{"href":"https:\/\/altaroda.es\/en\/wp-json\/wp\/v2\/media?parent=1039"}],"wp:term":[{"taxonomy":"product_brand","embeddable":true,"href":"https:\/\/altaroda.es\/en\/wp-json\/wp\/v2\/product_brand?post=1039"},{"taxonomy":"product_cat","embeddable":true,"href":"https:\/\/altaroda.es\/en\/wp-json\/wp\/v2\/product_cat?post=1039"},{"taxonomy":"product_tag","embeddable":true,"href":"https:\/\/altaroda.es\/en\/wp-json\/wp\/v2\/product_tag?post=1039"}],"curies":[{"name":"wp","href":"https:\/\/api.w.org\/{rel}","templated":true}]}}