{"id":3,"date":"2025-03-11T10:16:37","date_gmt":"2025-03-11T10:16:37","guid":{"rendered":"http:\/\/altaroda.es\/?page_id=3"},"modified":"2025-04-22T13:49:43","modified_gmt":"2025-04-22T13:49:43","slug":"politica-de-privacidad","status":"publish","type":"page","link":"https:\/\/altaroda.es\/en\/politica-de-privacidad\/","title":{"rendered":"Privacy policy"},"content":{"rendered":"<div data-elementor-type=\"wp-page\" data-elementor-id=\"3\" class=\"elementor elementor-3\" data-elementor-settings=\"{&quot;ha_cmc_init_switcher&quot;:&quot;no&quot;}\" data-elementor-post-type=\"page\">\n\t\t\t\t<div class=\"elementor-element elementor-element-36b9f72f e-flex e-con-boxed e-con e-parent\" data-id=\"36b9f72f\" data-element_type=\"container\" data-settings=\"{&quot;jet_parallax_layout_list&quot;:[],&quot;_ha_eqh_enable&quot;:false}\">\n\t\t\t\t\t<div class=\"e-con-inner\">\n\t\t\t\t<div class=\"elementor-element elementor-element-1df16f1f elementor-widget elementor-widget-text-editor\" data-id=\"1df16f1f\" data-element_type=\"widget\" data-widget_type=\"text-editor.default\">\n\t\t\t\t\t\t\t\t\t\n<p class=\"wp-block-heading\">Respetamos su privacidad y le agradecemos la confianza que deposita en nosotros. En esta Pol\u00edtica de Privacidad le explicamos qui\u00e9nes somos, para qu\u00e9 fines podemos utilizar sus datos, c\u00f3mo los tratamos, con qui\u00e9n los compartimos, cu\u00e1nto tiempo los conservamos, as\u00ed como la forma de ponerse en contacto con nosotros y ejercer sus derechos.<br \/>Sus datos ser\u00e1n tratados por <strong>Altaroda IBERIA, S.L.<\/strong>, NIF B21891130, con domicilio social en Rua da Adega, n\u00ba6 4580-032 Paredes, en adelante \u00abnosotros\u00bb. Esta empresa es responsable del tratamiento de los datos personales de conformidad con el Reglamento General de Protecci\u00f3n de Datos.<br \/>Para cuestiones relacionadas con el tratamiento de sus datos personales, p\u00f3ngase en contacto con nosotros en la siguiente direcci\u00f3n de correo electr\u00f3nico: marketing@altaroda.pt.<\/p>\n<h5 class=\"wp-block-heading\"><br \/>\u00bfPor qu\u00e9 necesitamos sus datos?<\/h5>\n<p>Trataremos sus datos personales con fines de gesti\u00f3n de clientes y marketing.<br \/>La informaci\u00f3n que nos facilite tiene como \u00fanica finalidad prestarle el servicio que mejor se adapte a sus caracter\u00edsticas y necesidades. Por ello, y a efectos de entrega de pedidos y contacto con Atenci\u00f3n al Cliente, le informamos que sus datos de contacto y direcci\u00f3n ser\u00e1n cedidos a las empresas de transporte y proveedores de servicios subcontratados para la realizaci\u00f3n de los servicios contratados por sus clientes.<br \/>Trataremos sus datos para enviarle informaci\u00f3n sobre productos y servicios.<br \/>Este tratamiento de datos s\u00f3lo se llevar\u00e1 a cabo con su consentimiento, dado en el momento de registrarse. Si da su consentimiento, recibir\u00e1 comunicaciones de marketing por correo electr\u00f3nico y SMS.<\/p>\n<p>El consentimiento para el tratamiento de datos personales con fines de marketing directo puede revocarse en cualquier momento.<br \/>Sus datos se conservar\u00e1n hasta que desee eliminarlos.<\/p>\t\t\t\t\t\t\t\t<\/div>\n\t\t\t\t\t<\/div>\n\t\t\t\t<\/div>\n\t\t\t\t<\/div>","protected":false},"excerpt":{"rendered":"<p>Respetamos su privacidad y le agradecemos la confianza que deposita en nosotros. En esta Pol\u00edtica de Privacidad le explicamos qui\u00e9nes somos, para qu\u00e9 fines podemos utilizar sus datos, c\u00f3mo los tratamos, con qui\u00e9n los compartimos, cu\u00e1nto tiempo los conservamos, as\u00ed como la forma de ponerse en contacto con nosotros y ejercer sus derechos.Sus datos ser\u00e1n [&hellip;]<\/p>","protected":false},"author":2,"featured_media":0,"parent":0,"menu_order":0,"comment_status":"closed","ping_status":"closed","template":"elementor_header_footer","meta":{"_acf_changed":false,"footnotes":""},"class_list":["post-3","page","type-page","status-publish","hentry"],"acf":[],"_links":{"self":[{"href":"https:\/\/altaroda.es\/en\/wp-json\/wp\/v2\/pages\/3","targetHints":{"allow":["GET"]}}],"collection":[{"href":"https:\/\/altaroda.es\/en\/wp-json\/wp\/v2\/pages"}],"about":[{"href":"https:\/\/altaroda.es\/en\/wp-json\/wp\/v2\/types\/page"}],"author":[{"embeddable":true,"href":"https:\/\/altaroda.es\/en\/wp-json\/wp\/v2\/users\/2"}],"replies":[{"embeddable":true,"href":"https:\/\/altaroda.es\/en\/wp-json\/wp\/v2\/comments?post=3"}],"version-history":[{"count":11,"href":"https:\/\/altaroda.es\/en\/wp-json\/wp\/v2\/pages\/3\/revisions"}],"predecessor-version":[{"id":982,"href":"https:\/\/altaroda.es\/en\/wp-json\/wp\/v2\/pages\/3\/revisions\/982"}],"wp:attachment":[{"href":"https:\/\/altaroda.es\/en\/wp-json\/wp\/v2\/media?parent=3"}],"curies":[{"name":"wp","href":"https:\/\/api.w.org\/{rel}","templated":true}]}}