{"id":15,"date":"2025-03-19T12:39:37","date_gmt":"2025-03-19T12:39:37","guid":{"rendered":"https:\/\/altaroda.es\/my-account\/"},"modified":"2025-04-19T11:10:04","modified_gmt":"2025-04-19T11:10:04","slug":"mi-cuenta","status":"publish","type":"page","link":"https:\/\/altaroda.es\/en\/mi-cuenta\/","title":{"rendered":"My account"},"content":{"rendered":"<div data-elementor-type=\"wp-page\" data-elementor-id=\"15\" class=\"elementor elementor-15\" data-elementor-settings=\"{&quot;ha_cmc_init_switcher&quot;:&quot;no&quot;}\" data-elementor-post-type=\"page\">\n\t\t\t\t<div class=\"elementor-element elementor-element-48bc6fb3 e-flex e-con-boxed e-con e-parent\" data-id=\"48bc6fb3\" data-element_type=\"container\" data-settings=\"{&quot;jet_parallax_layout_list&quot;:[],&quot;_ha_eqh_enable&quot;:false}\">\n\t\t\t\t\t<div class=\"e-con-inner\">\n\t\t\t\t<div class=\"elementor-element elementor-element-098b9df elementor-hidden-tablet elementor-hidden-mobile e-my-account-tabs-vertical elementor-widget elementor-widget-woocommerce-my-account\" data-id=\"098b9df\" data-element_type=\"widget\" data-settings=\"{&quot;customize_dashboard_check&quot;:&quot;yes&quot;}\" data-widget_type=\"woocommerce-my-account.default\">\n\t\t\t\t\t<div class=\"e-my-account-tab e-my-account-tab__\">\t\t\t<div class=\"woocommerce\"><\/div>\t\t<\/div>\n\t\t\t\t\t\t<\/div>\n\t\t\t\t<div class=\"elementor-element elementor-element-491ad24 e-my-account-tabs-horizontal elementor-hidden-desktop elementor-widget elementor-widget-woocommerce-my-account\" data-id=\"491ad24\" data-element_type=\"widget\" data-settings=\"{&quot;customize_dashboard_check&quot;:&quot;yes&quot;}\" data-widget_type=\"woocommerce-my-account.default\">\n\t\t\t\t\t<div class=\"e-my-account-tab e-my-account-tab__\">\t\t\t<div class=\"woocommerce\"><\/div>\t\t<\/div>\n\t\t\t\t\t\t<\/div>\n\t\t\t\t\t<\/div>\n\t\t\t\t<\/div>\n\t\t\t\t<\/div>","protected":false},"excerpt":{"rendered":"<p>Panel de Control Pedidos Direcciones Detalles Cerrar Sesi\u00f3n Ol\u00e1 F\u00e1bio Azevedo (n\u00e3o \u00e9 F\u00e1bio Azevedo? Sair) No painel da sua conta pode ver as encomendas mais recentes, gerir as moradas de envio e de factura\u00e7\u00e3o e editar os detalhes e a senha da conta. Panel de Control Pedidos Direcciones Detalles Cerrar Sesi\u00f3n Panel de Control [&hellip;]<\/p>","protected":false},"author":2,"featured_media":0,"parent":0,"menu_order":0,"comment_status":"closed","ping_status":"closed","template":"elementor_header_footer","meta":{"_acf_changed":false,"footnotes":""},"class_list":["post-15","page","type-page","status-publish","hentry"],"acf":[],"_links":{"self":[{"href":"https:\/\/altaroda.es\/en\/wp-json\/wp\/v2\/pages\/15","targetHints":{"allow":["GET"]}}],"collection":[{"href":"https:\/\/altaroda.es\/en\/wp-json\/wp\/v2\/pages"}],"about":[{"href":"https:\/\/altaroda.es\/en\/wp-json\/wp\/v2\/types\/page"}],"author":[{"embeddable":true,"href":"https:\/\/altaroda.es\/en\/wp-json\/wp\/v2\/users\/2"}],"replies":[{"embeddable":true,"href":"https:\/\/altaroda.es\/en\/wp-json\/wp\/v2\/comments?post=15"}],"version-history":[{"count":38,"href":"https:\/\/altaroda.es\/en\/wp-json\/wp\/v2\/pages\/15\/revisions"}],"predecessor-version":[{"id":642,"href":"https:\/\/altaroda.es\/en\/wp-json\/wp\/v2\/pages\/15\/revisions\/642"}],"wp:attachment":[{"href":"https:\/\/altaroda.es\/en\/wp-json\/wp\/v2\/media?parent=15"}],"curies":[{"name":"wp","href":"https:\/\/api.w.org\/{rel}","templated":true}]}}